{"id":12452,"date":"2022-10-01T21:58:06","date_gmt":"2022-10-01T19:58:06","guid":{"rendered":"http:\/\/dev.claret.cat\/producte\/devocionario-cierre-ref25110\/"},"modified":"2026-04-17T17:05:59","modified_gmt":"2026-04-17T15:05:59","slug":"devocionario-cierre-ref25110-9783647251103","status":"publish","type":"product","link":"https:\/\/www.claret.cat\/es\/libro\/devocionario-cierre-ref25110-9783647251103\/","title":{"rendered":"DEVOCIONARIO CIERRE  (REF:25110)"},"content":{"rendered":"<p>Devocionario a color con estampaci\u00f3n en oro y cantos dorados, con 140 p\u00e1ginas impresas a color que incluyen oraciones y los misterios del rosario. Se sirven en caja estuche transparente tama\u00f1o 7&#215;10 cm.<\/p>\n","protected":false},"excerpt":{"rendered":"<p>EDICROMO<\/p>\n","protected":false},"featured_media":1097476,"template":"","meta":{"_acf_changed":false,"om_disable_all_campaigns":false,"rs_blank_template":"","rs_page_bg_color":"","slide_template_v7":"","inline_featured_image":false,"_monsterinsights_skip_tracking":false,"_monsterinsights_sitenote_active":false,"_monsterinsights_sitenote_note":"","_monsterinsights_sitenote_category":0},"product_brand":[],"product_cat":[77,343,216,475],"product_tag":[],"class_list":{"0":"post-12452","1":"product","2":"type-product","3":"status-publish","4":"has-post-thumbnail","6":"product_cat-catequesi","7":"product_cat-catequesis","8":"product_cat-primera-comunio-catequesi-1_espiritualitat","9":"product_cat-primera-comunion","11":"first","12":"instock","13":"taxable","14":"shipping-taxable","15":"purchasable","16":"product-type-simple"},"acf":{"autor":"EDICROMO","codart":"364725110","libros-coleccion":"","ediciones":"0","encuadernacion":"[EditValue is null]","fecha_de_publicacion":"20\/03\/2014","novedad":"0","paginas":"140","subtitulo":"","orden":"999","portada":"0","idioma":"spa","editorial":[{"ID":147900,"post_author":"3","post_date":"2022-10-14 11:54:05","post_date_gmt":"2022-10-14 09:54:05","post_content":"","post_title":"EDICROMO S.A.","post_excerpt":"","post_status":"publish","comment_status":"closed","ping_status":"closed","post_password":"","post_name":"edicromo-s-a","to_ping":"","pinged":"","post_modified":"2022-10-14 11:54:05","post_modified_gmt":"2022-10-14 09:54:05","post_content_filtered":"","post_parent":0,"guid":"http:\/\/dev.claret.cat\/editorial\/edicromo-s-a\/","menu_order":0,"post_type":"editorial","post_mime_type":"","comment_count":"0","filter":"raw"}],"autores-libros":[{"ID":154507,"post_author":"3","post_date":"2022-10-14 15:05:21","post_date_gmt":"2022-10-14 13:05:21","post_content":"","post_title":"EDICROMO","post_excerpt":"","post_status":"publish","comment_status":"closed","ping_status":"closed","post_password":"","post_name":"edicromo","to_ping":"","pinged":"","post_modified":"2022-10-14 15:05:21","post_modified_gmt":"2022-10-14 13:05:21","post_content_filtered":"","post_parent":0,"guid":"http:\/\/dev.claret.cat\/autor\/edicromo\/","menu_order":0,"post_type":"autor","post_mime_type":"","comment_count":"0","filter":"raw"}],"booktrailer":"","resenas":""},"aioseo_notices":[],"_links":{"self":[{"href":"https:\/\/www.claret.cat\/es\/wp-json\/wp\/v2\/product\/12452","targetHints":{"allow":["GET"]}}],"collection":[{"href":"https:\/\/www.claret.cat\/es\/wp-json\/wp\/v2\/product"}],"about":[{"href":"https:\/\/www.claret.cat\/es\/wp-json\/wp\/v2\/types\/product"}],"wp:featuredmedia":[{"embeddable":true,"href":"https:\/\/www.claret.cat\/es\/wp-json\/wp\/v2\/media\/1097476"}],"wp:attachment":[{"href":"https:\/\/www.claret.cat\/es\/wp-json\/wp\/v2\/media?parent=12452"}],"wp:term":[{"taxonomy":"product_brand","embeddable":true,"href":"https:\/\/www.claret.cat\/es\/wp-json\/wp\/v2\/product_brand?post=12452"},{"taxonomy":"product_cat","embeddable":true,"href":"https:\/\/www.claret.cat\/es\/wp-json\/wp\/v2\/product_cat?post=12452"},{"taxonomy":"product_tag","embeddable":true,"href":"https:\/\/www.claret.cat\/es\/wp-json\/wp\/v2\/product_tag?post=12452"}],"curies":[{"name":"wp","href":"https:\/\/api.w.org\/{rel}","templated":true}]}}