{"id":124558,"date":"2022-10-12T21:53:24","date_gmt":"2022-10-12T19:53:24","guid":{"rendered":"http:\/\/dev.claret.cat\/producte\/kurt-cobain\/"},"modified":"2023-01-28T21:12:54","modified_gmt":"2023-01-28T20:12:54","slug":"kurt-cobain-9788417858339","status":"publish","type":"product","link":"https:\/\/www.claret.cat\/es\/libro\/kurt-cobain-9788417858339\/","title":{"rendered":"KURT COBAIN"},"content":{"rendered":"<p>En 1991, un hombre de 24 a\u00f1os llamado Kurt Cobain trastoc\u00f3 la industria musical al convertir su disco Nevermind, un fragmento de cultura punk rock, en un \u00e9xito millonario. Fue el principio de una carrera mete\u00f3rica que hizo de Cobain el referente de toda una generaci\u00f3n. Su breve vida truncada por un tr\u00e1gico suicidio es el reflejo de una personalidad compleja, atormentada e inconformista. Sus excesos, filias, fobias e hitos de su carrera se ven reflejados en este tributo ilustrado que llegar\u00e1 al coraz\u00f3n de todos sus fans.<\/p>\n","protected":false},"excerpt":{"rendered":"<p>GARC\u00cdA MIRANDA, CARLOS \/ MARCOS, ALEX DE<\/p>\n","protected":false},"featured_media":124559,"template":"","meta":{"_acf_changed":false,"om_disable_all_campaigns":false,"rs_blank_template":"","rs_page_bg_color":"","slide_template_v7":"","inline_featured_image":false,"_monsterinsights_skip_tracking":false,"_monsterinsights_sitenote_active":false,"_monsterinsights_sitenote_note":"","_monsterinsights_sitenote_category":0},"product_brand":[],"product_cat":[99,111,105],"product_tag":[],"class_list":{"0":"post-124558","1":"product","2":"type-product","3":"status-publish","4":"has-post-thumbnail","6":"product_cat-biografies","7":"product_cat-musica","8":"product_cat-regal","10":"first","11":"instock","12":"taxable","13":"shipping-taxable","14":"purchasable","15":"product-type-simple"},"acf":{"autor":"GARC\u00cdA MIRANDA, CARLOS \/ MARCOS, ALEX DE","codart":"841785833","libros-coleccion":"Vidas Ilustradas","ediciones":"1","encuadernacion":"Carton\u00e9","fecha_de_publicacion":"01\/10\/2019","novedad":"1","paginas":"160","subtitulo":"ABOUT A BOY","orden":"0","portada":"0","idioma":"spa","editorial":[{"ID":148476,"post_author":"3","post_date":"2022-10-14 11:58:32","post_date_gmt":"2022-10-14 09:58:32","post_content":"","post_title":"Lunwerg Editores","post_excerpt":"","post_status":"publish","comment_status":"closed","ping_status":"closed","post_password":"","post_name":"lunwerg-editores","to_ping":"","pinged":"","post_modified":"2022-10-14 11:58:32","post_modified_gmt":"2022-10-14 09:58:32","post_content_filtered":"","post_parent":0,"guid":"http:\/\/dev.claret.cat\/editorial\/lunwerg-editores\/","menu_order":0,"post_type":"editorial","post_mime_type":"","comment_count":"0","filter":"raw"}],"autores-libros":[{"ID":152257,"post_author":"3","post_date":"2022-10-14 14:47:20","post_date_gmt":"2022-10-14 12:47:20","post_content":"","post_title":"CARLOS GARCIA MIRANDA","post_excerpt":"","post_status":"publish","comment_status":"closed","ping_status":"closed","post_password":"","post_name":"carlos-garcia-miranda","to_ping":"","pinged":"","post_modified":"2022-10-14 14:47:20","post_modified_gmt":"2022-10-14 12:47:20","post_content_filtered":"","post_parent":0,"guid":"http:\/\/dev.claret.cat\/autor\/carlos-garcia-miranda\/","menu_order":0,"post_type":"autor","post_mime_type":"","comment_count":"0","filter":"raw"},{"ID":149634,"post_author":"3","post_date":"2022-10-14 14:26:28","post_date_gmt":"2022-10-14 12:26:28","post_content":"","post_title":"ALEX DE MARCOS","post_excerpt":"","post_status":"publish","comment_status":"closed","ping_status":"closed","post_password":"","post_name":"alex-de-marcos","to_ping":"","pinged":"","post_modified":"2022-10-14 14:26:28","post_modified_gmt":"2022-10-14 12:26:28","post_content_filtered":"","post_parent":0,"guid":"http:\/\/dev.claret.cat\/autor\/alex-de-marcos\/","menu_order":0,"post_type":"autor","post_mime_type":"","comment_count":"0","filter":"raw"}]},"aioseo_notices":[],"_links":{"self":[{"href":"https:\/\/www.claret.cat\/es\/wp-json\/wp\/v2\/product\/124558","targetHints":{"allow":["GET"]}}],"collection":[{"href":"https:\/\/www.claret.cat\/es\/wp-json\/wp\/v2\/product"}],"about":[{"href":"https:\/\/www.claret.cat\/es\/wp-json\/wp\/v2\/types\/product"}],"wp:featuredmedia":[{"embeddable":true,"href":"https:\/\/www.claret.cat\/es\/wp-json\/wp\/v2\/media\/124559"}],"wp:attachment":[{"href":"https:\/\/www.claret.cat\/es\/wp-json\/wp\/v2\/media?parent=124558"}],"wp:term":[{"taxonomy":"product_brand","embeddable":true,"href":"https:\/\/www.claret.cat\/es\/wp-json\/wp\/v2\/product_brand?post=124558"},{"taxonomy":"product_cat","embeddable":true,"href":"https:\/\/www.claret.cat\/es\/wp-json\/wp\/v2\/product_cat?post=124558"},{"taxonomy":"product_tag","embeddable":true,"href":"https:\/\/www.claret.cat\/es\/wp-json\/wp\/v2\/product_tag?post=124558"}],"curies":[{"name":"wp","href":"https:\/\/api.w.org\/{rel}","templated":true}]}}