{"id":124663,"date":"2022-10-12T21:55:01","date_gmt":"2022-10-12T19:55:01","guid":{"rendered":"http:\/\/dev.claret.cat\/producte\/a-quien-vamos-a-dejar-morir\/"},"modified":"2023-01-28T04:32:26","modified_gmt":"2023-01-28T03:32:26","slug":"a-quien-vamos-a-dejar-morir-9788412064421","status":"publish","type":"product","link":"https:\/\/www.claret.cat\/es\/libro\/a-quien-vamos-a-dejar-morir-9788412064421\/","title":{"rendered":"\u00bfA QUIEN VAMOS A DEJAR MORIR?"},"content":{"rendered":"<p>En una \u00e9poca en la que solo se habla de salud y sanidad para reclamar m\u00e1s infraestructuras, m\u00e1s prestaciones, m\u00e1s servicios, m\u00e1s profesionales, m\u00e1s, m\u00e1s, , se hace preciso hacer una parada para poner en el centro el valor de los sistemas p\u00fablicos de salud en un momento en el que, tras la destrucci\u00f3n de todo lo que los rodea (precarizaci\u00f3n laboral, emergencia clim\u00e1tica, crisis de cuidados, ), son vistos como el siguiente reto de las din\u00e1micas de captura de lo p\u00fablico. <\/p>\n<p> Este libro plantea qu\u00e9 sociedad puede permitirse pensar una sanidad p\u00fablica para las pr\u00f3ximas d\u00e9cadas, y qu\u00e9 sistema p\u00fablico de salud puede aportar algo a una sociedad que ha de transformarse para resistir y cambiar las din\u00e1micas de precarizaci\u00f3n y crisis permanente del sistema econ\u00f3mico y social.<\/p>\n","protected":false},"excerpt":{"rendered":"<p>PADILLA, JAVIER<\/p>\n","protected":false},"featured_media":124664,"template":"","meta":{"_acf_changed":false,"om_disable_all_campaigns":false,"rs_blank_template":"","rs_page_bg_color":"","slide_template_v7":"","inline_featured_image":false,"_monsterinsights_skip_tracking":false,"_monsterinsights_sitenote_active":false,"_monsterinsights_sitenote_note":"","_monsterinsights_sitenote_category":0},"product_brand":[],"product_cat":[120],"product_tag":[],"class_list":{"0":"post-124663","1":"product","2":"type-product","3":"status-publish","4":"has-post-thumbnail","6":"product_cat-politica","8":"first","9":"instock","10":"taxable","11":"shipping-taxable","12":"purchasable","13":"product-type-simple"},"acf":{"editorial":[{"ID":147591,"post_author":"3","post_date":"2022-10-14 11:51:45","post_date_gmt":"2022-10-14 09:51:45","post_content":"","post_title":"Capit\u00e1n Swing Libros S.l.","post_excerpt":"","post_status":"publish","comment_status":"closed","ping_status":"closed","post_password":"","post_name":"capitan-swing-libros-s-l","to_ping":"","pinged":"","post_modified":"2022-10-14 11:51:45","post_modified_gmt":"2022-10-14 09:51:45","post_content_filtered":"","post_parent":0,"guid":"http:\/\/dev.claret.cat\/editorial\/capitan-swing-libros-s-l\/","menu_order":0,"post_type":"editorial","post_mime_type":"","comment_count":"0","filter":"raw"}],"autores-libros":[{"ID":158761,"post_author":"3","post_date":"2022-10-14 15:39:24","post_date_gmt":"2022-10-14 13:39:24","post_content":"","post_title":"JAVIER PADILLA","post_excerpt":"","post_status":"publish","comment_status":"closed","ping_status":"closed","post_password":"","post_name":"javier-padilla","to_ping":"","pinged":"","post_modified":"2022-10-14 15:39:24","post_modified_gmt":"2022-10-14 13:39:24","post_content_filtered":"","post_parent":0,"guid":"http:\/\/dev.claret.cat\/autor\/javier-padilla\/","menu_order":0,"post_type":"autor","post_mime_type":"","comment_count":"0","filter":"raw"}],"autor":"PADILLA, JAVIER","codart":"841206442","libros-coleccion":"Ensayo","ediciones":"1","encuadernacion":"R\u00fastica","fecha_de_publicacion":"01\/10\/2019","novedad":"1","paginas":"168","subtitulo":"","orden":"0","portada":"0","idioma":"spa"},"aioseo_notices":[],"_links":{"self":[{"href":"https:\/\/www.claret.cat\/es\/wp-json\/wp\/v2\/product\/124663","targetHints":{"allow":["GET"]}}],"collection":[{"href":"https:\/\/www.claret.cat\/es\/wp-json\/wp\/v2\/product"}],"about":[{"href":"https:\/\/www.claret.cat\/es\/wp-json\/wp\/v2\/types\/product"}],"wp:featuredmedia":[{"embeddable":true,"href":"https:\/\/www.claret.cat\/es\/wp-json\/wp\/v2\/media\/124664"}],"wp:attachment":[{"href":"https:\/\/www.claret.cat\/es\/wp-json\/wp\/v2\/media?parent=124663"}],"wp:term":[{"taxonomy":"product_brand","embeddable":true,"href":"https:\/\/www.claret.cat\/es\/wp-json\/wp\/v2\/product_brand?post=124663"},{"taxonomy":"product_cat","embeddable":true,"href":"https:\/\/www.claret.cat\/es\/wp-json\/wp\/v2\/product_cat?post=124663"},{"taxonomy":"product_tag","embeddable":true,"href":"https:\/\/www.claret.cat\/es\/wp-json\/wp\/v2\/product_tag?post=124663"}],"curies":[{"name":"wp","href":"https:\/\/api.w.org\/{rel}","templated":true}]}}