{"id":124699,"date":"2022-10-12T21:55:35","date_gmt":"2022-10-12T19:55:35","guid":{"rendered":"http:\/\/dev.claret.cat\/producte\/el-cortacesped-loco\/"},"modified":"2024-02-08T12:58:22","modified_gmt":"2024-02-08T11:58:22","slug":"el-cortacesped-loco-9788468343785","status":"publish","type":"product","link":"https:\/\/www.claret.cat\/es\/libro\/el-cortacesped-loco-9788468343785\/","title":{"rendered":"EL CORTAC\u00c9SPED LOCO"},"content":{"rendered":"<p>\u00bfQUI\u00c9N CREE QUE UNA GATA MIEDOSA, CON SOBREPESO Y DORMILONA PUEDA TRANSFORMARSE EN UNA&#8230;  SUPERGATA?   ES VERANO: UN CORTAC\u00c9SPED LOCO ARMA  EL CAOS Y LA CONFUSI\u00d3N EN TODA LA CALLE ROSMARINO. Y SI, ADEM\u00c1S, TAMBI\u00c9N SE UNE PEPPO&#8230; SUPERGATA, \u00a1ENC\u00c1RGATE T\u00da!   \u00a1NO TE PIERDAS MIS AVENTURAS! PERFECTAS COMO PRIMERA LECTURA, CON UNA LETRA MUY F\u00c1CIL DE LEER.<\/p>\n","protected":false},"excerpt":{"rendered":"<p>SGARDOLI, GUIDO<\/p>\n","protected":false},"featured_media":124700,"template":"","meta":{"_acf_changed":false,"om_disable_all_campaigns":false,"rs_blank_template":"","rs_page_bg_color":"","slide_template_v7":"","inline_featured_image":false,"_monsterinsights_skip_tracking":false,"_monsterinsights_sitenote_active":false,"_monsterinsights_sitenote_note":"","_monsterinsights_sitenote_category":0},"product_brand":[],"product_cat":[131,361],"product_tag":[],"class_list":{"0":"post-124699","1":"product","2":"type-product","3":"status-publish","4":"has-post-thumbnail","6":"product_cat-contes-per-infants-0-6-anys","7":"product_cat-cuentos-para-ninos-0-6-anos","9":"first","10":"instock","11":"taxable","12":"shipping-taxable","13":"purchasable","14":"product-type-simple"},"acf":{"editorial":[{"ID":6193,"post_author":"3","post_date":"2022-07-28 17:46:53","post_date_gmt":"2022-07-28 15:46:53","post_content":"","post_title":"EDEBE GUADIEL","post_excerpt":"","post_status":"publish","comment_status":"closed","ping_status":"closed","post_password":"","post_name":"edebe-guadiel","to_ping":"","pinged":"","post_modified":"2022-07-28 17:46:53","post_modified_gmt":"2022-07-28 15:46:53","post_content_filtered":"","post_parent":0,"guid":"http:\/\/dev.claret.cat\/editorial\/edebe-guadiel\/","menu_order":0,"post_type":"editorial","post_mime_type":"","comment_count":"0","filter":"raw"}],"autor":"SGARDOLI, GUIDO","codart":"846834378","libros-coleccion":"Supergata","ediciones":"1","encuadernacion":"Carton\u00e9","fecha_de_publicacion":"01\/05\/2019","novedad":"1","paginas":"45","subtitulo":"","orden":"0","portada":"0","idioma":"spa","autores-libros":[{"ID":157183,"post_author":"3","post_date":"2022-10-14 15:26:47","post_date_gmt":"2022-10-14 13:26:47","post_content":"","post_title":"GUIDO SGARDOLI","post_excerpt":"","post_status":"publish","comment_status":"closed","ping_status":"closed","post_password":"","post_name":"guido-sgardoli","to_ping":"","pinged":"","post_modified":"2022-10-14 15:26:47","post_modified_gmt":"2022-10-14 13:26:47","post_content_filtered":"","post_parent":0,"guid":"http:\/\/dev.claret.cat\/autor\/guido-sgardoli\/","menu_order":0,"post_type":"autor","post_mime_type":"","comment_count":"0","filter":"raw"}]},"aioseo_notices":[],"_links":{"self":[{"href":"https:\/\/www.claret.cat\/es\/wp-json\/wp\/v2\/product\/124699","targetHints":{"allow":["GET"]}}],"collection":[{"href":"https:\/\/www.claret.cat\/es\/wp-json\/wp\/v2\/product"}],"about":[{"href":"https:\/\/www.claret.cat\/es\/wp-json\/wp\/v2\/types\/product"}],"wp:featuredmedia":[{"embeddable":true,"href":"https:\/\/www.claret.cat\/es\/wp-json\/wp\/v2\/media\/124700"}],"wp:attachment":[{"href":"https:\/\/www.claret.cat\/es\/wp-json\/wp\/v2\/media?parent=124699"}],"wp:term":[{"taxonomy":"product_brand","embeddable":true,"href":"https:\/\/www.claret.cat\/es\/wp-json\/wp\/v2\/product_brand?post=124699"},{"taxonomy":"product_cat","embeddable":true,"href":"https:\/\/www.claret.cat\/es\/wp-json\/wp\/v2\/product_cat?post=124699"},{"taxonomy":"product_tag","embeddable":true,"href":"https:\/\/www.claret.cat\/es\/wp-json\/wp\/v2\/product_tag?post=124699"}],"curies":[{"name":"wp","href":"https:\/\/api.w.org\/{rel}","templated":true}]}}