{"id":124846,"date":"2022-10-12T21:57:54","date_gmt":"2022-10-12T19:57:54","guid":{"rendered":"http:\/\/dev.claret.cat\/producte\/sissi-la-princesa-rebelde-2-la-dama-de-negro\/"},"modified":"2025-04-07T12:18:40","modified_gmt":"2025-04-07T10:18:40","slug":"sissi-la-princesa-rebelde-2-la-dama-de-negro-9788427216778","status":"publish","type":"product","link":"https:\/\/www.claret.cat\/es\/libro\/sissi-la-princesa-rebelde-2-la-dama-de-negro-9788427216778\/","title":{"rendered":"SISSI, LA PRINCESA REBELDE 2. LA DAMA DE NEGRO"},"content":{"rendered":"<p>La llegada de una nueva institutriz amenaza con poner fin a las aventuras de Sissi. La se\u00f1orita Lafontaine es estricta, antip\u00e1tica y&#8230; \u00bfoculta un misterioso secreto? Por suerte, Sissi contar\u00e1 con la ayuda de un nuevo aliado: el granuja Gyula Andr\u00e1ssy, \u00a1quien no dudar\u00e1 en meterla en m\u00e1s de un l\u00edo! Descubre las historias de la princesa m\u00e1s rebelde en una atractiva edici\u00f3n ilustrada por Alba Filella<\/p>\n","protected":false},"excerpt":{"rendered":"<p>VILLALOBOS M. C.<\/p>\n","protected":false},"featured_media":124847,"template":"","meta":{"_acf_changed":false,"om_disable_all_campaigns":false,"rs_blank_template":"","rs_page_bg_color":"","slide_template_v7":"","inline_featured_image":false,"_monsterinsights_skip_tracking":false,"_monsterinsights_sitenote_active":false,"_monsterinsights_sitenote_note":"","_monsterinsights_sitenote_category":0},"product_brand":[],"product_cat":[132,362],"product_tag":[],"class_list":{"0":"post-124846","1":"product","2":"type-product","3":"status-publish","4":"has-post-thumbnail","6":"product_cat-lectures-per-preadolescents-6-12-anys","7":"product_cat-libros-preadolescentes-6-12-anos","9":"first","10":"instock","11":"taxable","12":"shipping-taxable","13":"purchasable","14":"product-type-simple"},"acf":{"editorial":[{"ID":6346,"post_author":"3","post_date":"2022-07-28 17:50:13","post_date_gmt":"2022-07-28 15:50:13","post_content":"","post_title":"RBA Molino","post_excerpt":"","post_status":"publish","comment_status":"closed","ping_status":"closed","post_password":"","post_name":"rba-molino","to_ping":"","pinged":"","post_modified":"2022-07-28 17:50:13","post_modified_gmt":"2022-07-28 15:50:13","post_content_filtered":"","post_parent":0,"guid":"http:\/\/dev.claret.cat\/editorial\/rba-molino\/","menu_order":0,"post_type":"editorial","post_mime_type":"","comment_count":"0","filter":"raw"}],"autor":"VILLALOBOS M. C.","codart":"842721677","libros-coleccion":"INOLVIDABLES","ediciones":"1","encuadernacion":"Carton\u00e9","fecha_de_publicacion":"01\/10\/2019","novedad":"1","paginas":"0","subtitulo":"","orden":"0","portada":"0","idioma":"spa","autores-libros":[{"ID":171110,"post_author":"3","post_date":"2022-10-14 22:40:45","post_date_gmt":"2022-10-14 20:40:45","post_content":"","post_title":"VILLALOBOS M. C.","post_excerpt":"","post_status":"publish","comment_status":"closed","ping_status":"closed","post_password":"","post_name":"villalobos-m-c","to_ping":"","pinged":"","post_modified":"2022-10-14 22:40:45","post_modified_gmt":"2022-10-14 20:40:45","post_content_filtered":"","post_parent":0,"guid":"http:\/\/dev.claret.cat\/autor\/villalobos-m-c\/","menu_order":0,"post_type":"autor","post_mime_type":"","comment_count":"0","filter":"raw"}]},"aioseo_notices":[],"_links":{"self":[{"href":"https:\/\/www.claret.cat\/es\/wp-json\/wp\/v2\/product\/124846","targetHints":{"allow":["GET"]}}],"collection":[{"href":"https:\/\/www.claret.cat\/es\/wp-json\/wp\/v2\/product"}],"about":[{"href":"https:\/\/www.claret.cat\/es\/wp-json\/wp\/v2\/types\/product"}],"wp:featuredmedia":[{"embeddable":true,"href":"https:\/\/www.claret.cat\/es\/wp-json\/wp\/v2\/media\/124847"}],"wp:attachment":[{"href":"https:\/\/www.claret.cat\/es\/wp-json\/wp\/v2\/media?parent=124846"}],"wp:term":[{"taxonomy":"product_brand","embeddable":true,"href":"https:\/\/www.claret.cat\/es\/wp-json\/wp\/v2\/product_brand?post=124846"},{"taxonomy":"product_cat","embeddable":true,"href":"https:\/\/www.claret.cat\/es\/wp-json\/wp\/v2\/product_cat?post=124846"},{"taxonomy":"product_tag","embeddable":true,"href":"https:\/\/www.claret.cat\/es\/wp-json\/wp\/v2\/product_tag?post=124846"}],"curies":[{"name":"wp","href":"https:\/\/api.w.org\/{rel}","templated":true}]}}