{"id":124888,"date":"2022-10-12T21:58:35","date_gmt":"2022-10-12T19:58:35","guid":{"rendered":"http:\/\/dev.claret.cat\/producte\/mesibah-ciclo-a-adviento-y-navidad-2019-2020\/"},"modified":"2024-05-02T08:25:47","modified_gmt":"2024-05-02T06:25:47","slug":"mesibah-ciclo-a-adviento-y-navidad-20192020-9788428556477","status":"publish","type":"product","link":"https:\/\/www.claret.cat\/es\/libro\/mesibah-ciclo-a-adviento-y-navidad-20192020-9788428556477\/","title":{"rendered":"MESIBAH &#8211; CICLO A &#8211; ADVIENTO Y NAVIDAD 2019-2020"},"content":{"rendered":"<p>Mesibah, que significa en hebreo \u00abfiesta\u00bb o \u00abencuentro\u00bb, ofrece una serie de propuestas para celebrar m\u00e1s vivamente cada tiempo lit\u00fargico, en este caso el Adviento y la Pascua de Navidad. Esta obra tiene una triple intenci\u00f3n: dar sentido a la Palabra para que sea una palabra viva, comprensible y f\u00e1cilmente actualizable; ayudar a profundizar en lo que se celebra y c\u00f3mo se celebra, introduciendo un lenguaje simb\u00f3lico m\u00e1s adaptado al modo en que nos comunicamos en la actualidad, e involucrar a m\u00e1s personas de la comunidad en la celebraci\u00f3n. Para ello, este trabajo ofrece propuestas de celebraci\u00f3n lit\u00fargica, din\u00e1mica de grupo, lectio divina, s\u00edmbolo para la eucarist\u00eda, oraci\u00f3n de los fieles y distintos modelos para la oraci\u00f3n de acci\u00f3n de gracias.<\/p>\n","protected":false},"excerpt":{"rendered":"<p>SAN PABLO<\/p>\n","protected":false},"featured_media":336070,"template":"","meta":{"_acf_changed":false,"om_disable_all_campaigns":false,"rs_blank_template":"","rs_page_bg_color":"","slide_template_v7":"","inline_featured_image":false,"_monsterinsights_skip_tracking":false,"_monsterinsights_sitenote_active":false,"_monsterinsights_sitenote_note":"","_monsterinsights_sitenote_category":0},"product_brand":[],"product_cat":[253,399],"product_tag":[],"class_list":{"0":"post-124888","1":"product","2":"type-product","3":"status-publish","4":"has-post-thumbnail","6":"product_cat-any-liturgic","7":"product_cat-any-liturgic-liturgia-1_espiritualidad","9":"first","10":"instock","11":"taxable","12":"shipping-taxable","13":"purchasable","14":"product-type-simple"},"acf":{"editorial":[{"ID":6356,"post_author":"3","post_date":"2022-07-28 17:50:26","post_date_gmt":"2022-07-28 15:50:26","post_content":"","post_title":"SAN PABLO COMUNICACI\u00d3N","post_excerpt":"","post_status":"publish","comment_status":"closed","ping_status":"closed","post_password":"","post_name":"san-pablo-comunicacion","to_ping":"","pinged":"","post_modified":"2022-07-28 17:50:26","post_modified_gmt":"2022-07-28 15:50:26","post_content_filtered":"","post_parent":0,"guid":"http:\/\/dev.claret.cat\/editorial\/san-pablo-comunicacion\/","menu_order":0,"post_type":"editorial","post_mime_type":"","comment_count":"0","filter":"raw"}],"autores-libros":[{"ID":6015,"post_author":"3","post_date":"2022-07-28 17:36:21","post_date_gmt":"2022-07-28 15:36:21","post_content":"","post_title":"SAN PABLO","post_excerpt":"","post_status":"publish","comment_status":"closed","ping_status":"closed","post_password":"","post_name":"san-pablo","to_ping":"","pinged":"","post_modified":"2022-07-28 17:36:21","post_modified_gmt":"2022-07-28 15:36:21","post_content_filtered":"","post_parent":0,"guid":"http:\/\/dev.claret.cat\/autor\/san-pablo\/","menu_order":0,"post_type":"autor","post_mime_type":"","comment_count":"0","filter":"raw"}],"autor":"SAN PABLO","codart":"842855647","libros-coleccion":"Evangelios y Misales","ediciones":"1","encuadernacion":"R\u00fastica","fecha_de_publicacion":"17\/10\/2019","novedad":"1","paginas":"124","subtitulo":"ADVIENTO Y NAVIDAD 2019-2020 - MATERIALES DE APOYO PARA LAS CELEBRACIONES LIT\u00daRGICAS","orden":"0","portada":"0","idioma":"spa"},"aioseo_notices":[],"_links":{"self":[{"href":"https:\/\/www.claret.cat\/es\/wp-json\/wp\/v2\/product\/124888","targetHints":{"allow":["GET"]}}],"collection":[{"href":"https:\/\/www.claret.cat\/es\/wp-json\/wp\/v2\/product"}],"about":[{"href":"https:\/\/www.claret.cat\/es\/wp-json\/wp\/v2\/types\/product"}],"wp:featuredmedia":[{"embeddable":true,"href":"https:\/\/www.claret.cat\/es\/wp-json\/wp\/v2\/media\/336070"}],"wp:attachment":[{"href":"https:\/\/www.claret.cat\/es\/wp-json\/wp\/v2\/media?parent=124888"}],"wp:term":[{"taxonomy":"product_brand","embeddable":true,"href":"https:\/\/www.claret.cat\/es\/wp-json\/wp\/v2\/product_brand?post=124888"},{"taxonomy":"product_cat","embeddable":true,"href":"https:\/\/www.claret.cat\/es\/wp-json\/wp\/v2\/product_cat?post=124888"},{"taxonomy":"product_tag","embeddable":true,"href":"https:\/\/www.claret.cat\/es\/wp-json\/wp\/v2\/product_tag?post=124888"}],"curies":[{"name":"wp","href":"https:\/\/api.w.org\/{rel}","templated":true}]}}