{"id":125038,"date":"2022-10-12T22:00:52","date_gmt":"2022-10-12T20:00:52","guid":{"rendered":"http:\/\/dev.claret.cat\/producte\/bestias-del-olimpo-4-el-dragon-apestoso\/"},"modified":"2025-01-31T17:19:04","modified_gmt":"2025-01-31T16:19:04","slug":"bestias-del-olimpo-4-el-dragon-apestoso-9788424665463","status":"publish","type":"product","link":"https:\/\/www.claret.cat\/es\/libro\/bestias-del-olimpo-4-el-dragon-apestoso-9788424665463\/","title":{"rendered":"BESTIAS DEL OLIMPO 4. EL DRAG\u00d3N APESTOSO"},"content":{"rendered":"<p>Demon debe curar al drag\u00f3n maloliente de Ares a tiempo para la batalla. \u00bfPodr\u00e1 curar a esta bestia enferma antes de que el Olimpo se ahogue en el hedor?<\/p>\n<p>Lucy Coats contin\u00faa con este mundo tan original y divertido usando la mitologia cl\u00e1sica, y aprovecha la oportunidad para introducir de forma divertida a todas las bestias m\u00edticas y a los dioses del pante\u00f3n griego.<\/p>\n","protected":false},"excerpt":{"rendered":"<p>COATS, LUCY<\/p>\n","protected":false},"featured_media":125039,"template":"","meta":{"_acf_changed":false,"om_disable_all_campaigns":false,"rs_blank_template":"","rs_page_bg_color":"","slide_template_v7":"","inline_featured_image":false,"_monsterinsights_skip_tracking":false,"_monsterinsights_sitenote_active":false,"_monsterinsights_sitenote_note":"","_monsterinsights_sitenote_category":0},"product_brand":[],"product_cat":[90,540],"product_tag":[],"class_list":{"0":"post-125038","1":"product","2":"type-product","3":"status-publish","4":"has-post-thumbnail","6":"product_cat-altres","7":"product_cat-otros","9":"first","10":"instock","11":"taxable","12":"shipping-taxable","13":"purchasable","14":"product-type-simple"},"acf":{"autor":"COATS, LUCY","codart":"842466546","libros-coleccion":"Bestias del Olimpo","ediciones":"1","encuadernacion":"Carton\u00e9","fecha_de_publicacion":"01\/10\/2019","novedad":"1","paginas":"0","subtitulo":"","orden":"0","portada":"0","idioma":"spa","editorial":[{"ID":148189,"post_author":"3","post_date":"2022-10-14 11:56:19","post_date_gmt":"2022-10-14 09:56:19","post_content":"","post_title":"GALERA, EDITORIAL","post_excerpt":"","post_status":"publish","comment_status":"closed","ping_status":"closed","post_password":"","post_name":"galera-editorial","to_ping":"","pinged":"","post_modified":"2022-10-14 11:56:19","post_modified_gmt":"2022-10-14 09:56:19","post_content_filtered":"","post_parent":0,"guid":"http:\/\/dev.claret.cat\/editorial\/galera-editorial\/","menu_order":0,"post_type":"editorial","post_mime_type":"","comment_count":"0","filter":"raw"}],"autores-libros":[{"ID":162622,"post_author":"3","post_date":"2022-10-14 17:32:29","post_date_gmt":"2022-10-14 15:32:29","post_content":"","post_title":"LUCY COATS","post_excerpt":"","post_status":"publish","comment_status":"closed","ping_status":"closed","post_password":"","post_name":"lucy-coats","to_ping":"","pinged":"","post_modified":"2022-10-14 17:32:29","post_modified_gmt":"2022-10-14 15:32:29","post_content_filtered":"","post_parent":0,"guid":"http:\/\/dev.claret.cat\/autor\/lucy-coats\/","menu_order":0,"post_type":"autor","post_mime_type":"","comment_count":"0","filter":"raw"}]},"aioseo_notices":[],"_links":{"self":[{"href":"https:\/\/www.claret.cat\/es\/wp-json\/wp\/v2\/product\/125038","targetHints":{"allow":["GET"]}}],"collection":[{"href":"https:\/\/www.claret.cat\/es\/wp-json\/wp\/v2\/product"}],"about":[{"href":"https:\/\/www.claret.cat\/es\/wp-json\/wp\/v2\/types\/product"}],"wp:featuredmedia":[{"embeddable":true,"href":"https:\/\/www.claret.cat\/es\/wp-json\/wp\/v2\/media\/125039"}],"wp:attachment":[{"href":"https:\/\/www.claret.cat\/es\/wp-json\/wp\/v2\/media?parent=125038"}],"wp:term":[{"taxonomy":"product_brand","embeddable":true,"href":"https:\/\/www.claret.cat\/es\/wp-json\/wp\/v2\/product_brand?post=125038"},{"taxonomy":"product_cat","embeddable":true,"href":"https:\/\/www.claret.cat\/es\/wp-json\/wp\/v2\/product_cat?post=125038"},{"taxonomy":"product_tag","embeddable":true,"href":"https:\/\/www.claret.cat\/es\/wp-json\/wp\/v2\/product_tag?post=125038"}],"curies":[{"name":"wp","href":"https:\/\/api.w.org\/{rel}","templated":true}]}}