{"id":125041,"date":"2022-10-12T22:00:55","date_gmt":"2022-10-12T20:00:55","guid":{"rendered":"http:\/\/dev.claret.cat\/producte\/besties-de-lolimp-4-el-drac-pudent\/"},"modified":"2025-01-31T17:18:26","modified_gmt":"2025-01-31T16:18:26","slug":"besties-de-lolimp-4-el-drac-pudent-9788424665449","status":"publish","type":"product","link":"https:\/\/www.claret.cat\/es\/libro\/besties-de-lolimp-4-el-drac-pudent-9788424665449\/","title":{"rendered":"B\u00c8STIES DE L&#8217;OLIMP 4. EL DRAC PUDENT"},"content":{"rendered":"<p>En Demon ha de curar el drac pudent de Llauris a temps per a la batalla. Podr\u00e0 curar aquesta b\u00e8stia malalta abans que l&#8221;Olimp s&#8221;ofegui en la pudor?<\/p>\n<p>Lucy Coats continua amb aquest m\u00f3n tan original i divertit usant la mitologia cl\u00e0ssica, i aprofita l&#8221;oportunitat per introduir de forma divertida totes les b\u00e8sties m\u00edtiques i els d\u00e9us del pante\u00f3 grec.<\/p>\n","protected":false},"excerpt":{"rendered":"<p>COATS, LUCY<\/p>\n","protected":false},"featured_media":125042,"template":"","meta":{"_acf_changed":false,"om_disable_all_campaigns":false,"rs_blank_template":"","rs_page_bg_color":"","slide_template_v7":"","inline_featured_image":false,"_monsterinsights_skip_tracking":false,"_monsterinsights_sitenote_active":false,"_monsterinsights_sitenote_note":"","_monsterinsights_sitenote_category":0},"product_brand":[],"product_cat":[90,540],"product_tag":[],"class_list":{"0":"post-125041","1":"product","2":"type-product","3":"status-publish","4":"has-post-thumbnail","6":"product_cat-altres","7":"product_cat-otros","9":"first","10":"instock","11":"taxable","12":"shipping-taxable","13":"purchasable","14":"product-type-simple"},"acf":{"autor":"COATS, LUCY","codart":"842466544","libros-coleccion":"C\u00f3digos b\u00e1sicos Aranzadi","ediciones":"1","encuadernacion":"Carton\u00e9","fecha_de_publicacion":"01\/10\/2019","novedad":"1","paginas":"0","subtitulo":"","orden":"0","portada":"0","idioma":"cat","editorial":[{"ID":148189,"post_author":"3","post_date":"2022-10-14 11:56:19","post_date_gmt":"2022-10-14 09:56:19","post_content":"","post_title":"GALERA, EDITORIAL","post_excerpt":"","post_status":"publish","comment_status":"closed","ping_status":"closed","post_password":"","post_name":"galera-editorial","to_ping":"","pinged":"","post_modified":"2022-10-14 11:56:19","post_modified_gmt":"2022-10-14 09:56:19","post_content_filtered":"","post_parent":0,"guid":"http:\/\/dev.claret.cat\/editorial\/galera-editorial\/","menu_order":0,"post_type":"editorial","post_mime_type":"","comment_count":"0","filter":"raw"}],"autores-libros":[{"ID":162622,"post_author":"3","post_date":"2022-10-14 17:32:29","post_date_gmt":"2022-10-14 15:32:29","post_content":"","post_title":"LUCY COATS","post_excerpt":"","post_status":"publish","comment_status":"closed","ping_status":"closed","post_password":"","post_name":"lucy-coats","to_ping":"","pinged":"","post_modified":"2022-10-14 17:32:29","post_modified_gmt":"2022-10-14 15:32:29","post_content_filtered":"","post_parent":0,"guid":"http:\/\/dev.claret.cat\/autor\/lucy-coats\/","menu_order":0,"post_type":"autor","post_mime_type":"","comment_count":"0","filter":"raw"}]},"aioseo_notices":[],"_links":{"self":[{"href":"https:\/\/www.claret.cat\/es\/wp-json\/wp\/v2\/product\/125041","targetHints":{"allow":["GET"]}}],"collection":[{"href":"https:\/\/www.claret.cat\/es\/wp-json\/wp\/v2\/product"}],"about":[{"href":"https:\/\/www.claret.cat\/es\/wp-json\/wp\/v2\/types\/product"}],"wp:featuredmedia":[{"embeddable":true,"href":"https:\/\/www.claret.cat\/es\/wp-json\/wp\/v2\/media\/125042"}],"wp:attachment":[{"href":"https:\/\/www.claret.cat\/es\/wp-json\/wp\/v2\/media?parent=125041"}],"wp:term":[{"taxonomy":"product_brand","embeddable":true,"href":"https:\/\/www.claret.cat\/es\/wp-json\/wp\/v2\/product_brand?post=125041"},{"taxonomy":"product_cat","embeddable":true,"href":"https:\/\/www.claret.cat\/es\/wp-json\/wp\/v2\/product_cat?post=125041"},{"taxonomy":"product_tag","embeddable":true,"href":"https:\/\/www.claret.cat\/es\/wp-json\/wp\/v2\/product_tag?post=125041"}],"curies":[{"name":"wp","href":"https:\/\/api.w.org\/{rel}","templated":true}]}}