{"id":125071,"date":"2022-10-12T22:01:22","date_gmt":"2022-10-12T20:01:22","guid":{"rendered":"http:\/\/dev.claret.cat\/producte\/el-jardi-den-bernat\/"},"modified":"2023-11-24T18:45:42","modified_gmt":"2023-11-24T17:45:42","slug":"el-jardi-den-bernat-9788426146151","status":"publish","type":"product","link":"https:\/\/www.claret.cat\/es\/libro\/el-jardi-den-bernat-9788426146151\/","title":{"rendered":"EL JARD\u00cd D&#8217;EN BERNAT"},"content":{"rendered":"<p>Vet aqu\u00ed un jard\u00ed. Un jard\u00ed normal i corrent, amb flors, plantes, i habitants que hi viuen tot l&#8221;any. Un mat\u00ed, sense previ av\u00eds, una llavor cau del cel i aterra al jard\u00ed, pertorbant la vida tranquil\u00b7la dels habitants d&#8221;aquest petit m\u00f3n.  Al llarg de les p\u00e0gines, observa l&#8221;evoluci\u00f3 d&#8221;una llavor que germina, i descobreix l&#8221;atrafegada vida dels habitants del jard\u00ed. La generositat i el suport mutu s\u00f3n latents en el discurs d&#8221;aquest preci\u00f3s \u00e0lbum. Amb la ingenu\u00eftat que caracteritza a l&#8221;autora i el seu agut sentit del detall, Dubuc crea veritables microcosmos on podem apreciar el costat m\u00e9s afable de la vida al jard\u00ed.<\/p>\n","protected":false},"excerpt":{"rendered":"<p>DUBUC, MARIANNE<\/p>\n","protected":false},"featured_media":125072,"template":"","meta":{"_acf_changed":false,"om_disable_all_campaigns":false,"rs_blank_template":"","rs_page_bg_color":"","slide_template_v7":"","inline_featured_image":false,"_monsterinsights_skip_tracking":false,"_monsterinsights_sitenote_active":false,"_monsterinsights_sitenote_note":"","_monsterinsights_sitenote_category":0},"product_brand":[],"product_cat":[131,361],"product_tag":[],"class_list":{"0":"post-125071","1":"product","2":"type-product","3":"status-publish","4":"has-post-thumbnail","6":"product_cat-contes-per-infants-0-6-anys","7":"product_cat-cuentos-para-ninos-0-6-anos","9":"first","10":"instock","11":"taxable","12":"shipping-taxable","13":"purchasable","14":"product-type-simple"},"acf":{"editorial":[{"ID":6226,"post_author":"3","post_date":"2022-07-28 17:47:36","post_date_gmt":"2022-07-28 15:47:36","post_content":"","post_title":"EDITORIAL JUVENTUD","post_excerpt":"","post_status":"publish","comment_status":"closed","ping_status":"closed","post_password":"","post_name":"editorial-juventud","to_ping":"","pinged":"","post_modified":"2022-07-28 17:47:36","post_modified_gmt":"2022-07-28 15:47:36","post_content_filtered":"","post_parent":0,"guid":"http:\/\/dev.claret.cat\/editorial\/editorial-juventud\/","menu_order":0,"post_type":"editorial","post_mime_type":"","comment_count":"0","filter":"raw"}],"autores-libros":[{"ID":5803,"post_author":"3","post_date":"2022-07-28 17:31:48","post_date_gmt":"2022-07-28 15:31:48","post_content":"","post_title":"MARIANNE DUBUC","post_excerpt":"","post_status":"publish","comment_status":"closed","ping_status":"closed","post_password":"","post_name":"marianne-dubuc","to_ping":"","pinged":"","post_modified":"2022-07-28 17:31:48","post_modified_gmt":"2022-07-28 15:31:48","post_content_filtered":"","post_parent":0,"guid":"http:\/\/dev.claret.cat\/autor\/marianne-dubuc\/","menu_order":0,"post_type":"autor","post_mime_type":"","comment_count":"0","filter":"raw"}],"autor":"DUBUC, MARIANNE","codart":"842614615","libros-coleccion":"\u00c1lbumes ilustrados","ediciones":"1","encuadernacion":"Carton\u00e9","fecha_de_publicacion":"01\/10\/2019","novedad":"1","paginas":"450","subtitulo":"","orden":"0","portada":"0","idioma":"cat"},"aioseo_notices":[],"_links":{"self":[{"href":"https:\/\/www.claret.cat\/es\/wp-json\/wp\/v2\/product\/125071","targetHints":{"allow":["GET"]}}],"collection":[{"href":"https:\/\/www.claret.cat\/es\/wp-json\/wp\/v2\/product"}],"about":[{"href":"https:\/\/www.claret.cat\/es\/wp-json\/wp\/v2\/types\/product"}],"wp:featuredmedia":[{"embeddable":true,"href":"https:\/\/www.claret.cat\/es\/wp-json\/wp\/v2\/media\/125072"}],"wp:attachment":[{"href":"https:\/\/www.claret.cat\/es\/wp-json\/wp\/v2\/media?parent=125071"}],"wp:term":[{"taxonomy":"product_brand","embeddable":true,"href":"https:\/\/www.claret.cat\/es\/wp-json\/wp\/v2\/product_brand?post=125071"},{"taxonomy":"product_cat","embeddable":true,"href":"https:\/\/www.claret.cat\/es\/wp-json\/wp\/v2\/product_cat?post=125071"},{"taxonomy":"product_tag","embeddable":true,"href":"https:\/\/www.claret.cat\/es\/wp-json\/wp\/v2\/product_tag?post=125071"}],"curies":[{"name":"wp","href":"https:\/\/api.w.org\/{rel}","templated":true}]}}