{"id":125107,"date":"2022-10-12T22:01:56","date_gmt":"2022-10-12T20:01:56","guid":{"rendered":"http:\/\/dev.claret.cat\/producte\/mar-de-fuego-ii-mar-de-acero\/"},"modified":"2025-04-07T12:39:16","modified_gmt":"2025-04-07T10:39:16","slug":"mar-de-fuego-ii-mar-de-acero-9788427213494","status":"publish","type":"product","link":"https:\/\/www.claret.cat\/es\/libro\/mar-de-fuego-ii-mar-de-acero-9788427213494\/","title":{"rendered":"MAR DE FUEGO II. MAR DE ACERO"},"content":{"rendered":"<p>Caledonia ha perdido a su tripulaci\u00f3n, pero no se da por vencida. A punto de morir a manos de un poderoso enemigo, es rescatada del mar y salvada por un grupo de antiguos Balas que se hacen llamar Espadas. Los Espadas escaparon de las garras de Aric Athair, y ahora viven una existencia n\u00f3mada, listos para desaparecer en cualquier momento si se presenta alg\u00fan peligro. <br \/> Pero Caledonia no pretende solo esconderse. Quiere encontrar la Mors Navis y a sus queridas hermanas. Quiere seguir enfrent\u00e1ndose a la flota de Aric y arrebatarle el control de los mares Bala, por lo que tendr\u00e1 que hacer lo posible para convencer a los Espadas de que luchar es su \u00fanica opci\u00f3n. Tiene que haber una vida mejor, lejos de los dominios de Aric Athair, y encontrar a las chicas de la Mors Navis ser\u00eda  EL PRIMER PASO HACIA LA REVOLUCI\u00d3N.<\/p>\n","protected":false},"excerpt":{"rendered":"<p>PARKER NATALIE<\/p>\n","protected":false},"featured_media":125108,"template":"","meta":{"_acf_changed":false,"om_disable_all_campaigns":false,"rs_blank_template":"","rs_page_bg_color":"","slide_template_v7":"","inline_featured_image":false,"_monsterinsights_skip_tracking":false,"_monsterinsights_sitenote_active":false,"_monsterinsights_sitenote_note":"","_monsterinsights_sitenote_category":0},"product_brand":[],"product_cat":[133,363],"product_tag":[],"class_list":{"0":"post-125107","1":"product","2":"type-product","3":"status-publish","4":"has-post-thumbnail","6":"product_cat-lectures-per-adolescents-12-18-anys","7":"product_cat-lecturas-por-adolescentes-12-18-anos","9":"first","10":"instock","11":"taxable","12":"shipping-taxable","13":"purchasable","14":"product-type-simple"},"acf":{"editorial":[{"ID":6346,"post_author":"3","post_date":"2022-07-28 17:50:13","post_date_gmt":"2022-07-28 15:50:13","post_content":"","post_title":"RBA Molino","post_excerpt":"","post_status":"publish","comment_status":"closed","ping_status":"closed","post_password":"","post_name":"rba-molino","to_ping":"","pinged":"","post_modified":"2022-07-28 17:50:13","post_modified_gmt":"2022-07-28 15:50:13","post_content_filtered":"","post_parent":0,"guid":"http:\/\/dev.claret.cat\/editorial\/rba-molino\/","menu_order":0,"post_type":"editorial","post_mime_type":"","comment_count":"0","filter":"raw"}],"autor":"PARKER NATALIE","codart":"842721349","libros-coleccion":"FICCI\u00d3N YA","ediciones":"1","encuadernacion":"R\u00fastica","fecha_de_publicacion":"01\/10\/2019","novedad":"1","paginas":"413","subtitulo":"","orden":"0","portada":"0","idioma":"spa","autores-libros":[{"ID":166574,"post_author":"3","post_date":"2022-10-14 18:04:21","post_date_gmt":"2022-10-14 16:04:21","post_content":"","post_title":"PARKER NATALIE","post_excerpt":"","post_status":"publish","comment_status":"closed","ping_status":"closed","post_password":"","post_name":"parker-natalie","to_ping":"","pinged":"","post_modified":"2022-10-14 18:04:21","post_modified_gmt":"2022-10-14 16:04:21","post_content_filtered":"","post_parent":0,"guid":"http:\/\/dev.claret.cat\/autor\/parker-natalie\/","menu_order":0,"post_type":"autor","post_mime_type":"","comment_count":"0","filter":"raw"}]},"aioseo_notices":[],"_links":{"self":[{"href":"https:\/\/www.claret.cat\/es\/wp-json\/wp\/v2\/product\/125107","targetHints":{"allow":["GET"]}}],"collection":[{"href":"https:\/\/www.claret.cat\/es\/wp-json\/wp\/v2\/product"}],"about":[{"href":"https:\/\/www.claret.cat\/es\/wp-json\/wp\/v2\/types\/product"}],"wp:featuredmedia":[{"embeddable":true,"href":"https:\/\/www.claret.cat\/es\/wp-json\/wp\/v2\/media\/125108"}],"wp:attachment":[{"href":"https:\/\/www.claret.cat\/es\/wp-json\/wp\/v2\/media?parent=125107"}],"wp:term":[{"taxonomy":"product_brand","embeddable":true,"href":"https:\/\/www.claret.cat\/es\/wp-json\/wp\/v2\/product_brand?post=125107"},{"taxonomy":"product_cat","embeddable":true,"href":"https:\/\/www.claret.cat\/es\/wp-json\/wp\/v2\/product_cat?post=125107"},{"taxonomy":"product_tag","embeddable":true,"href":"https:\/\/www.claret.cat\/es\/wp-json\/wp\/v2\/product_tag?post=125107"}],"curies":[{"name":"wp","href":"https:\/\/api.w.org\/{rel}","templated":true}]}}