{"id":125110,"date":"2022-10-12T22:01:59","date_gmt":"2022-10-12T20:01:59","guid":{"rendered":"http:\/\/dev.claret.cat\/producte\/la-maleta-de-lescriptor\/"},"modified":"2023-01-28T02:52:52","modified_gmt":"2023-01-28T01:52:52","slug":"la-maleta-de-lescriptor-9788418063015","status":"publish","type":"product","link":"https:\/\/www.claret.cat\/es\/libro\/la-maleta-de-lescriptor-9788418063015\/","title":{"rendered":"LA MALETA DE L&#8217;ESCRIPTOR"},"content":{"rendered":"<p>Si la creaci\u00f3 liter\u00e0ria pot ser entesa com un viatge a un m\u00f3n per explorar, La maleta de l&#8221;escriptor ens recorda l&#8221;equipatge necessari per aconseguir que l&#8221;autor arribi a bon port amb els objectius assolits. Qui s&#8221;endinsi en aquestes p\u00e0gines disposar\u00e0 d&#8221;un itinerari complet pels recursos narratius que li permetran cobrir la travessia amb \u00e8xit. Per\u00f2 la intenci\u00f3 de les reflexions no \u00e9s tant resoldre els dubtes de qui vol escriure com ajudar-lo a plantejar-se m\u00e9s preguntes i assenyalar-li els camins per descobrir les pr\u00f2pies respostes. Petites advert\u00e8ncies al viatger que ja van ser motiu d&#8221;anteriors col\u00b7laboracions setmanals al suplement de cultura del diari El Punt Avui, posteriorment revisades, ampliades i seleccionades per construir una ruta coherent que amb el temps no ha perdut vig\u00e8ncia.<br \/> Si obriu aquesta maleta, hi trobareu les eines i les habilitats imprescindibles per emprendre el viatge sempre apassionant de l&#8221;escriptura.<\/p>\n","protected":false},"excerpt":{"rendered":"<p>GRAU I ANTOL\u00cd, ISIDRE<\/p>\n","protected":false},"featured_media":125111,"template":"","meta":{"_acf_changed":false,"om_disable_all_campaigns":false,"rs_blank_template":"","rs_page_bg_color":"","slide_template_v7":"","inline_featured_image":false,"_monsterinsights_skip_tracking":false,"_monsterinsights_sitenote_active":false,"_monsterinsights_sitenote_note":"","_monsterinsights_sitenote_category":0},"product_brand":[],"product_cat":[127],"product_tag":[],"class_list":{"0":"post-125110","1":"product","2":"type-product","3":"status-publish","4":"has-post-thumbnail","6":"product_cat-novella-contemporania","8":"first","9":"instock","10":"taxable","11":"shipping-taxable","12":"purchasable","13":"product-type-simple"},"acf":{"autor":"GRAU I ANTOL\u00cd, ISIDRE","codart":"841806301","libros-coleccion":"Assaig","ediciones":"1","encuadernacion":"R\u00fastica","fecha_de_publicacion":"01\/10\/2019","novedad":"1","paginas":"261","subtitulo":"","orden":"0","portada":"0","idioma":"cat","editorial":[{"ID":147983,"post_author":"3","post_date":"2022-10-14 11:54:44","post_date_gmt":"2022-10-14 09:54:44","post_content":"","post_title":"Editorial Gregal","post_excerpt":"","post_status":"publish","comment_status":"closed","ping_status":"closed","post_password":"","post_name":"editorial-gregal","to_ping":"","pinged":"","post_modified":"2022-10-14 11:54:44","post_modified_gmt":"2022-10-14 09:54:44","post_content_filtered":"","post_parent":0,"guid":"http:\/\/dev.claret.cat\/editorial\/editorial-gregal\/","menu_order":0,"post_type":"editorial","post_mime_type":"","comment_count":"0","filter":"raw"}],"autores-libros":[{"ID":158125,"post_author":"3","post_date":"2022-10-14 15:34:21","post_date_gmt":"2022-10-14 13:34:21","post_content":"","post_title":"ISIDRE GRAU","post_excerpt":"","post_status":"publish","comment_status":"closed","ping_status":"closed","post_password":"","post_name":"isidre-grau","to_ping":"","pinged":"","post_modified":"2022-10-14 15:34:21","post_modified_gmt":"2022-10-14 13:34:21","post_content_filtered":"","post_parent":0,"guid":"http:\/\/dev.claret.cat\/autor\/isidre-grau\/","menu_order":0,"post_type":"autor","post_mime_type":"","comment_count":"0","filter":"raw"}]},"aioseo_notices":[],"_links":{"self":[{"href":"https:\/\/www.claret.cat\/es\/wp-json\/wp\/v2\/product\/125110","targetHints":{"allow":["GET"]}}],"collection":[{"href":"https:\/\/www.claret.cat\/es\/wp-json\/wp\/v2\/product"}],"about":[{"href":"https:\/\/www.claret.cat\/es\/wp-json\/wp\/v2\/types\/product"}],"wp:featuredmedia":[{"embeddable":true,"href":"https:\/\/www.claret.cat\/es\/wp-json\/wp\/v2\/media\/125111"}],"wp:attachment":[{"href":"https:\/\/www.claret.cat\/es\/wp-json\/wp\/v2\/media?parent=125110"}],"wp:term":[{"taxonomy":"product_brand","embeddable":true,"href":"https:\/\/www.claret.cat\/es\/wp-json\/wp\/v2\/product_brand?post=125110"},{"taxonomy":"product_cat","embeddable":true,"href":"https:\/\/www.claret.cat\/es\/wp-json\/wp\/v2\/product_cat?post=125110"},{"taxonomy":"product_tag","embeddable":true,"href":"https:\/\/www.claret.cat\/es\/wp-json\/wp\/v2\/product_tag?post=125110"}],"curies":[{"name":"wp","href":"https:\/\/api.w.org\/{rel}","templated":true}]}}