{"id":125245,"date":"2022-10-12T22:04:03","date_gmt":"2022-10-12T20:04:03","guid":{"rendered":"http:\/\/dev.claret.cat\/producte\/el-regal\/"},"modified":"2023-01-28T01:07:32","modified_gmt":"2023-01-28T00:07:32","slug":"el-regal-9788417074975","status":"publish","type":"product","link":"https:\/\/www.claret.cat\/es\/libro\/el-regal-9788417074975\/","title":{"rendered":"EL REGAL"},"content":{"rendered":"<p>S&#8217;acosta l&#8217;aniversari d&#8217;en Miquelet i, l\u00f2gicament, els seus pares volen donar-li un regal molt especial. Pensen i pensen, per\u00f2 no se&#8217;ls ocorre qu\u00e8 li faria feli\u00e7. Aix\u00ed que, a la fi, no els queda m\u00e9s remei que anar a preguntar-li. El text tendre, intel ligent i divertit demostra que el m\u00e9s important que se li pot obsequiar a un fill \u00e9s amor. En el seu aniversari i en cada dia de la seva vida.<\/p>\n","protected":false},"excerpt":{"rendered":"<p>KESELMAN, GABRIELA<\/p>\n","protected":false},"featured_media":125246,"template":"","meta":{"_acf_changed":false,"om_disable_all_campaigns":false,"rs_blank_template":"","rs_page_bg_color":"","slide_template_v7":"","inline_featured_image":false,"_monsterinsights_skip_tracking":false,"_monsterinsights_sitenote_active":false,"_monsterinsights_sitenote_note":"","_monsterinsights_sitenote_category":0},"product_brand":[],"product_cat":[131],"product_tag":[],"class_list":{"0":"post-125245","1":"product","2":"type-product","3":"status-publish","4":"has-post-thumbnail","6":"product_cat-contes-per-infants-0-6-anys","8":"first","9":"instock","10":"taxable","11":"shipping-taxable","12":"purchasable","13":"product-type-simple"},"acf":{"autor":"KESELMAN, GABRIELA","codart":"841707497","libros-coleccion":"Kokinos","ediciones":"1","encuadernacion":"Carton\u00e9","fecha_de_publicacion":"01\/10\/2019","novedad":"1","paginas":"52","subtitulo":"","orden":"0","portada":"0","idioma":"cat","editorial":[{"ID":147996,"post_author":"3","post_date":"2022-10-14 11:54:50","post_date_gmt":"2022-10-14 09:54:50","post_content":"","post_title":"Editorial K\u00f3kinos","post_excerpt":"","post_status":"publish","comment_status":"closed","ping_status":"closed","post_password":"","post_name":"editorial-kokinos","to_ping":"","pinged":"","post_modified":"2022-10-14 11:54:50","post_modified_gmt":"2022-10-14 09:54:50","post_content_filtered":"","post_parent":0,"guid":"http:\/\/dev.claret.cat\/editorial\/editorial-kokinos\/","menu_order":0,"post_type":"editorial","post_mime_type":"","comment_count":"0","filter":"raw"}],"autores-libros":[{"ID":156550,"post_author":"3","post_date":"2022-10-14 15:21:42","post_date_gmt":"2022-10-14 13:21:42","post_content":"","post_title":"GABRIELA KESELMAN","post_excerpt":"","post_status":"publish","comment_status":"closed","ping_status":"closed","post_password":"","post_name":"gabriela-keselman","to_ping":"","pinged":"","post_modified":"2022-10-14 15:21:42","post_modified_gmt":"2022-10-14 13:21:42","post_content_filtered":"","post_parent":0,"guid":"http:\/\/dev.claret.cat\/autor\/gabriela-keselman\/","menu_order":0,"post_type":"autor","post_mime_type":"","comment_count":"0","filter":"raw"}]},"aioseo_notices":[],"_links":{"self":[{"href":"https:\/\/www.claret.cat\/es\/wp-json\/wp\/v2\/product\/125245","targetHints":{"allow":["GET"]}}],"collection":[{"href":"https:\/\/www.claret.cat\/es\/wp-json\/wp\/v2\/product"}],"about":[{"href":"https:\/\/www.claret.cat\/es\/wp-json\/wp\/v2\/types\/product"}],"wp:featuredmedia":[{"embeddable":true,"href":"https:\/\/www.claret.cat\/es\/wp-json\/wp\/v2\/media\/125246"}],"wp:attachment":[{"href":"https:\/\/www.claret.cat\/es\/wp-json\/wp\/v2\/media?parent=125245"}],"wp:term":[{"taxonomy":"product_brand","embeddable":true,"href":"https:\/\/www.claret.cat\/es\/wp-json\/wp\/v2\/product_brand?post=125245"},{"taxonomy":"product_cat","embeddable":true,"href":"https:\/\/www.claret.cat\/es\/wp-json\/wp\/v2\/product_cat?post=125245"},{"taxonomy":"product_tag","embeddable":true,"href":"https:\/\/www.claret.cat\/es\/wp-json\/wp\/v2\/product_tag?post=125245"}],"curies":[{"name":"wp","href":"https:\/\/api.w.org\/{rel}","templated":true}]}}