{"id":125248,"date":"2022-10-12T22:04:06","date_gmt":"2022-10-12T20:04:06","guid":{"rendered":"http:\/\/dev.claret.cat\/producte\/el-regalo\/"},"modified":"2023-01-28T07:06:01","modified_gmt":"2023-01-28T06:06:01","slug":"el-regalo-9788417074968","status":"publish","type":"product","link":"https:\/\/www.claret.cat\/es\/libro\/el-regalo-9788417074968\/","title":{"rendered":"EL REGALO"},"content":{"rendered":"<p>Se acerca el cumplea\u00f1os de Miguelito y, l\u00f3gicamente, sus padres quieren darle un regalo muy especial Piensan y piensan, pero no se les ocurre qu\u00e9 le har\u00eda feliz. As\u00ed que, al fin, no les queda m\u00e1s remedio que ir a preguntarle.<br \/> Miguelito les va dando una pista tras otra, p\u00e1gina tras p\u00e1gina, y lo \u00fanico que consigue es desorientarlos cada vez m\u00e1s. \u00bfQuiere esto? \u00bfQuiere aquello? \u00bfQu\u00e9 es lo que realmente quiere?<\/p>\n<p> Enmarcado en un dise\u00f1o espectacular del prestigioso artista catal\u00e1n Pep Monstserrat, el peque\u00f1o los gu\u00eda sin \u00e9xito para que adivinen, hasta que los pobres se\u00f1ores Buenospadres se rinden y, apenados, le confiesan que no saben qu\u00e9 es lo que desea. Y, entonces, le dan justo lo el peque\u00f1o que quer\u00eda: un abrazo grande, fuerte, suave, dulce y calentito. Le balancean de un lado al otro, le levantan por el aire, le hacen re\u00edr y as\u00ed permanecen un rato interminable.<\/p>\n<p> El texto tierno, inteligente y divertido de la reconocida escritora demuestra que lo m\u00e1s importante que se le puede obsequiar a un hijo es amor. En su cumplea\u00f1os y en cada d\u00eda de su vida.<\/p>\n<p> Un \u00e1lbum para leer, mirar, achuchar, atesorar y, por supuesto, regalar.<\/p>\n","protected":false},"excerpt":{"rendered":"<p>KESELMAN, GABRIELA<\/p>\n","protected":false},"featured_media":125249,"template":"","meta":{"_acf_changed":false,"om_disable_all_campaigns":false,"rs_blank_template":"","rs_page_bg_color":"","slide_template_v7":"","inline_featured_image":false,"_monsterinsights_skip_tracking":false,"_monsterinsights_sitenote_active":false,"_monsterinsights_sitenote_note":"","_monsterinsights_sitenote_category":0},"product_brand":[],"product_cat":[131],"product_tag":[],"class_list":{"0":"post-125248","1":"product","2":"type-product","3":"status-publish","4":"has-post-thumbnail","6":"product_cat-contes-per-infants-0-6-anys","8":"first","9":"instock","10":"taxable","11":"shipping-taxable","12":"purchasable","13":"product-type-simple"},"acf":{"autor":"KESELMAN, GABRIELA","codart":"841707496","libros-coleccion":"Kokinos","ediciones":"1","encuadernacion":"Carton\u00e9","fecha_de_publicacion":"01\/10\/2019","novedad":"1","paginas":"52","subtitulo":"","orden":"0","portada":"0","idioma":"spa","editorial":[{"ID":147996,"post_author":"3","post_date":"2022-10-14 11:54:50","post_date_gmt":"2022-10-14 09:54:50","post_content":"","post_title":"Editorial K\u00f3kinos","post_excerpt":"","post_status":"publish","comment_status":"closed","ping_status":"closed","post_password":"","post_name":"editorial-kokinos","to_ping":"","pinged":"","post_modified":"2022-10-14 11:54:50","post_modified_gmt":"2022-10-14 09:54:50","post_content_filtered":"","post_parent":0,"guid":"http:\/\/dev.claret.cat\/editorial\/editorial-kokinos\/","menu_order":0,"post_type":"editorial","post_mime_type":"","comment_count":"0","filter":"raw"}],"autores-libros":[{"ID":156550,"post_author":"3","post_date":"2022-10-14 15:21:42","post_date_gmt":"2022-10-14 13:21:42","post_content":"","post_title":"GABRIELA KESELMAN","post_excerpt":"","post_status":"publish","comment_status":"closed","ping_status":"closed","post_password":"","post_name":"gabriela-keselman","to_ping":"","pinged":"","post_modified":"2022-10-14 15:21:42","post_modified_gmt":"2022-10-14 13:21:42","post_content_filtered":"","post_parent":0,"guid":"http:\/\/dev.claret.cat\/autor\/gabriela-keselman\/","menu_order":0,"post_type":"autor","post_mime_type":"","comment_count":"0","filter":"raw"}]},"aioseo_notices":[],"_links":{"self":[{"href":"https:\/\/www.claret.cat\/es\/wp-json\/wp\/v2\/product\/125248","targetHints":{"allow":["GET"]}}],"collection":[{"href":"https:\/\/www.claret.cat\/es\/wp-json\/wp\/v2\/product"}],"about":[{"href":"https:\/\/www.claret.cat\/es\/wp-json\/wp\/v2\/types\/product"}],"wp:featuredmedia":[{"embeddable":true,"href":"https:\/\/www.claret.cat\/es\/wp-json\/wp\/v2\/media\/125249"}],"wp:attachment":[{"href":"https:\/\/www.claret.cat\/es\/wp-json\/wp\/v2\/media?parent=125248"}],"wp:term":[{"taxonomy":"product_brand","embeddable":true,"href":"https:\/\/www.claret.cat\/es\/wp-json\/wp\/v2\/product_brand?post=125248"},{"taxonomy":"product_cat","embeddable":true,"href":"https:\/\/www.claret.cat\/es\/wp-json\/wp\/v2\/product_cat?post=125248"},{"taxonomy":"product_tag","embeddable":true,"href":"https:\/\/www.claret.cat\/es\/wp-json\/wp\/v2\/product_tag?post=125248"}],"curies":[{"name":"wp","href":"https:\/\/api.w.org\/{rel}","templated":true}]}}