{"id":125257,"date":"2022-10-12T22:04:15","date_gmt":"2022-10-12T20:04:15","guid":{"rendered":"http:\/\/dev.claret.cat\/producte\/migrants-2\/"},"modified":"2023-01-28T02:52:02","modified_gmt":"2023-01-28T01:52:02","slug":"migrants-9788494990458","status":"publish","type":"product","link":"https:\/\/www.claret.cat\/es\/libro\/migrants-9788494990458\/","title":{"rendered":"MIGRANTS"},"content":{"rendered":"<p>L&#8217;Organitzaci\u00f3 Internacional de la Migraci\u00f3 (OIM) estima que al m\u00f3n hi ha 258 milions d&#8217;immigrants, dada que representa quasi un 4 % del total de la humanitat.<br \/> El nombre de persones que fugen de la guerra, la persecuci\u00f3 i els conflictes va superar els 70 milions de 2018, segons l&#8217;\u00faltim informe de l&#8217;Ag\u00e8ncia de l&#8217;ONU pels Refugiats.<br \/> Aquest llibre \u00e0lbum sense paraules narra amb imatges d&#8217;extraordin\u00e0ria for\u00e7a el viatge d&#8217;un grup d&#8217;animals que deixen enrere un bosc nocturn mancat de fulles. \u00c9s la hist\u00f2ria d&#8217;una gran i \u00fanica migraci\u00f3, un viatge en qu\u00e8 se sacrifiquen coses, es deixen enrere \u00e9ssers estimats, s&#8217;han de passar fronteres<br \/> Les il\u00b7lustracions d&#8217;Issa Watanabe narren una situaci\u00f3 real, sense eufemismes, que commou al lector amb un relat constru\u00eft des del quotidi\u00e0 -escenes de la rutina als camps de refugiats o altres imatges sobre migracions que es difonen habitualment als mitjans de comunicaci\u00f3- per provocar la reflexi\u00f3 i, per qu\u00e8 no?, promoure l&#8217;empatia i la solidaritat.<br \/> Aquest \u00e0lbum silenci\u00f3s ofereix en la contraportada les \u00faniques paraules que no s&#8217;han d&#8217;obviar quan es tracta de debatre sobre la migraci\u00f3 for\u00e7ada de persones: fam, trag\u00e8dia, tancament de fronteres, crisi humanit\u00e0ria, drets humans Un llibre necessari per submergir al lector en un periple d&#8217;incertesa, on conviuen la mort i l&#8217;esperan\u00e7a de veure com en un desert d&#8217;obscuritat torna a cr\u00e9ixer l&#8217;herba.<\/p>\n","protected":false},"excerpt":{"rendered":"<p>WATANABE, ISSA<\/p>\n","protected":false},"featured_media":125258,"template":"","meta":{"_acf_changed":false,"om_disable_all_campaigns":false,"rs_blank_template":"","rs_page_bg_color":"","slide_template_v7":"","inline_featured_image":false,"_monsterinsights_skip_tracking":false,"_monsterinsights_sitenote_active":false,"_monsterinsights_sitenote_note":"","_monsterinsights_sitenote_category":0},"product_brand":[],"product_cat":[132],"product_tag":[],"class_list":{"0":"post-125257","1":"product","2":"type-product","3":"status-publish","4":"has-post-thumbnail","6":"product_cat-lectures-per-preadolescents-6-12-anys","8":"first","9":"instock","10":"taxable","11":"shipping-taxable","12":"purchasable","13":"product-type-simple"},"acf":{"editorial":[{"ID":148435,"post_author":"3","post_date":"2022-10-14 11:58:13","post_date_gmt":"2022-10-14 09:58:13","post_content":"","post_title":"LIBROS DEL ZORRO ROJO","post_excerpt":"","post_status":"publish","comment_status":"closed","ping_status":"closed","post_password":"","post_name":"libros-del-zorro-rojo","to_ping":"","pinged":"","post_modified":"2022-10-14 11:58:13","post_modified_gmt":"2022-10-14 09:58:13","post_content_filtered":"","post_parent":0,"guid":"http:\/\/dev.claret.cat\/editorial\/libros-del-zorro-rojo\/","menu_order":0,"post_type":"editorial","post_mime_type":"","comment_count":"0","filter":"raw"}],"autor":"WATANABE, ISSA","codart":"849499045","libros-coleccion":"","ediciones":"1","encuadernacion":"Carton\u00e9","fecha_de_publicacion":"01\/10\/2019","novedad":"1","paginas":"38","subtitulo":"","orden":"0","portada":"0","idioma":"cat","autores-libros":[{"ID":158146,"post_author":"3","post_date":"2022-10-14 15:34:31","post_date_gmt":"2022-10-14 13:34:31","post_content":"","post_title":"ISSA WATANABE","post_excerpt":"","post_status":"publish","comment_status":"closed","ping_status":"closed","post_password":"","post_name":"issa-watanabe","to_ping":"","pinged":"","post_modified":"2022-10-14 15:34:31","post_modified_gmt":"2022-10-14 13:34:31","post_content_filtered":"","post_parent":0,"guid":"http:\/\/dev.claret.cat\/autor\/issa-watanabe\/","menu_order":0,"post_type":"autor","post_mime_type":"","comment_count":"0","filter":"raw"}]},"aioseo_notices":[],"_links":{"self":[{"href":"https:\/\/www.claret.cat\/es\/wp-json\/wp\/v2\/product\/125257","targetHints":{"allow":["GET"]}}],"collection":[{"href":"https:\/\/www.claret.cat\/es\/wp-json\/wp\/v2\/product"}],"about":[{"href":"https:\/\/www.claret.cat\/es\/wp-json\/wp\/v2\/types\/product"}],"wp:featuredmedia":[{"embeddable":true,"href":"https:\/\/www.claret.cat\/es\/wp-json\/wp\/v2\/media\/125258"}],"wp:attachment":[{"href":"https:\/\/www.claret.cat\/es\/wp-json\/wp\/v2\/media?parent=125257"}],"wp:term":[{"taxonomy":"product_brand","embeddable":true,"href":"https:\/\/www.claret.cat\/es\/wp-json\/wp\/v2\/product_brand?post=125257"},{"taxonomy":"product_cat","embeddable":true,"href":"https:\/\/www.claret.cat\/es\/wp-json\/wp\/v2\/product_cat?post=125257"},{"taxonomy":"product_tag","embeddable":true,"href":"https:\/\/www.claret.cat\/es\/wp-json\/wp\/v2\/product_tag?post=125257"}],"curies":[{"name":"wp","href":"https:\/\/api.w.org\/{rel}","templated":true}]}}