{"id":125266,"date":"2022-10-12T22:04:23","date_gmt":"2022-10-12T20:04:23","guid":{"rendered":"http:\/\/dev.claret.cat\/producte\/las-historias-mas-bellas-de-papa-noel\/"},"modified":"2023-01-28T10:24:27","modified_gmt":"2023-01-28T09:24:27","slug":"las-historias-mas-bellas-de-papa-noel-9788417127466","status":"publish","type":"product","link":"https:\/\/www.claret.cat\/es\/libro\/las-historias-mas-bellas-de-papa-noel-9788417127466\/","title":{"rendered":"LAS HISTORIAS M\u00c1S BELLAS DE PAP\u00c1 NOEL"},"content":{"rendered":"<p>\u00bfSabes qui\u00e9nes son Od\u00edn, San Nicol\u00e1s, Jack Frost o Nievecilla? B\u00fascalos en este libro y descubre con ellos la magia de Pap\u00e1 Noel. Esta antolog\u00eda recopila algunos de los relatos que explican los nombres que se les da a Pap\u00e1 Noel y tambi\u00e9n otras leyendas relacionadas con nuestro querido abuelo trip\u00f3n.<\/p>\n","protected":false},"excerpt":{"rendered":"<p>CINGOLI, LORENZA<\/p>\n","protected":false},"featured_media":125267,"template":"","meta":{"_acf_changed":false,"om_disable_all_campaigns":false,"rs_blank_template":"","rs_page_bg_color":"","slide_template_v7":"","inline_featured_image":false,"_monsterinsights_skip_tracking":false,"_monsterinsights_sitenote_active":false,"_monsterinsights_sitenote_note":"","_monsterinsights_sitenote_category":0},"product_brand":[],"product_cat":[132],"product_tag":[],"class_list":{"0":"post-125266","1":"product","2":"type-product","3":"status-publish","4":"has-post-thumbnail","6":"product_cat-lectures-per-preadolescents-6-12-anys","8":"first","9":"instock","10":"taxable","11":"shipping-taxable","12":"purchasable","13":"product-type-simple"},"acf":{"editorial":[{"ID":6262,"post_author":"3","post_date":"2022-07-28 17:48:26","post_date_gmt":"2022-07-28 15:48:26","post_content":"","post_title":"Gribaudo","post_excerpt":"","post_status":"publish","comment_status":"closed","ping_status":"closed","post_password":"","post_name":"gribaudo","to_ping":"","pinged":"","post_modified":"2022-07-28 17:48:26","post_modified_gmt":"2022-07-28 15:48:26","post_content_filtered":"","post_parent":0,"guid":"http:\/\/dev.claret.cat\/editorial\/gribaudo\/","menu_order":0,"post_type":"editorial","post_mime_type":"","comment_count":"0","filter":"raw"}],"autor":"CINGOLI, LORENZA","codart":"841712746","libros-coleccion":"Cuentos de Navidad","ediciones":"1","encuadernacion":"Carton\u00e9","fecha_de_publicacion":"01\/10\/2019","novedad":"1","paginas":"194","subtitulo":"","orden":"0","portada":"0","idioma":"spa","autores-libros":[{"ID":162468,"post_author":"3","post_date":"2022-10-14 17:31:15","post_date_gmt":"2022-10-14 15:31:15","post_content":"","post_title":"LORENZA CINGOLI","post_excerpt":"","post_status":"publish","comment_status":"closed","ping_status":"closed","post_password":"","post_name":"lorenza-cingoli-2","to_ping":"","pinged":"","post_modified":"2022-10-14 17:31:15","post_modified_gmt":"2022-10-14 15:31:15","post_content_filtered":"","post_parent":0,"guid":"http:\/\/dev.claret.cat\/autor\/lorenza-cingoli-2\/","menu_order":0,"post_type":"autor","post_mime_type":"","comment_count":"0","filter":"raw"}]},"aioseo_notices":[],"_links":{"self":[{"href":"https:\/\/www.claret.cat\/es\/wp-json\/wp\/v2\/product\/125266","targetHints":{"allow":["GET"]}}],"collection":[{"href":"https:\/\/www.claret.cat\/es\/wp-json\/wp\/v2\/product"}],"about":[{"href":"https:\/\/www.claret.cat\/es\/wp-json\/wp\/v2\/types\/product"}],"wp:featuredmedia":[{"embeddable":true,"href":"https:\/\/www.claret.cat\/es\/wp-json\/wp\/v2\/media\/125267"}],"wp:attachment":[{"href":"https:\/\/www.claret.cat\/es\/wp-json\/wp\/v2\/media?parent=125266"}],"wp:term":[{"taxonomy":"product_brand","embeddable":true,"href":"https:\/\/www.claret.cat\/es\/wp-json\/wp\/v2\/product_brand?post=125266"},{"taxonomy":"product_cat","embeddable":true,"href":"https:\/\/www.claret.cat\/es\/wp-json\/wp\/v2\/product_cat?post=125266"},{"taxonomy":"product_tag","embeddable":true,"href":"https:\/\/www.claret.cat\/es\/wp-json\/wp\/v2\/product_tag?post=125266"}],"curies":[{"name":"wp","href":"https:\/\/api.w.org\/{rel}","templated":true}]}}