{"id":125437,"date":"2022-10-12T22:07:03","date_gmt":"2022-10-12T20:07:03","guid":{"rendered":"http:\/\/dev.claret.cat\/producte\/el-gigante-meon\/"},"modified":"2023-01-28T21:28:44","modified_gmt":"2023-01-28T20:28:44","slug":"el-gigante-meon-9788491453024","status":"publish","type":"product","link":"https:\/\/www.claret.cat\/es\/libro\/el-gigante-meon-9788491453024\/","title":{"rendered":"EL GIGANTE ME\u00d3N"},"content":{"rendered":"<p>Una buena ma\u00f1ana, un gigante un poco despistado camina buscando un lugar en el que poder hacer pip\u00ed. Pero primero se encuentra con un caballero que anda en busca de un tesoro, despu\u00e9s con una princesa que le pide que la rescate de su torre\u00f3n&#8230; \u00a1Y claro, el gigante acaba haciendo pis en cualquier parte! Riccardo Francaviglia y Margherita Sgarlata nos traen una divertida historia, protagonizada por un entra\u00f1able gigante y habitada por los personajes m\u00e1s habituales de los cuentos de hadas: caballeros, princesas, reyes&#8230; El Gigante Me\u00f3n ha ganado el premio a mejor \u00e1lbum ilustrado para ni\u00f1os de 3\/8 a\u00f1os y el premio especial al mejor texto rimado en el VI Concurso Internacional de Cuentos de Hadas Ilustrados Sulle ali delle farfalle.<\/p>\n","protected":false},"excerpt":{"rendered":"<p>FRANCAVIGLIA, RICCARDO<\/p>\n","protected":false},"featured_media":125438,"template":"","meta":{"_acf_changed":false,"om_disable_all_campaigns":false,"rs_blank_template":"","rs_page_bg_color":"","slide_template_v7":"","inline_featured_image":false,"_monsterinsights_skip_tracking":false,"_monsterinsights_sitenote_active":false,"_monsterinsights_sitenote_note":"","_monsterinsights_sitenote_category":0},"product_brand":[],"product_cat":[131],"product_tag":[],"class_list":{"0":"post-125437","1":"product","2":"type-product","3":"status-publish","4":"has-post-thumbnail","6":"product_cat-contes-per-infants-0-6-anys","8":"first","9":"instock","10":"taxable","11":"shipping-taxable","12":"purchasable","13":"product-type-simple"},"acf":{"editorial":[{"ID":6329,"post_author":"3","post_date":"2022-07-28 17:49:51","post_date_gmt":"2022-07-28 15:49:51","post_content":"","post_title":"PICARONA","post_excerpt":"","post_status":"publish","comment_status":"closed","ping_status":"closed","post_password":"","post_name":"picarona","to_ping":"","pinged":"","post_modified":"2022-07-28 17:49:51","post_modified_gmt":"2022-07-28 15:49:51","post_content_filtered":"","post_parent":0,"guid":"http:\/\/dev.claret.cat\/editorial\/picarona\/","menu_order":0,"post_type":"editorial","post_mime_type":"","comment_count":"0","filter":"raw"}],"autor":"FRANCAVIGLIA, RICCARDO","codart":"849145302","libros-coleccion":"PICARONA","ediciones":"1","encuadernacion":"Carton\u00e9","fecha_de_publicacion":"01\/10\/2019","novedad":"1","paginas":"36","subtitulo":"","orden":"0","portada":"0","idioma":"spa","autores-libros":[{"ID":168073,"post_author":"3","post_date":"2022-10-14 18:16:18","post_date_gmt":"2022-10-14 16:16:18","post_content":"","post_title":"RICCARDO FRANCAVIGLIA","post_excerpt":"","post_status":"publish","comment_status":"closed","ping_status":"closed","post_password":"","post_name":"riccardo-francaviglia","to_ping":"","pinged":"","post_modified":"2022-10-14 18:16:18","post_modified_gmt":"2022-10-14 16:16:18","post_content_filtered":"","post_parent":0,"guid":"http:\/\/dev.claret.cat\/autor\/riccardo-francaviglia\/","menu_order":0,"post_type":"autor","post_mime_type":"","comment_count":"0","filter":"raw"}]},"aioseo_notices":[],"_links":{"self":[{"href":"https:\/\/www.claret.cat\/es\/wp-json\/wp\/v2\/product\/125437","targetHints":{"allow":["GET"]}}],"collection":[{"href":"https:\/\/www.claret.cat\/es\/wp-json\/wp\/v2\/product"}],"about":[{"href":"https:\/\/www.claret.cat\/es\/wp-json\/wp\/v2\/types\/product"}],"wp:featuredmedia":[{"embeddable":true,"href":"https:\/\/www.claret.cat\/es\/wp-json\/wp\/v2\/media\/125438"}],"wp:attachment":[{"href":"https:\/\/www.claret.cat\/es\/wp-json\/wp\/v2\/media?parent=125437"}],"wp:term":[{"taxonomy":"product_brand","embeddable":true,"href":"https:\/\/www.claret.cat\/es\/wp-json\/wp\/v2\/product_brand?post=125437"},{"taxonomy":"product_cat","embeddable":true,"href":"https:\/\/www.claret.cat\/es\/wp-json\/wp\/v2\/product_cat?post=125437"},{"taxonomy":"product_tag","embeddable":true,"href":"https:\/\/www.claret.cat\/es\/wp-json\/wp\/v2\/product_tag?post=125437"}],"curies":[{"name":"wp","href":"https:\/\/api.w.org\/{rel}","templated":true}]}}