{"id":125440,"date":"2022-10-12T22:07:06","date_gmt":"2022-10-12T20:07:06","guid":{"rendered":"http:\/\/dev.claret.cat\/producte\/el-gegant-pixaner\/"},"modified":"2024-03-03T10:58:13","modified_gmt":"2024-03-03T09:58:13","slug":"el-gegant-pixaner-9788491453031","status":"publish","type":"product","link":"https:\/\/www.claret.cat\/es\/libro\/el-gegant-pixaner-9788491453031\/","title":{"rendered":"EL GEGANT PIXANER"},"content":{"rendered":"<p>Un bon dia, un gegant una mica despistat passeja cercant un indret on poder fer un riuet. Per\u00f2 primer es troba amb un cavaller que li promet un tresor, despr\u00e9s amb una princesa que li demana que l&#8217;alliberi de la seva pres\u00f3&#8230; I, \u00e9s clar, el Gegant Pixaner acaba fent pip\u00ed en qualsevol lloc! Riccardo Francaviglia i Margherita Sgarlata ens porten una divertida hist\u00f2ria, protagonitzada per un entranyable gegant i habitada pels personatges m\u00e9s habituals dels contes de fades: cavallers, princeses, reis&#8230; El Gegant Pixaner ha guanyat el premi al millor \u00e0lbum il\u00b7lustrat per a nens de 3 a 8 anys i el premi especial al millor text rimat en el VI Concurs Internacional de Contes de Fades Il\u00b7lustrats Sulle ali delle farfalle.<\/p>\n","protected":false},"excerpt":{"rendered":"<p>FRANCAVIGLIA, RICCARDO<\/p>\n","protected":false},"featured_media":954814,"template":"","meta":{"_acf_changed":false,"om_disable_all_campaigns":false,"rs_blank_template":"","rs_page_bg_color":"","slide_template_v7":"","inline_featured_image":false,"_monsterinsights_skip_tracking":false,"_monsterinsights_sitenote_active":false,"_monsterinsights_sitenote_note":"","_monsterinsights_sitenote_category":0},"product_brand":[],"product_cat":[131,361],"product_tag":[],"class_list":{"0":"post-125440","1":"product","2":"type-product","3":"status-publish","4":"has-post-thumbnail","6":"product_cat-contes-per-infants-0-6-anys","7":"product_cat-cuentos-para-ninos-0-6-anos","9":"first","10":"instock","11":"taxable","12":"shipping-taxable","13":"purchasable","14":"product-type-simple"},"acf":{"editorial":[{"ID":6329,"post_author":"3","post_date":"2022-07-28 17:49:51","post_date_gmt":"2022-07-28 15:49:51","post_content":"","post_title":"PICARONA","post_excerpt":"","post_status":"publish","comment_status":"closed","ping_status":"closed","post_password":"","post_name":"picarona","to_ping":"","pinged":"","post_modified":"2022-07-28 17:49:51","post_modified_gmt":"2022-07-28 15:49:51","post_content_filtered":"","post_parent":0,"guid":"http:\/\/dev.claret.cat\/editorial\/picarona\/","menu_order":0,"post_type":"editorial","post_mime_type":"","comment_count":"0","filter":"raw"}],"autor":"FRANCAVIGLIA, RICCARDO","codart":"849145303","libros-coleccion":"PICARONA","ediciones":"1","encuadernacion":"Carton\u00e9","fecha_de_publicacion":"01\/10\/2019","novedad":"1","paginas":"36","subtitulo":"","orden":"0","portada":"0","idioma":"cat","autores-libros":[{"ID":168073,"post_author":"3","post_date":"2022-10-14 18:16:18","post_date_gmt":"2022-10-14 16:16:18","post_content":"","post_title":"RICCARDO FRANCAVIGLIA","post_excerpt":"","post_status":"publish","comment_status":"closed","ping_status":"closed","post_password":"","post_name":"riccardo-francaviglia","to_ping":"","pinged":"","post_modified":"2022-10-14 18:16:18","post_modified_gmt":"2022-10-14 16:16:18","post_content_filtered":"","post_parent":0,"guid":"http:\/\/dev.claret.cat\/autor\/riccardo-francaviglia\/","menu_order":0,"post_type":"autor","post_mime_type":"","comment_count":"0","filter":"raw"}]},"aioseo_notices":[],"_links":{"self":[{"href":"https:\/\/www.claret.cat\/es\/wp-json\/wp\/v2\/product\/125440","targetHints":{"allow":["GET"]}}],"collection":[{"href":"https:\/\/www.claret.cat\/es\/wp-json\/wp\/v2\/product"}],"about":[{"href":"https:\/\/www.claret.cat\/es\/wp-json\/wp\/v2\/types\/product"}],"wp:featuredmedia":[{"embeddable":true,"href":"https:\/\/www.claret.cat\/es\/wp-json\/wp\/v2\/media\/954814"}],"wp:attachment":[{"href":"https:\/\/www.claret.cat\/es\/wp-json\/wp\/v2\/media?parent=125440"}],"wp:term":[{"taxonomy":"product_brand","embeddable":true,"href":"https:\/\/www.claret.cat\/es\/wp-json\/wp\/v2\/product_brand?post=125440"},{"taxonomy":"product_cat","embeddable":true,"href":"https:\/\/www.claret.cat\/es\/wp-json\/wp\/v2\/product_cat?post=125440"},{"taxonomy":"product_tag","embeddable":true,"href":"https:\/\/www.claret.cat\/es\/wp-json\/wp\/v2\/product_tag?post=125440"}],"curies":[{"name":"wp","href":"https:\/\/api.w.org\/{rel}","templated":true}]}}