{"id":125485,"date":"2022-10-12T22:07:48","date_gmt":"2022-10-12T20:07:48","guid":{"rendered":"http:\/\/dev.claret.cat\/producte\/al-borde-de-un-ataque-de-compras\/"},"modified":"2023-01-27T23:58:55","modified_gmt":"2023-01-27T22:58:55","slug":"al-borde-de-un-ataque-de-compras-9788417636630","status":"publish","type":"product","link":"https:\/\/www.claret.cat\/es\/libro\/al-borde-de-un-ataque-de-compras-9788417636630\/","title":{"rendered":"AL BORDE DE UN ATAQUE DE COMPRAS"},"content":{"rendered":"<p>Este libro ofrece 73 pautas ingeniosas, sencillas y sin embargo  eficaces que simplifican nuestra labor como consumidores y consumidoras  sin sermonear ni culpabilizar, y nos allanan el camino hacia un modo de vida m\u00e1s responsable. Consumir de manera consciente, es decir, teniendo en cuenta las  implicaciones sociales y medioambientales, parece una meta cada vez m\u00e1s  dif\u00edcil de alcanzar. Pero al igual que el voto, toda opci\u00f3n ligada al  consumo es a fin de cuentas una decisi\u00f3n pol\u00edtica con la que d\u00eda a d\u00eda  perfilamos nuestra realidad, pues implica intereses de todo tipo que,  sin saberlo, podemos estar apoyando en contra de nuestros propios valores.  Apelando al sentido com\u00fan que habita en todos nosotros y eludiendo  cualquier tipo de fanatismo, Brenda Ch\u00e1vez entreteje de manera h\u00e1bil y  amena una serie de datos sorprendentes, ejemplos reveladores y consejos  pr\u00e1cticos al alcance de cualquier persona. El primer paso para desprogramar unas l\u00f3gicas de mercado que tenemos totalmente  interiorizadas y que ejercen en nosotros una influencia poderosa sin que apenas nos demos cuenta.<\/p>\n","protected":false},"excerpt":{"rendered":"<p>CH\u00c1VEZ, BRENDA<\/p>\n","protected":false},"featured_media":125486,"template":"","meta":{"_acf_changed":false,"om_disable_all_campaigns":false,"rs_blank_template":"","rs_page_bg_color":"","slide_template_v7":"","inline_featured_image":false,"_monsterinsights_skip_tracking":false,"_monsterinsights_sitenote_active":false,"_monsterinsights_sitenote_note":"","_monsterinsights_sitenote_category":0},"product_brand":[],"product_cat":[159],"product_tag":[],"class_list":{"0":"post-125485","1":"product","2":"type-product","3":"status-publish","4":"has-post-thumbnail","6":"product_cat-autors","8":"first","9":"instock","10":"taxable","11":"shipping-taxable","12":"purchasable","13":"product-type-simple"},"acf":{"editorial":[{"ID":6177,"post_author":"3","post_date":"2022-07-28 17:46:33","post_date_gmt":"2022-07-28 15:46:33","post_content":"","post_title":"DEBATE","post_excerpt":"","post_status":"publish","comment_status":"closed","ping_status":"closed","post_password":"","post_name":"debate","to_ping":"","pinged":"","post_modified":"2022-07-28 17:46:33","post_modified_gmt":"2022-07-28 15:46:33","post_content_filtered":"","post_parent":0,"guid":"http:\/\/dev.claret.cat\/editorial\/debate\/","menu_order":0,"post_type":"editorial","post_mime_type":"","comment_count":"0","filter":"raw"}],"autor":"CH\u00c1VEZ, BRENDA","codart":"841763663","libros-coleccion":"SOCIEDAD","ediciones":"1","encuadernacion":"Carton\u00e9","fecha_de_publicacion":"01\/10\/2019","novedad":"1","paginas":"0","subtitulo":"","orden":"0","portada":"0","idioma":"spa","autores-libros":[{"ID":151868,"post_author":"3","post_date":"2022-10-14 14:44:16","post_date_gmt":"2022-10-14 12:44:16","post_content":"","post_title":"BRENDA CHAVEZ","post_excerpt":"","post_status":"publish","comment_status":"closed","ping_status":"closed","post_password":"","post_name":"brenda-chavez","to_ping":"","pinged":"","post_modified":"2022-10-14 14:44:16","post_modified_gmt":"2022-10-14 12:44:16","post_content_filtered":"","post_parent":0,"guid":"http:\/\/dev.claret.cat\/autor\/brenda-chavez\/","menu_order":0,"post_type":"autor","post_mime_type":"","comment_count":"0","filter":"raw"}]},"aioseo_notices":[],"_links":{"self":[{"href":"https:\/\/www.claret.cat\/es\/wp-json\/wp\/v2\/product\/125485","targetHints":{"allow":["GET"]}}],"collection":[{"href":"https:\/\/www.claret.cat\/es\/wp-json\/wp\/v2\/product"}],"about":[{"href":"https:\/\/www.claret.cat\/es\/wp-json\/wp\/v2\/types\/product"}],"wp:featuredmedia":[{"embeddable":true,"href":"https:\/\/www.claret.cat\/es\/wp-json\/wp\/v2\/media\/125486"}],"wp:attachment":[{"href":"https:\/\/www.claret.cat\/es\/wp-json\/wp\/v2\/media?parent=125485"}],"wp:term":[{"taxonomy":"product_brand","embeddable":true,"href":"https:\/\/www.claret.cat\/es\/wp-json\/wp\/v2\/product_brand?post=125485"},{"taxonomy":"product_cat","embeddable":true,"href":"https:\/\/www.claret.cat\/es\/wp-json\/wp\/v2\/product_cat?post=125485"},{"taxonomy":"product_tag","embeddable":true,"href":"https:\/\/www.claret.cat\/es\/wp-json\/wp\/v2\/product_tag?post=125485"}],"curies":[{"name":"wp","href":"https:\/\/api.w.org\/{rel}","templated":true}]}}