{"id":125506,"date":"2022-10-12T22:08:08","date_gmt":"2022-10-12T20:08:08","guid":{"rendered":"http:\/\/dev.claret.cat\/producte\/alma-libre\/"},"modified":"2023-01-28T10:21:44","modified_gmt":"2023-01-28T09:21:44","slug":"alma-libre-9788417736255","status":"publish","type":"product","link":"https:\/\/www.claret.cat\/es\/libro\/alma-libre-9788417736255\/","title":{"rendered":"A(L)MA LIBRE"},"content":{"rendered":"<p>A(l)ma libre es el primer instapoemario de Lidia Rauet. Un  libro de reflexiones y poemas a trav\u00e9s de los cuales podr\u00e1s conocer mejor el mundo de Lidia. Fui tan fr\u00e1gil como un cristal a punto de estallar.<br \/>Aprend\u00ed a estar sola, y eso me hizo no volver a estarlo nunca m\u00e1s.<br \/>Descubr\u00ed en mi misma el impulso que nos da alas para volar. Amarme a m\u00ed misma fue el principio de esta historia.<br \/>Est\u00e1s a punto de conocer mis miedos, mis barreras, mis logros.<br \/>Est\u00e1s a punto de descubrir mi verdad.<\/p>\n","protected":false},"excerpt":{"rendered":"<p>RAUET, LIDIA<\/p>\n","protected":false},"featured_media":125507,"template":"","meta":{"_acf_changed":false,"om_disable_all_campaigns":false,"rs_blank_template":"","rs_page_bg_color":"","slide_template_v7":"","inline_featured_image":false,"_monsterinsights_skip_tracking":false,"_monsterinsights_sitenote_active":false,"_monsterinsights_sitenote_note":"","_monsterinsights_sitenote_category":0},"product_brand":[],"product_cat":[116,121],"product_tag":[],"class_list":{"0":"post-125506","1":"product","2":"type-product","3":"status-publish","4":"has-post-thumbnail","6":"product_cat-influencers","7":"product_cat-poesia","9":"first","10":"instock","11":"taxable","12":"shipping-taxable","13":"purchasable","14":"product-type-simple"},"acf":{"editorial":[{"ID":6136,"post_author":"3","post_date":"2022-07-28 17:45:39","post_date_gmt":"2022-07-28 15:45:39","post_content":"","post_title":"B de Blok (Ediciones B)","post_excerpt":"","post_status":"publish","comment_status":"closed","ping_status":"closed","post_password":"","post_name":"b-de-blok-ediciones-b","to_ping":"","pinged":"","post_modified":"2022-07-28 17:45:39","post_modified_gmt":"2022-07-28 15:45:39","post_content_filtered":"","post_parent":0,"guid":"http:\/\/dev.claret.cat\/editorial\/b-de-blok-ediciones-b\/","menu_order":0,"post_type":"editorial","post_mime_type":"","comment_count":"0","filter":"raw"}],"autor":"RAUET, LIDIA","codart":"841773625","libros-coleccion":"CONECTAD S","ediciones":"1","encuadernacion":"Carton\u00e9","fecha_de_publicacion":"01\/10\/2019","novedad":"1","paginas":"140","subtitulo":"","orden":"0","portada":"0","idioma":"spa","autores-libros":[{"ID":162202,"post_author":"3","post_date":"2022-10-14 17:29:09","post_date_gmt":"2022-10-14 15:29:09","post_content":"","post_title":"LIDIA RAUET","post_excerpt":"","post_status":"publish","comment_status":"closed","ping_status":"closed","post_password":"","post_name":"lidia-rauet","to_ping":"","pinged":"","post_modified":"2022-10-14 17:29:09","post_modified_gmt":"2022-10-14 15:29:09","post_content_filtered":"","post_parent":0,"guid":"http:\/\/dev.claret.cat\/autor\/lidia-rauet\/","menu_order":0,"post_type":"autor","post_mime_type":"","comment_count":"0","filter":"raw"}]},"aioseo_notices":[],"_links":{"self":[{"href":"https:\/\/www.claret.cat\/es\/wp-json\/wp\/v2\/product\/125506","targetHints":{"allow":["GET"]}}],"collection":[{"href":"https:\/\/www.claret.cat\/es\/wp-json\/wp\/v2\/product"}],"about":[{"href":"https:\/\/www.claret.cat\/es\/wp-json\/wp\/v2\/types\/product"}],"wp:featuredmedia":[{"embeddable":true,"href":"https:\/\/www.claret.cat\/es\/wp-json\/wp\/v2\/media\/125507"}],"wp:attachment":[{"href":"https:\/\/www.claret.cat\/es\/wp-json\/wp\/v2\/media?parent=125506"}],"wp:term":[{"taxonomy":"product_brand","embeddable":true,"href":"https:\/\/www.claret.cat\/es\/wp-json\/wp\/v2\/product_brand?post=125506"},{"taxonomy":"product_cat","embeddable":true,"href":"https:\/\/www.claret.cat\/es\/wp-json\/wp\/v2\/product_cat?post=125506"},{"taxonomy":"product_tag","embeddable":true,"href":"https:\/\/www.claret.cat\/es\/wp-json\/wp\/v2\/product_tag?post=125506"}],"curies":[{"name":"wp","href":"https:\/\/api.w.org\/{rel}","templated":true}]}}