{"id":125539,"date":"2022-10-12T22:08:40","date_gmt":"2022-10-12T20:08:40","guid":{"rendered":"http:\/\/dev.claret.cat\/producte\/estuche-regalo-erase-una-vez-mis-cuentos-favoritos\/"},"modified":"2023-01-28T14:44:55","modified_gmt":"2023-01-28T13:44:55","slug":"estuche-regalo-erase-una-vez-mis-cuentos-favoritos-9789403214153","status":"publish","type":"product","link":"https:\/\/www.claret.cat\/es\/libro\/estuche-regalo-erase-una-vez-mis-cuentos-favoritos-9789403214153\/","title":{"rendered":"ESTUCHE REGALO &#8211; \u00c9RASE UNA VEZ &#8211; MIS CUENTOS FAVORITOS"},"content":{"rendered":"<p>Este magn\u00edfico estuche-regalo contiene: ? 1 cuento de 48 p\u00e1ginas con 4 cuentos cl\u00e1sicos reescritos y maravillosamente ilustrados: ? CAPERUCITA ROJA ? EL PATITO FEO ? LOS TRES CERDITOS ? RICITOS DE ORO Y LOS 3 OSOS ? 1 Puzle de 25 piezas ? 1 juego de Memoria de 48 cartas<\/p>\n","protected":false},"excerpt":{"rendered":"<p>BALLON<\/p>\n","protected":false},"featured_media":125540,"template":"","meta":{"_acf_changed":false,"om_disable_all_campaigns":false,"rs_blank_template":"","rs_page_bg_color":"","slide_template_v7":"","inline_featured_image":false,"_monsterinsights_skip_tracking":false,"_monsterinsights_sitenote_active":false,"_monsterinsights_sitenote_note":"","_monsterinsights_sitenote_category":0},"product_brand":[],"product_cat":[131,135],"product_tag":[],"class_list":{"0":"post-125539","1":"product","2":"type-product","3":"status-publish","4":"has-post-thumbnail","6":"product_cat-contes-per-infants-0-6-anys","7":"product_cat-entreteniment","9":"first","10":"instock","11":"taxable","12":"shipping-taxable","13":"purchasable","14":"product-type-simple"},"acf":{"editorial":[{"ID":6169,"post_author":"3","post_date":"2022-07-28 17:46:22","post_date_gmt":"2022-07-28 15:46:22","post_content":"","post_title":"Contenido en Movimiento","post_excerpt":"","post_status":"publish","comment_status":"closed","ping_status":"closed","post_password":"","post_name":"contenido-en-movimiento","to_ping":"","pinged":"","post_modified":"2022-07-28 17:46:22","post_modified_gmt":"2022-07-28 15:46:22","post_content_filtered":"","post_parent":0,"guid":"http:\/\/dev.claret.cat\/editorial\/contenido-en-movimiento\/","menu_order":0,"post_type":"editorial","post_mime_type":"","comment_count":"0","filter":"raw"}],"autores-libros":[{"ID":5286,"post_author":"3","post_date":"2022-07-28 17:20:46","post_date_gmt":"2022-07-28 15:20:46","post_content":"","post_title":"BALLON","post_excerpt":"","post_status":"publish","comment_status":"closed","ping_status":"closed","post_password":"","post_name":"ballon","to_ping":"","pinged":"","post_modified":"2022-07-28 17:20:46","post_modified_gmt":"2022-07-28 15:20:46","post_content_filtered":"","post_parent":0,"guid":"http:\/\/dev.claret.cat\/autor\/ballon\/","menu_order":0,"post_type":"autor","post_mime_type":"","comment_count":"0","filter":"raw"}],"autor":"BALLON","codart":"940321415","libros-coleccion":"\u00c9rase una vez","ediciones":"1","encuadernacion":"R\u00fastica","fecha_de_publicacion":"01\/10\/2019","novedad":"1","paginas":"48","subtitulo":"","orden":"0","portada":"0","idioma":"spa"},"aioseo_notices":[],"_links":{"self":[{"href":"https:\/\/www.claret.cat\/es\/wp-json\/wp\/v2\/product\/125539","targetHints":{"allow":["GET"]}}],"collection":[{"href":"https:\/\/www.claret.cat\/es\/wp-json\/wp\/v2\/product"}],"about":[{"href":"https:\/\/www.claret.cat\/es\/wp-json\/wp\/v2\/types\/product"}],"wp:featuredmedia":[{"embeddable":true,"href":"https:\/\/www.claret.cat\/es\/wp-json\/wp\/v2\/media\/125540"}],"wp:attachment":[{"href":"https:\/\/www.claret.cat\/es\/wp-json\/wp\/v2\/media?parent=125539"}],"wp:term":[{"taxonomy":"product_brand","embeddable":true,"href":"https:\/\/www.claret.cat\/es\/wp-json\/wp\/v2\/product_brand?post=125539"},{"taxonomy":"product_cat","embeddable":true,"href":"https:\/\/www.claret.cat\/es\/wp-json\/wp\/v2\/product_cat?post=125539"},{"taxonomy":"product_tag","embeddable":true,"href":"https:\/\/www.claret.cat\/es\/wp-json\/wp\/v2\/product_tag?post=125539"}],"curies":[{"name":"wp","href":"https:\/\/api.w.org\/{rel}","templated":true}]}}