{"id":125542,"date":"2022-10-12T22:08:42","date_gmt":"2022-10-12T20:08:42","guid":{"rendered":"http:\/\/dev.claret.cat\/producte\/la-tania-i-totes-les-tortugues\/"},"modified":"2026-01-20T16:16:03","modified_gmt":"2026-01-20T15:16:03","slug":"la-tania-i-totes-les-tortugues-9788466142113","status":"publish","type":"product","link":"https:\/\/www.claret.cat\/es\/libro\/la-tania-i-totes-les-tortugues-9788466142113\/","title":{"rendered":"LA T\u00c0NIA I TOTES LES TORTUGUES"},"content":{"rendered":"<p>La T\u00e0nia est\u00e0 enfadada amb el pare perqu\u00e8 no li vol comprar una tortuga. Per\u00f2, despr\u00e9s d&#8221;una visita a un centre de recuperaci\u00f3 d&#8221;amfibis i r\u00e8ptils, la nena compr\u00e8n que val m\u00e9s que els animals visquin en llibertat, en el seu entorn natural.<\/p>\n","protected":false},"excerpt":{"rendered":"<p>VILLANUEVA I PERARNAU, MURIEL<\/p>\n","protected":false},"featured_media":1075106,"template":"","meta":{"_acf_changed":false,"om_disable_all_campaigns":false,"rs_blank_template":"","rs_page_bg_color":"","slide_template_v7":"","inline_featured_image":false,"_monsterinsights_skip_tracking":false,"_monsterinsights_sitenote_active":false,"_monsterinsights_sitenote_note":"","_monsterinsights_sitenote_category":0},"product_brand":[],"product_cat":[131,361],"product_tag":[],"class_list":{"0":"post-125542","1":"product","2":"type-product","3":"status-publish","4":"has-post-thumbnail","6":"product_cat-contes-per-infants-0-6-anys","7":"product_cat-cuentos-para-ninos-0-6-anos","9":"first","10":"instock","11":"taxable","12":"shipping-taxable","13":"purchasable","14":"product-type-simple"},"acf":{"autor":"VILLANUEVA I PERARNAU, MURIEL","codart":"846614211","libros-coleccion":"El Barco de Vapor Blanca","ediciones":"1","encuadernacion":"R\u00fastica","fecha_de_publicacion":"01\/02\/2018","novedad":"1","paginas":"43","subtitulo":"","orden":"0","portada":"0","idioma":"cat","editorial":[{"ID":147679,"post_author":"3","post_date":"2022-10-14 11:52:25","post_date_gmt":"2022-10-14 09:52:25","post_content":"","post_title":"CRUILLA \/SM-EDICIONS -VALENCIANO\/CATALAN","post_excerpt":"","post_status":"publish","comment_status":"closed","ping_status":"closed","post_password":"","post_name":"cruilla-sm-edicions-valenciano-catalan","to_ping":"","pinged":"","post_modified":"2022-10-14 11:52:25","post_modified_gmt":"2022-10-14 09:52:25","post_content_filtered":"","post_parent":0,"guid":"http:\/\/dev.claret.cat\/editorial\/cruilla-sm-edicions-valenciano-catalan\/","menu_order":0,"post_type":"editorial","post_mime_type":"","comment_count":"0","filter":"raw"}],"autores-libros":[{"ID":165508,"post_author":"3","post_date":"2022-10-14 17:55:44","post_date_gmt":"2022-10-14 15:55:44","post_content":"","post_title":"MURIEL VILLANUEVA I PERARNAU","post_excerpt":"","post_status":"publish","comment_status":"closed","ping_status":"closed","post_password":"","post_name":"muriel-villanueva-i-perarnau","to_ping":"","pinged":"","post_modified":"2022-10-14 17:55:44","post_modified_gmt":"2022-10-14 15:55:44","post_content_filtered":"","post_parent":0,"guid":"http:\/\/dev.claret.cat\/autor\/muriel-villanueva-i-perarnau\/","menu_order":0,"post_type":"autor","post_mime_type":"","comment_count":"0","filter":"raw"}],"booktrailer":"","resenas":""},"aioseo_notices":[],"_links":{"self":[{"href":"https:\/\/www.claret.cat\/es\/wp-json\/wp\/v2\/product\/125542","targetHints":{"allow":["GET"]}}],"collection":[{"href":"https:\/\/www.claret.cat\/es\/wp-json\/wp\/v2\/product"}],"about":[{"href":"https:\/\/www.claret.cat\/es\/wp-json\/wp\/v2\/types\/product"}],"wp:featuredmedia":[{"embeddable":true,"href":"https:\/\/www.claret.cat\/es\/wp-json\/wp\/v2\/media\/1075106"}],"wp:attachment":[{"href":"https:\/\/www.claret.cat\/es\/wp-json\/wp\/v2\/media?parent=125542"}],"wp:term":[{"taxonomy":"product_brand","embeddable":true,"href":"https:\/\/www.claret.cat\/es\/wp-json\/wp\/v2\/product_brand?post=125542"},{"taxonomy":"product_cat","embeddable":true,"href":"https:\/\/www.claret.cat\/es\/wp-json\/wp\/v2\/product_cat?post=125542"},{"taxonomy":"product_tag","embeddable":true,"href":"https:\/\/www.claret.cat\/es\/wp-json\/wp\/v2\/product_tag?post=125542"}],"curies":[{"name":"wp","href":"https:\/\/api.w.org\/{rel}","templated":true}]}}