{"id":125668,"date":"2022-10-12T22:10:40","date_gmt":"2022-10-12T20:10:40","guid":{"rendered":"http:\/\/dev.claret.cat\/producte\/kronos-junior-el-juego-de-la-cronologia-biblica-para-ninos\/"},"modified":"2025-06-30T15:50:41","modified_gmt":"2025-06-30T13:50:41","slug":"kronos-junior-el-juego-de-la-cronologia-biblica-para-ninos-9780511920257","status":"publish","type":"product","link":"https:\/\/www.claret.cat\/es\/libro\/kronos-junior-el-juego-de-la-cronologia-biblica-para-ninos-9780511920257\/","title":{"rendered":"KRONOS JUNIOR. EL JUEGO DE LA CRONOLOG\u00cdA B\u00cdBLICA PARA NI\u00d1OS"},"content":{"rendered":"<p>\u00a1Bienvenido al juego Kronos Infantil! \u00bfEst\u00e1s preparado para pas\u00e1rtelo en grande mientras aprendes a ordenar en el tiempo las aventuras b\u00edblicas que te aparecer\u00e1n en las cartas?<\/p>\n<p>Objetivo del juego.<\/p>\n<p>Situar las cartas en su orden hist\u00f3rico seg\u00fan vayan apareciendo. El primero que se quede sin cartas gana.<\/p>\n<p>Qu\u00e9 contiene el juego.<\/p>\n<p>80 cartas. En el anverso aparece el hecho hist\u00f3rico con una imagen, en el reverso exactamente la misma informaci\u00f3n m\u00e1s un n\u00famero que puede ser del 1 al 80. Siendo el 1 el primer evento que sucedi\u00f3 y el 80 el \u00faltimo. As\u00ed en esta versi\u00f3n junior no se han marcado fechas exactas para ser m\u00e1s claro y f\u00e1cil para los peque\u00f1os jugadores.<\/p>\n<p>\u00bfC\u00f3mo se juega?<\/p>\n<p>1) Cada jugador recibe 5 cartas. Y las deber\u00e1 colocar encima de la mesa, por el lado anverso (el lado d\u00f3nde no est\u00e1 el n\u00famero). Es muy importante que ning\u00fan jugador vea el reverso con el n\u00famero de las cartas.<br \/>2) Las cartas sobrantes se colocan en un mazo a un lado de donde se jugar\u00e1 la partida.<br \/>3) Se decide qui\u00e9n ser\u00e1 el primer jugador en empezar la partida. Y este lanza su primera carta al centro y le da la vuelta con el n\u00famero visible.<br \/>4) El turno sigue en sentido de las agujas del reloj, y el siguiente jugador toma una de sus cartas, y debe decidir si el evento en \u00e9l descrito es anterior o posterior a la fecha del evento que hay sobre la mesa. Si es anterior deber\u00e1 colocarlo a la izquierda de la carta ya situada, si es posterior a la derecha de la carta.<br \/>5) Una vez haya colocado la carta, se le da la vuelta y se mira el n\u00famero. Si est\u00e1 situada correctamente (a la izquierda si el n\u00famero es inferior o a la derecha si es superior a la primera carta), la carta se queda en la zona de juego y pasa el turno al siguiente jugador. Si no est\u00e1 colocada correctamente, la carta queda descartada y el jugador debe coger otra carta y qued\u00e1rsela. El turno pasa al siguiente.<br \/>6) Si la carta ha quedado en el centro el siguiente jugador tendr\u00e1 tres opciones al tirar su carta. Colocarla a la izquierda de las cartas (si la fecha cree que es inferior), colocarla a la derecha (si cree que la fecha es superior) o en el centro de ambas si cree que el evento se sit\u00faa cronol\u00f3gicamente entre los dos eventos que hay encima de la mesa. Si lo acierta, la carta se queda y el turno pasa. Si no, deber\u00e1 descartar su carta y tomar una carta del mazo, pasando el turno al siguiente jugador.<br \/>7) El turno va pasando sucesivamente y los jugadores deber\u00e1n colocar las cartas en el lugar que ocupan en la secuencia del tiempo b\u00edblico.<br \/>8) El ganador ser\u00e1 el primero que se quede sin cartas.<\/p>\n","protected":false},"excerpt":{"rendered":"<p>LUCIANO&#8217;S GIFTS<\/p>\n","protected":false},"featured_media":1036551,"template":"","meta":{"_acf_changed":false,"om_disable_all_campaigns":false,"rs_blank_template":"","rs_page_bg_color":"","slide_template_v7":"","inline_featured_image":false,"_monsterinsights_skip_tracking":false,"_monsterinsights_sitenote_active":false,"_monsterinsights_sitenote_note":"","_monsterinsights_sitenote_category":0},"product_brand":[],"product_cat":[482,224,479,220],"product_tag":[],"class_list":{"0":"post-125668","1":"product","2":"type-product","3":"status-publish","4":"has-post-thumbnail","6":"product_cat-biblias-didacticas","7":"product_cat-biblies-didactiques","8":"product_cat-juvenil-catequesis-1_espiritualidad","9":"product_cat-juvenil-catequesi","11":"first","12":"outofstock","13":"taxable","14":"shipping-taxable","15":"purchasable","16":"product-type-simple"},"acf":{"editorial":[{"ID":8255,"post_author":"3","post_date":"2022-09-30 09:21:31","post_date_gmt":"2022-09-30 07:21:31","post_content":"","post_title":"LUCIANO'S GIFTS","post_excerpt":"","post_status":"publish","comment_status":"closed","ping_status":"closed","post_password":"","post_name":"lucianos-gifts-3","to_ping":"","pinged":"","post_modified":"2022-09-30 09:21:31","post_modified_gmt":"2022-09-30 07:21:31","post_content_filtered":"","post_parent":0,"guid":"http:\/\/dev.claret.cat\/editorial\/lucianos-gifts-3\/","menu_order":0,"post_type":"editorial","post_mime_type":"","comment_count":"0","filter":"raw"}],"autores-libros":[{"ID":5747,"post_author":"3","post_date":"2022-07-28 17:30:36","post_date_gmt":"2022-07-28 15:30:36","post_content":"","post_title":"LUCIANO\u00b4S GIFTS","post_excerpt":"","post_status":"publish","comment_status":"closed","ping_status":"closed","post_password":"","post_name":"lucianos-gifts","to_ping":"","pinged":"","post_modified":"2022-07-28 17:30:36","post_modified_gmt":"2022-07-28 15:30:36","post_content_filtered":"","post_parent":0,"guid":"http:\/\/dev.claret.cat\/autor\/lucianos-gifts\/","menu_order":0,"post_type":"autor","post_mime_type":"","comment_count":"0","filter":"raw"}],"autor":"LUCIANO'S GIFTS","codart":"051192025","libros-coleccion":"","ediciones":"1","encuadernacion":"R\u00fastica","fecha_de_publicacion":"11\/10\/2019","novedad":"1","paginas":"0","subtitulo":"","orden":"0","portada":"0","idioma":"spa","booktrailer":"","resenas":""},"aioseo_notices":[],"_links":{"self":[{"href":"https:\/\/www.claret.cat\/es\/wp-json\/wp\/v2\/product\/125668","targetHints":{"allow":["GET"]}}],"collection":[{"href":"https:\/\/www.claret.cat\/es\/wp-json\/wp\/v2\/product"}],"about":[{"href":"https:\/\/www.claret.cat\/es\/wp-json\/wp\/v2\/types\/product"}],"wp:featuredmedia":[{"embeddable":true,"href":"https:\/\/www.claret.cat\/es\/wp-json\/wp\/v2\/media\/1036551"}],"wp:attachment":[{"href":"https:\/\/www.claret.cat\/es\/wp-json\/wp\/v2\/media?parent=125668"}],"wp:term":[{"taxonomy":"product_brand","embeddable":true,"href":"https:\/\/www.claret.cat\/es\/wp-json\/wp\/v2\/product_brand?post=125668"},{"taxonomy":"product_cat","embeddable":true,"href":"https:\/\/www.claret.cat\/es\/wp-json\/wp\/v2\/product_cat?post=125668"},{"taxonomy":"product_tag","embeddable":true,"href":"https:\/\/www.claret.cat\/es\/wp-json\/wp\/v2\/product_tag?post=125668"}],"curies":[{"name":"wp","href":"https:\/\/api.w.org\/{rel}","templated":true}]}}