{"id":125680,"date":"2022-10-12T22:10:51","date_gmt":"2022-10-12T20:10:51","guid":{"rendered":"http:\/\/dev.claret.cat\/producte\/el-tirano\/"},"modified":"2023-01-28T13:02:07","modified_gmt":"2023-01-28T12:02:07","slug":"el-tirano-9788494994289","status":"publish","type":"product","link":"https:\/\/www.claret.cat\/es\/libro\/el-tirano-9788494994289\/","title":{"rendered":"EL TIRANO"},"content":{"rendered":"<p>Para ayudarnos a comprender nuestros dilemas contempor\u00e1neos m\u00e1s urgentes, William Shakespeare no tiene igual.<\/p>\n<p> Mientras Isabel I, cada vez m\u00e1s envejecida y obstinada, se aferraba al poder con u\u00f1as y dientes, un brillante dramaturgo exploraba las causas sociales, las ra\u00edces psicol\u00f3gicas y los retorcidos efectos de la tiran\u00eda. Al analizar la psique (y las psicosis) de personajes de la catadura de Ricardo III, Macbeth, Lear, Coriolano y de las sociedades sobre las que gobernaban, Stephen Greenblatt desvela las formas en las que Shakespeare ahonda en el ansia de poder absoluto y las catastr\u00f3ficas consecuencias que su ejercicio conlleva.<\/p>\n<p> Instituciones de fuerte arraigo parecen fr\u00e1giles, la pol\u00edtica y sus representantes sucumben al caos, la miseria econ\u00f3mica alimenta la c\u00f3lera populista, la poblaci\u00f3n acepta que le mientan, el rencor partidista se impone, la indecencia m\u00e1s desvergonzada impera: aspectos como estos de una sociedad en crisis fascinaban a Shakespeare y est\u00e1n presentes en algunas de sus obras m\u00e1s memorables. Con asombrosa perspicacia, supo mostrar la psicolog\u00eda infantil y los apetitos insaciablemente narcisistas de los demagogos as\u00ed como el cinismo y el oportunismo de los diversos c\u00f3mplices y par\u00e1sitos que los rodeaban, e imagin\u00f3 la manera de frenarlos. Por eso y por otras muchas razones, la obra de Shakespeare, como pone magistralmente de manifiesto Stephen Greenblatt en este libro, sigue teniendo una importancia esencial hoy en d\u00eda.<\/p>\n","protected":false},"excerpt":{"rendered":"<p>GREENBLATT, STEPHEN<\/p>\n","protected":false},"featured_media":125681,"template":"","meta":{"_acf_changed":false,"om_disable_all_campaigns":false,"rs_blank_template":"","rs_page_bg_color":"","slide_template_v7":"","inline_featured_image":false,"_monsterinsights_skip_tracking":false,"_monsterinsights_sitenote_active":false,"_monsterinsights_sitenote_note":"","_monsterinsights_sitenote_category":0},"product_brand":[],"product_cat":[151,120],"product_tag":[],"class_list":{"0":"post-125680","1":"product","2":"type-product","3":"status-publish","4":"has-post-thumbnail","6":"product_cat-contemporania","7":"product_cat-politica","9":"first","10":"instock","11":"taxable","12":"shipping-taxable","13":"purchasable","14":"product-type-simple"},"acf":{"editorial":[{"ID":147391,"post_author":"3","post_date":"2022-10-14 11:50:13","post_date_gmt":"2022-10-14 09:50:13","post_content":"","post_title":"Alfabeto Editorial SL","post_excerpt":"","post_status":"publish","comment_status":"closed","ping_status":"closed","post_password":"","post_name":"alfabeto-editorial-sl","to_ping":"","pinged":"","post_modified":"2022-10-14 11:50:13","post_modified_gmt":"2022-10-14 09:50:13","post_content_filtered":"","post_parent":0,"guid":"http:\/\/dev.claret.cat\/editorial\/alfabeto-editorial-sl\/","menu_order":0,"post_type":"editorial","post_mime_type":"","comment_count":"0","filter":"raw"}],"autor":"GREENBLATT, STEPHEN","codart":"849499428","libros-coleccion":"","ediciones":"1","encuadernacion":"R\u00fastica","fecha_de_publicacion":"01\/09\/2019","novedad":"1","paginas":"258","subtitulo":"SHAKESPEARE Y LA POL\u00cdTICA","orden":"0","portada":"0","idioma":"spa","autores-libros":[{"ID":169827,"post_author":"3","post_date":"2022-10-14 22:30:20","post_date_gmt":"2022-10-14 20:30:20","post_content":"","post_title":"STEPHEN GREENBLATT","post_excerpt":"","post_status":"publish","comment_status":"closed","ping_status":"closed","post_password":"","post_name":"stephen-greenblatt","to_ping":"","pinged":"","post_modified":"2022-10-14 22:30:20","post_modified_gmt":"2022-10-14 20:30:20","post_content_filtered":"","post_parent":0,"guid":"http:\/\/dev.claret.cat\/autor\/stephen-greenblatt\/","menu_order":0,"post_type":"autor","post_mime_type":"","comment_count":"0","filter":"raw"}]},"aioseo_notices":[],"_links":{"self":[{"href":"https:\/\/www.claret.cat\/es\/wp-json\/wp\/v2\/product\/125680","targetHints":{"allow":["GET"]}}],"collection":[{"href":"https:\/\/www.claret.cat\/es\/wp-json\/wp\/v2\/product"}],"about":[{"href":"https:\/\/www.claret.cat\/es\/wp-json\/wp\/v2\/types\/product"}],"wp:featuredmedia":[{"embeddable":true,"href":"https:\/\/www.claret.cat\/es\/wp-json\/wp\/v2\/media\/125681"}],"wp:attachment":[{"href":"https:\/\/www.claret.cat\/es\/wp-json\/wp\/v2\/media?parent=125680"}],"wp:term":[{"taxonomy":"product_brand","embeddable":true,"href":"https:\/\/www.claret.cat\/es\/wp-json\/wp\/v2\/product_brand?post=125680"},{"taxonomy":"product_cat","embeddable":true,"href":"https:\/\/www.claret.cat\/es\/wp-json\/wp\/v2\/product_cat?post=125680"},{"taxonomy":"product_tag","embeddable":true,"href":"https:\/\/www.claret.cat\/es\/wp-json\/wp\/v2\/product_tag?post=125680"}],"curies":[{"name":"wp","href":"https:\/\/api.w.org\/{rel}","templated":true}]}}