{"id":125695,"date":"2022-10-12T22:11:05","date_gmt":"2022-10-12T20:11:05","guid":{"rendered":"http:\/\/dev.claret.cat\/producte\/los-espeluznantes-casos-de-margo-maloo\/"},"modified":"2023-01-28T19:11:17","modified_gmt":"2023-01-28T18:11:17","slug":"los-espeluznantes-casos-de-margo-maloo-9788417708474","status":"publish","type":"product","link":"https:\/\/www.claret.cat\/es\/libro\/los-espeluznantes-casos-de-margo-maloo-9788417708474\/","title":{"rendered":"LOS ESPELUZNANTES CASOS DE MARGO MALOO"},"content":{"rendered":"<p>Unas historias que comenzaron en internet y se han convertido en una magn\u00edfica novela gr\u00e1fica.\u00a1La ciudad esconde sorpresas que solo t\u00fa podr\u00e1s ver!<\/p>\n","protected":false},"excerpt":{"rendered":"<p>WEING, DREW<\/p>\n","protected":false},"featured_media":125696,"template":"","meta":{"_acf_changed":false,"om_disable_all_campaigns":false,"rs_blank_template":"","rs_page_bg_color":"","slide_template_v7":"","inline_featured_image":false,"_monsterinsights_skip_tracking":false,"_monsterinsights_sitenote_active":false,"_monsterinsights_sitenote_note":"","_monsterinsights_sitenote_category":0},"product_brand":[],"product_cat":[134],"product_tag":[],"class_list":{"0":"post-125695","1":"product","2":"type-product","3":"status-publish","4":"has-post-thumbnail","6":"product_cat-comics","8":"first","9":"instock","10":"taxable","11":"shipping-taxable","12":"purchasable","13":"product-type-simple"},"acf":{"editorial":[{"ID":6297,"post_author":"3","post_date":"2022-07-28 17:49:10","post_date_gmt":"2022-07-28 15:49:10","post_content":"","post_title":"Maeva Ediciones","post_excerpt":"","post_status":"publish","comment_status":"closed","ping_status":"closed","post_password":"","post_name":"maeva-ediciones","to_ping":"","pinged":"","post_modified":"2022-07-28 17:49:10","post_modified_gmt":"2022-07-28 15:49:10","post_content_filtered":"","post_parent":0,"guid":"http:\/\/dev.claret.cat\/editorial\/maeva-ediciones\/","menu_order":0,"post_type":"editorial","post_mime_type":"","comment_count":"0","filter":"raw"}],"autor":"WEING, DREW","codart":"841770847","libros-coleccion":"NOVELA GRAFICA","ediciones":"1","encuadernacion":"Carton\u00e9","fecha_de_publicacion":"01\/09\/2019","novedad":"1","paginas":"136","subtitulo":"QUIZ\u00c1 ALG\u00daN D\u00cdA NECESITES A UNA MEDIADORA DE MONSTRUOS. \u00a1TE PRESENTAMOS A LA MEJ","orden":"0","portada":"0","idioma":"spa","autores-libros":[{"ID":154414,"post_author":"3","post_date":"2022-10-14 15:04:37","post_date_gmt":"2022-10-14 13:04:37","post_content":"","post_title":"DREW WEING","post_excerpt":"","post_status":"publish","comment_status":"closed","ping_status":"closed","post_password":"","post_name":"drew-weing","to_ping":"","pinged":"","post_modified":"2022-10-14 15:04:37","post_modified_gmt":"2022-10-14 13:04:37","post_content_filtered":"","post_parent":0,"guid":"http:\/\/dev.claret.cat\/autor\/drew-weing\/","menu_order":0,"post_type":"autor","post_mime_type":"","comment_count":"0","filter":"raw"}]},"aioseo_notices":[],"_links":{"self":[{"href":"https:\/\/www.claret.cat\/es\/wp-json\/wp\/v2\/product\/125695","targetHints":{"allow":["GET"]}}],"collection":[{"href":"https:\/\/www.claret.cat\/es\/wp-json\/wp\/v2\/product"}],"about":[{"href":"https:\/\/www.claret.cat\/es\/wp-json\/wp\/v2\/types\/product"}],"wp:featuredmedia":[{"embeddable":true,"href":"https:\/\/www.claret.cat\/es\/wp-json\/wp\/v2\/media\/125696"}],"wp:attachment":[{"href":"https:\/\/www.claret.cat\/es\/wp-json\/wp\/v2\/media?parent=125695"}],"wp:term":[{"taxonomy":"product_brand","embeddable":true,"href":"https:\/\/www.claret.cat\/es\/wp-json\/wp\/v2\/product_brand?post=125695"},{"taxonomy":"product_cat","embeddable":true,"href":"https:\/\/www.claret.cat\/es\/wp-json\/wp\/v2\/product_cat?post=125695"},{"taxonomy":"product_tag","embeddable":true,"href":"https:\/\/www.claret.cat\/es\/wp-json\/wp\/v2\/product_tag?post=125695"}],"curies":[{"name":"wp","href":"https:\/\/api.w.org\/{rel}","templated":true}]}}