{"id":125719,"date":"2022-10-12T22:11:29","date_gmt":"2022-10-12T20:11:29","guid":{"rendered":"http:\/\/dev.claret.cat\/producte\/sobre-los-huesos-de-los-muertos\/"},"modified":"2026-04-02T18:09:03","modified_gmt":"2026-04-02T16:09:03","slug":"sobre-los-huesos-de-los-muertos-9788416638802","status":"publish","type":"product","link":"https:\/\/www.claret.cat\/es\/libro\/sobre-los-huesos-de-los-muertos-9788416638802\/","title":{"rendered":"SOBRE LOS HUESOS DE LOS MUERTOS"},"content":{"rendered":"<p>Olga Tokarczuk, una de las voces m\u00e1s vigorosas de la narrativa polaca contempor\u00e1nea, despliega en este arrebatador thriller metaf\u00edsico todas las contradicciones del alma humana.<\/p>\n<p> Janina Duszejko es una ingeniera de caminos retirada que ense\u00f1a ingl\u00e9s en la escuela rural de Kotlina K;odzka, una regi\u00f3n monta\u00f1osa del suroeste de Polonia. Cuando la rutina del pueblo se ve sacudida por una serie de asesinatos que tienen como v\u00edctimas a varios cazadores furtivos, Janina, apasionada de la astrolog\u00eda, defensora a ultranza de los animales y obsesionada por la obra del poeta William Blake, intentar\u00e1 resolver por su cuenta los misteriosos cr\u00edmenes.<\/p>\n<p> Bajo la forma de una novela policiaca y con un original subtexto ecologista, Tokarczuk retrata soberbiamente la sociedad local, cuestionando sin ambages tanto la falta de respeto por la naturaleza como el radicalismo ambientalista, en una de las obras m\u00e1s poderosas y originales de la literatura europea actual.<\/p>\n<p> El presente proyecto ha sido financiado con el apoyo de la Comisi\u00f3n Europea.<\/p>\n","protected":false},"excerpt":{"rendered":"<p>TOKARCZUK, OLGA<\/p>\n","protected":false},"featured_media":125720,"template":"","meta":{"_acf_changed":false,"om_disable_all_campaigns":false,"rs_blank_template":"","rs_page_bg_color":"","slide_template_v7":"","inline_featured_image":false,"_monsterinsights_skip_tracking":false,"_monsterinsights_sitenote_active":false,"_monsterinsights_sitenote_note":"","_monsterinsights_sitenote_category":0},"product_brand":[],"product_cat":[127,357],"product_tag":[],"class_list":{"0":"post-125719","1":"product","2":"type-product","3":"status-publish","4":"has-post-thumbnail","6":"product_cat-novella-contemporania","7":"product_cat-novela-contemporanea","9":"first","10":"instock","11":"taxable","12":"shipping-taxable","13":"purchasable","14":"product-type-simple"},"acf":{"editorial":[{"ID":6365,"post_author":"3","post_date":"2022-07-28 17:50:37","post_date_gmt":"2022-07-28 15:50:37","post_content":"","post_title":"Siruela","post_excerpt":"","post_status":"publish","comment_status":"closed","ping_status":"closed","post_password":"","post_name":"siruela","to_ping":"","pinged":"","post_modified":"2022-07-28 17:50:37","post_modified_gmt":"2022-07-28 15:50:37","post_content_filtered":"","post_parent":0,"guid":"http:\/\/dev.claret.cat\/editorial\/siruela\/","menu_order":0,"post_type":"editorial","post_mime_type":"","comment_count":"0","filter":"raw"}],"autores-libros":[{"ID":166160,"post_author":"3","post_date":"2022-10-14 18:00:54","post_date_gmt":"2022-10-14 16:00:54","post_content":"","post_title":"OLGA TOKARCZUK","post_excerpt":"","post_status":"publish","comment_status":"closed","ping_status":"closed","post_password":"","post_name":"olga-tokarczuk","to_ping":"","pinged":"","post_modified":"2022-10-14 18:00:54","post_modified_gmt":"2022-10-14 16:00:54","post_content_filtered":"","post_parent":0,"guid":"http:\/\/dev.claret.cat\/autor\/olga-tokarczuk\/","menu_order":0,"post_type":"autor","post_mime_type":"","comment_count":"0","filter":"raw"}],"autor":"TOKARCZUK, OLGA","codart":"841663880","libros-coleccion":"Nuevos Tiempos","ediciones":"1","encuadernacion":"R\u00fastica","fecha_de_publicacion":"01\/06\/2016","novedad":"1","paginas":"240","subtitulo":"","orden":"0","portada":"0","idioma":"spa","booktrailer":"","resenas":""},"aioseo_notices":[],"_links":{"self":[{"href":"https:\/\/www.claret.cat\/es\/wp-json\/wp\/v2\/product\/125719","targetHints":{"allow":["GET"]}}],"collection":[{"href":"https:\/\/www.claret.cat\/es\/wp-json\/wp\/v2\/product"}],"about":[{"href":"https:\/\/www.claret.cat\/es\/wp-json\/wp\/v2\/types\/product"}],"wp:featuredmedia":[{"embeddable":true,"href":"https:\/\/www.claret.cat\/es\/wp-json\/wp\/v2\/media\/125720"}],"wp:attachment":[{"href":"https:\/\/www.claret.cat\/es\/wp-json\/wp\/v2\/media?parent=125719"}],"wp:term":[{"taxonomy":"product_brand","embeddable":true,"href":"https:\/\/www.claret.cat\/es\/wp-json\/wp\/v2\/product_brand?post=125719"},{"taxonomy":"product_cat","embeddable":true,"href":"https:\/\/www.claret.cat\/es\/wp-json\/wp\/v2\/product_cat?post=125719"},{"taxonomy":"product_tag","embeddable":true,"href":"https:\/\/www.claret.cat\/es\/wp-json\/wp\/v2\/product_tag?post=125719"}],"curies":[{"name":"wp","href":"https:\/\/api.w.org\/{rel}","templated":true}]}}