{"id":125725,"date":"2022-10-12T22:11:34","date_gmt":"2022-10-12T20:11:34","guid":{"rendered":"http:\/\/dev.claret.cat\/producte\/la-barcelona-visigoda-un-puente-entre-dos-mundos\/"},"modified":"2026-04-14T17:45:17","modified_gmt":"2026-04-14T15:45:17","slug":"la-barcelona-visigoda-un-puente-entre-dos-mundos-9788494913259","status":"publish","type":"product","link":"https:\/\/www.claret.cat\/es\/libro\/la-barcelona-visigoda-un-puente-entre-dos-mundos-9788494913259\/","title":{"rendered":"LA BARCELONA VISIGODA: UN PUENTE ENTRE DOS MUNDOS"},"content":{"rendered":"<p>El libro presenta los datos arqueol\u00f3gicos disponibles sobre la Barcelona romana y de la \u00e9poca visigoda, y su evoluci\u00f3n hacia la edad media, teniendo como protagonista del hilo argumental la bas\u00edlica de los santos Justo y Pastor.<\/p>\n","protected":false},"excerpt":{"rendered":"<p>BELTR\u00c1N DE HEREDIA, JULIA<\/p>\n","protected":false},"featured_media":362732,"template":"","meta":{"_acf_changed":false,"om_disable_all_campaigns":false,"rs_blank_template":"","rs_page_bg_color":"","slide_template_v7":"","inline_featured_image":false,"_monsterinsights_skip_tracking":false,"_monsterinsights_sitenote_active":false,"_monsterinsights_sitenote_note":"","_monsterinsights_sitenote_category":0},"product_brand":[],"product_cat":[430,153],"product_tag":[],"class_list":{"0":"post-125725","1":"product","2":"type-product","3":"status-publish","4":"has-post-thumbnail","6":"product_cat-cataluna","7":"product_cat-catalunya","9":"first","10":"instock","11":"taxable","12":"shipping-taxable","13":"purchasable","14":"product-type-simple"},"acf":{"editorial":[{"ID":6253,"post_author":"3","post_date":"2022-07-28 17:48:14","post_date_gmt":"2022-07-28 15:48:14","post_content":"","post_title":"Facultat Teologia de Catalunya","post_excerpt":"","post_status":"publish","comment_status":"closed","ping_status":"closed","post_password":"","post_name":"facultat-teologia-de-catalunya","to_ping":"","pinged":"","post_modified":"2022-07-28 17:48:14","post_modified_gmt":"2022-07-28 15:48:14","post_content_filtered":"","post_parent":0,"guid":"http:\/\/dev.claret.cat\/editorial\/facultat-teologia-de-catalunya\/","menu_order":0,"post_type":"editorial","post_mime_type":"","comment_count":"0","filter":"raw"}],"autor":"BELTR\u00c1N DE HEREDIA, JULIA","codart":"849491325","libros-coleccion":"","ediciones":"1","encuadernacion":"R\u00fastica","fecha_de_publicacion":"30\/04\/2019","novedad":"1","paginas":"374","subtitulo":"LA BASILICA DELS SANTS M\u00c0RTIRS JUST I PASTOR. DE LA CIUDAD ROMANA A LA CIUDAD ALTOMEDIEVAL","orden":"0","portada":"0","idioma":"spa","autores-libros":[{"ID":161245,"post_author":"3","post_date":"2022-10-14 17:16:39","post_date_gmt":"2022-10-14 15:16:39","post_content":"","post_title":"JULIA BELTR\u00c1N DE HEREDIA","post_excerpt":"","post_status":"publish","comment_status":"closed","ping_status":"closed","post_password":"","post_name":"julia-beltran-de-heredia","to_ping":"","pinged":"","post_modified":"2022-10-14 17:16:39","post_modified_gmt":"2022-10-14 15:16:39","post_content_filtered":"","post_parent":0,"guid":"http:\/\/dev.claret.cat\/autor\/julia-beltran-de-heredia\/","menu_order":0,"post_type":"autor","post_mime_type":"","comment_count":"0","filter":"raw"}],"booktrailer":"","resenas":""},"aioseo_notices":[],"_links":{"self":[{"href":"https:\/\/www.claret.cat\/es\/wp-json\/wp\/v2\/product\/125725","targetHints":{"allow":["GET"]}}],"collection":[{"href":"https:\/\/www.claret.cat\/es\/wp-json\/wp\/v2\/product"}],"about":[{"href":"https:\/\/www.claret.cat\/es\/wp-json\/wp\/v2\/types\/product"}],"wp:featuredmedia":[{"embeddable":true,"href":"https:\/\/www.claret.cat\/es\/wp-json\/wp\/v2\/media\/362732"}],"wp:attachment":[{"href":"https:\/\/www.claret.cat\/es\/wp-json\/wp\/v2\/media?parent=125725"}],"wp:term":[{"taxonomy":"product_brand","embeddable":true,"href":"https:\/\/www.claret.cat\/es\/wp-json\/wp\/v2\/product_brand?post=125725"},{"taxonomy":"product_cat","embeddable":true,"href":"https:\/\/www.claret.cat\/es\/wp-json\/wp\/v2\/product_cat?post=125725"},{"taxonomy":"product_tag","embeddable":true,"href":"https:\/\/www.claret.cat\/es\/wp-json\/wp\/v2\/product_tag?post=125725"}],"curies":[{"name":"wp","href":"https:\/\/api.w.org\/{rel}","templated":true}]}}