{"id":12587,"date":"2022-10-01T21:59:49","date_gmt":"2022-10-01T19:59:49","guid":{"rendered":"http:\/\/dev.claret.cat\/producte\/la-chica\/"},"modified":"2023-01-28T13:53:08","modified_gmt":"2023-01-28T12:53:08","slug":"la-chica-9788426406354","status":"publish","type":"product","link":"https:\/\/www.claret.cat\/es\/libro\/la-chica-9788426406354\/","title":{"rendered":"LA CHICA"},"content":{"rendered":"<p>UN ACONTECIMIENTO LITERARIO  La autora de Las chicas de campo regresa con su novela m\u00e1s ambiciosa, comprometida y estremecedora.  \u00abUn libro valiente sobre un esp\u00edritu valiente.\u00bb<br \/>J. M. Coetzee  \u00abLa escritora de lengua inglesa con m\u00e1s talento de nuestros d\u00edas.\u00bb<br \/>Philip Roth \u00abTiempo atr\u00e1s fui una ni\u00f1a, pero ya no\u00bb. As\u00ed empieza la nueva y  sorprendente novela de Edna O&#8221;Brien, quien con m\u00e1s de ochenta a\u00f1os ha  encontrado la fuerza y la valent\u00eda para viajar a Nigeria y entrevistar a  varias de las ni\u00f1as que fueron v\u00edctimas de Boko Haram. Su estremecedor  testimonio ha inspirado esta novela al tiempo desgarradora y luminosa:  la historia de Maryam, que es secuestrada junto con sus compa\u00f1eras del  colegio, encarcelada, violada y obligada a casarse con un desconocido; que debe huir con su beb\u00e9 y su amiga hasta llegar fi nalmente a reencontrarse con su  madre en la aldea, donde la esperan nuevas desventuras a\u00fan m\u00e1s sinuosas. O&#8221;Brien nos lleva sin aliento por cada p\u00e1gina: ansiamos, sufrimos y nos  conmovemos con su hero\u00edna, y la prosa es deslumbrante e hipn\u00f3tica como  esa luna que mira Maryam desde su celda, s\u00edmbolo de la esperanza y la  redenci\u00f3n a pesar de todo. Pues esta es una historia de superaci\u00f3n, de  amor, amistad y solidaridad, en la que de un modo u otro podemos ver refl ejadas nuestras propias luchas. La cr\u00edtica ha dicho:<br \/>\u00abEdna O&#8221;Brien escribe las historias m\u00e1s bellas. Ning\u00fan escritor o  escritora puede compararse a ella, en ning\u00fan lugar.\u00bb<br \/>Alice Munro \u00abSimplemente, una de las mejores escritoras de nuestro tiempo.\u00bb<br \/>John Banville \u00abUn extraordinario acto de imaginaci\u00f3n [&#8230;]. La chica es un libro valiente sobre un esp\u00edritu valiente.\u00bb<br \/>J. M. Coetzee \u00abUna novela de una empat\u00eda y una elegancia profundas e inagotables, una  par\u00e1bola de un asunto tan complejo como la redenci\u00f3n humana. Su riqueza  verbal es n\u00edtida, evocadora e inolvidable; sus recursos dram\u00e1ticos, infinitos.\u00bb<br \/>Richard Ford \u00abEsta es la historia del \u00cdcaro de Auden, si bien se desarrolla en  nuestro mism\u00edsimo planeta, ante la mirada de todos&#8230;, o de quien quiera  mirar. Es atroz, tal como la autora pretend\u00eda, aunque la Chica resiste y  consigue liberarse de todas las formas de cautiverio y salir a la luz. Y nunca es d\u00e9bil la luz del amor.\u00bb<br \/>Ann Beattie \u00abSus novelas son absolutamente memorables porque su genialidad procede del dolor mismo de la memoria.\u00bb<br \/>John Berger \u00abUn tesoro de potencia, inteligencia e iron\u00eda.\u00bb<br \/>The New York Times Book Review \u00abEdna O&#8221;Brien es la escritora en lengua inglesa con m\u00e1s talento de nuestros d\u00edas.\u00bb<br \/>Philip Roth \u00abDesgarradora pero luminosa.\u00bb<br \/>El Pa\u00eds \u00abLa enorme autora irlandesa ha viajado hasta Nigeria, ha conocido a  algunas de las chicas que lograron escapar [de Boko Haram] y ha  convertido este episodio en una novela incre\u00edblemente m\u00e1s delicada que  la brutalidad de su historia. O&#8221;Brien logra inyectar suaves dosis de humanidad con una calidad literaria a prueba de terrorismo.\u00bb<br \/>Berna Gonz\u00e1lez Harbour, El Pa\u00eds<\/p>\n","protected":false},"excerpt":{"rendered":"<p>O&#8217;BRIEN, EDNA<\/p>\n","protected":false},"featured_media":67618,"template":"","meta":{"_acf_changed":false,"om_disable_all_campaigns":false,"rs_blank_template":"","rs_page_bg_color":"","slide_template_v7":"","inline_featured_image":false,"_monsterinsights_skip_tracking":false,"_monsterinsights_sitenote_active":false,"_monsterinsights_sitenote_note":"","_monsterinsights_sitenote_category":0},"product_brand":[],"product_cat":[127],"product_tag":[],"class_list":{"0":"post-12587","1":"product","2":"type-product","3":"status-publish","4":"has-post-thumbnail","6":"product_cat-novella-contemporania","8":"first","9":"instock","10":"taxable","11":"shipping-taxable","12":"purchasable","13":"product-type-simple"},"acf":{"autor":"O'BRIEN, EDNA","codart":"842640635","libros-coleccion":"Narrativa","ediciones":"1","encuadernacion":"R\u00fastica","fecha_de_publicacion":"01\/09\/2019","novedad":"1","paginas":"225","subtitulo":"","orden":"0","portada":"0","idioma":"spa","editorial":[{"ID":6296,"post_author":"3","post_date":"2022-07-28 17:49:09","post_date_gmt":"2022-07-28 15:49:09","post_content":"","post_title":"LUMEN","post_excerpt":"","post_status":"publish","comment_status":"closed","ping_status":"closed","post_password":"","post_name":"lumen","to_ping":"","pinged":"","post_modified":"2022-07-28 17:49:09","post_modified_gmt":"2022-07-28 15:49:09","post_content_filtered":"","post_parent":0,"guid":"http:\/\/dev.claret.cat\/editorial\/lumen\/","menu_order":0,"post_type":"editorial","post_mime_type":"","comment_count":"0","filter":"raw"}],"autores-libros":[{"ID":154540,"post_author":"3","post_date":"2022-10-14 15:05:37","post_date_gmt":"2022-10-14 13:05:37","post_content":"","post_title":"EDNA O\u00b4BRIEN","post_excerpt":"","post_status":"publish","comment_status":"closed","ping_status":"closed","post_password":"","post_name":"edna-obrien-2","to_ping":"","pinged":"","post_modified":"2022-10-14 15:05:37","post_modified_gmt":"2022-10-14 13:05:37","post_content_filtered":"","post_parent":0,"guid":"http:\/\/dev.claret.cat\/autor\/edna-obrien-2\/","menu_order":0,"post_type":"autor","post_mime_type":"","comment_count":"0","filter":"raw"}]},"aioseo_notices":[],"_links":{"self":[{"href":"https:\/\/www.claret.cat\/es\/wp-json\/wp\/v2\/product\/12587","targetHints":{"allow":["GET"]}}],"collection":[{"href":"https:\/\/www.claret.cat\/es\/wp-json\/wp\/v2\/product"}],"about":[{"href":"https:\/\/www.claret.cat\/es\/wp-json\/wp\/v2\/types\/product"}],"wp:featuredmedia":[{"embeddable":true,"href":"https:\/\/www.claret.cat\/es\/wp-json\/wp\/v2\/media\/67618"}],"wp:attachment":[{"href":"https:\/\/www.claret.cat\/es\/wp-json\/wp\/v2\/media?parent=12587"}],"wp:term":[{"taxonomy":"product_brand","embeddable":true,"href":"https:\/\/www.claret.cat\/es\/wp-json\/wp\/v2\/product_brand?post=12587"},{"taxonomy":"product_cat","embeddable":true,"href":"https:\/\/www.claret.cat\/es\/wp-json\/wp\/v2\/product_cat?post=12587"},{"taxonomy":"product_tag","embeddable":true,"href":"https:\/\/www.claret.cat\/es\/wp-json\/wp\/v2\/product_tag?post=12587"}],"curies":[{"name":"wp","href":"https:\/\/api.w.org\/{rel}","templated":true}]}}