{"id":125941,"date":"2022-10-12T22:15:05","date_gmt":"2022-10-12T20:15:05","guid":{"rendered":"http:\/\/dev.claret.cat\/producte\/santa-clara-9-sexto-curso-en-santa-clara\/"},"modified":"2025-04-07T12:49:02","modified_gmt":"2025-04-07T10:49:02","slug":"santa-clara-9-sexto-curso-en-santa-clara-9788427211803","status":"publish","type":"product","link":"https:\/\/www.claret.cat\/es\/libro\/santa-clara-9-sexto-curso-en-santa-clara-9788427211803\/","title":{"rendered":"SANTA CLARA 9. SEXTO CURSO EN SANTA CLARA"},"content":{"rendered":"<p>\u00a1Este a\u00f1o, las gemelas O&#8221;Sullivan han sido escogidas delegadas del colegio, nada menos! Isabel y Pat est\u00e1n orgullos\u00edsimas, pero a\u00fan no se imaginan los embrollos que este curso les depara. \u00bfEstar\u00e1n preparadas para tantos secretos e intrigas?<\/p>\n","protected":false},"excerpt":{"rendered":"<p>BLYTON ENID<\/p>\n","protected":false},"featured_media":997022,"template":"","meta":{"_acf_changed":false,"om_disable_all_campaigns":false,"rs_blank_template":"","rs_page_bg_color":"","slide_template_v7":"","inline_featured_image":false,"_monsterinsights_skip_tracking":false,"_monsterinsights_sitenote_active":false,"_monsterinsights_sitenote_note":"","_monsterinsights_sitenote_category":0},"product_brand":[],"product_cat":[132,362],"product_tag":[],"class_list":{"0":"post-125941","1":"product","2":"type-product","3":"status-publish","4":"has-post-thumbnail","6":"product_cat-lectures-per-preadolescents-6-12-anys","7":"product_cat-libros-preadolescentes-6-12-anos","9":"first","10":"outofstock","11":"taxable","12":"shipping-taxable","13":"purchasable","14":"product-type-simple"},"acf":{"editorial":[{"ID":6346,"post_author":"3","post_date":"2022-07-28 17:50:13","post_date_gmt":"2022-07-28 15:50:13","post_content":"","post_title":"RBA Molino","post_excerpt":"","post_status":"publish","comment_status":"closed","ping_status":"closed","post_password":"","post_name":"rba-molino","to_ping":"","pinged":"","post_modified":"2022-07-28 17:50:13","post_modified_gmt":"2022-07-28 15:50:13","post_content_filtered":"","post_parent":0,"guid":"http:\/\/dev.claret.cat\/editorial\/rba-molino\/","menu_order":0,"post_type":"editorial","post_mime_type":"","comment_count":"0","filter":"raw"}],"autor":"BLYTON ENID","codart":"842721180","libros-coleccion":"INOLVIDABLES","ediciones":"1","encuadernacion":"Carton\u00e9","fecha_de_publicacion":"01\/10\/2019","novedad":"0","paginas":"224","subtitulo":"","orden":"0","portada":"0","idioma":"spa","autores-libros":[{"ID":151777,"post_author":"3","post_date":"2022-10-14 14:43:33","post_date_gmt":"2022-10-14 12:43:33","post_content":"","post_title":"BLYTON ENID","post_excerpt":"","post_status":"publish","comment_status":"closed","ping_status":"closed","post_password":"","post_name":"blyton-enid","to_ping":"","pinged":"","post_modified":"2022-10-14 14:43:33","post_modified_gmt":"2022-10-14 12:43:33","post_content_filtered":"","post_parent":0,"guid":"http:\/\/dev.claret.cat\/autor\/blyton-enid\/","menu_order":0,"post_type":"autor","post_mime_type":"","comment_count":"0","filter":"raw"}]},"aioseo_notices":[],"_links":{"self":[{"href":"https:\/\/www.claret.cat\/es\/wp-json\/wp\/v2\/product\/125941","targetHints":{"allow":["GET"]}}],"collection":[{"href":"https:\/\/www.claret.cat\/es\/wp-json\/wp\/v2\/product"}],"about":[{"href":"https:\/\/www.claret.cat\/es\/wp-json\/wp\/v2\/types\/product"}],"wp:featuredmedia":[{"embeddable":true,"href":"https:\/\/www.claret.cat\/es\/wp-json\/wp\/v2\/media\/997022"}],"wp:attachment":[{"href":"https:\/\/www.claret.cat\/es\/wp-json\/wp\/v2\/media?parent=125941"}],"wp:term":[{"taxonomy":"product_brand","embeddable":true,"href":"https:\/\/www.claret.cat\/es\/wp-json\/wp\/v2\/product_brand?post=125941"},{"taxonomy":"product_cat","embeddable":true,"href":"https:\/\/www.claret.cat\/es\/wp-json\/wp\/v2\/product_cat?post=125941"},{"taxonomy":"product_tag","embeddable":true,"href":"https:\/\/www.claret.cat\/es\/wp-json\/wp\/v2\/product_tag?post=125941"}],"curies":[{"name":"wp","href":"https:\/\/api.w.org\/{rel}","templated":true}]}}