{"id":125965,"date":"2022-10-12T22:15:28","date_gmt":"2022-10-12T20:15:28","guid":{"rendered":"http:\/\/dev.claret.cat\/producte\/aprenent-les-hores-utilitza-el-retolador-magic\/"},"modified":"2025-01-31T14:45:23","modified_gmt":"2025-01-31T13:45:23","slug":"aprenent-les-hores-utilitza-el-retolador-magic-9788417759223","status":"publish","type":"product","link":"https:\/\/www.claret.cat\/es\/libro\/aprenent-les-hores-utilitza-el-retolador-magic-9788417759223\/","title":{"rendered":"APRENENT LES HORES. UTILITZA EL RETOLADOR M\u00c0GIC"},"content":{"rendered":"<p>Un llibre per aprendre tot divertint-se! Els nens gaudiran aprenent l&#8221;hora una vegada i una altra gr\u00e0cies al retolador i a la seva goma d&#8221;esborrar. Despr\u00e9s de completar cada p\u00e0gina, podran esborrar el que han escrit i comen\u00e7ar de nou. Un llibre ideal per aprendre de manera divertida i f\u00e0cil a llegir correctament les busques del rellotge!<\/p>\n","protected":false},"excerpt":{"rendered":"<p>CORTINA, GABRIEL<\/p>\n","protected":false},"featured_media":318065,"template":"","meta":{"_acf_changed":false,"om_disable_all_campaigns":false,"rs_blank_template":"","rs_page_bg_color":"","slide_template_v7":"","inline_featured_image":false,"_monsterinsights_skip_tracking":false,"_monsterinsights_sitenote_active":false,"_monsterinsights_sitenote_note":"","_monsterinsights_sitenote_category":0},"product_brand":[],"product_cat":[90,540],"product_tag":[],"class_list":{"0":"post-125965","1":"product","2":"type-product","3":"status-publish","4":"has-post-thumbnail","6":"product_cat-altres","7":"product_cat-otros","9":"first","10":"instock","11":"taxable","12":"shipping-taxable","13":"purchasable","14":"product-type-simple"},"acf":{"autor":"CORTINA, GABRIEL","codart":"841775922","libros-coleccion":"Base Kids","ediciones":"1","encuadernacion":"Carpeta","fecha_de_publicacion":"01\/10\/2019","novedad":"1","paginas":"0","subtitulo":"","orden":"0","portada":"0","idioma":"cat","editorial":[{"ID":147931,"post_author":"3","post_date":"2022-10-14 11:54:20","post_date_gmt":"2022-10-14 09:54:20","post_content":"","post_title":"EDITORIAL BASE (CAT)","post_excerpt":"","post_status":"publish","comment_status":"closed","ping_status":"closed","post_password":"","post_name":"editorial-base-cat","to_ping":"","pinged":"","post_modified":"2022-10-14 11:54:20","post_modified_gmt":"2022-10-14 09:54:20","post_content_filtered":"","post_parent":0,"guid":"http:\/\/dev.claret.cat\/editorial\/editorial-base-cat\/","menu_order":0,"post_type":"editorial","post_mime_type":"","comment_count":"0","filter":"raw"}],"autores-libros":[{"ID":156512,"post_author":"3","post_date":"2022-10-14 15:21:24","post_date_gmt":"2022-10-14 13:21:24","post_content":"","post_title":"GABRIEL CORTINA","post_excerpt":"","post_status":"publish","comment_status":"closed","ping_status":"closed","post_password":"","post_name":"gabriel-cortina","to_ping":"","pinged":"","post_modified":"2022-10-14 15:21:24","post_modified_gmt":"2022-10-14 13:21:24","post_content_filtered":"","post_parent":0,"guid":"http:\/\/dev.claret.cat\/autor\/gabriel-cortina\/","menu_order":0,"post_type":"autor","post_mime_type":"","comment_count":"0","filter":"raw"}]},"aioseo_notices":[],"_links":{"self":[{"href":"https:\/\/www.claret.cat\/es\/wp-json\/wp\/v2\/product\/125965","targetHints":{"allow":["GET"]}}],"collection":[{"href":"https:\/\/www.claret.cat\/es\/wp-json\/wp\/v2\/product"}],"about":[{"href":"https:\/\/www.claret.cat\/es\/wp-json\/wp\/v2\/types\/product"}],"wp:featuredmedia":[{"embeddable":true,"href":"https:\/\/www.claret.cat\/es\/wp-json\/wp\/v2\/media\/318065"}],"wp:attachment":[{"href":"https:\/\/www.claret.cat\/es\/wp-json\/wp\/v2\/media?parent=125965"}],"wp:term":[{"taxonomy":"product_brand","embeddable":true,"href":"https:\/\/www.claret.cat\/es\/wp-json\/wp\/v2\/product_brand?post=125965"},{"taxonomy":"product_cat","embeddable":true,"href":"https:\/\/www.claret.cat\/es\/wp-json\/wp\/v2\/product_cat?post=125965"},{"taxonomy":"product_tag","embeddable":true,"href":"https:\/\/www.claret.cat\/es\/wp-json\/wp\/v2\/product_tag?post=125965"}],"curies":[{"name":"wp","href":"https:\/\/api.w.org\/{rel}","templated":true}]}}