{"id":125977,"date":"2022-10-12T22:15:39","date_gmt":"2022-10-12T20:15:39","guid":{"rendered":"http:\/\/dev.claret.cat\/producte\/de-les-pedres-en-fan-pans\/"},"modified":"2023-01-28T18:07:44","modified_gmt":"2023-01-28T17:07:44","slug":"de-les-pedres-en-fan-pans-9788490348635","status":"publish","type":"product","link":"https:\/\/www.claret.cat\/es\/libro\/de-les-pedres-en-fan-pans-9788490348635\/","title":{"rendered":"DE LES PEDRES EN FAN PANS"},"content":{"rendered":"<p>En aquest llibre trobareu els 21 indrets de m\u00e9s inter\u00e8s per al turisme geominer de Catalunya. L&#8221;acci\u00f3 humana sobre els minerals ha perm\u00e8s el seu aprofitament com a materials per a la construcci\u00f3 d&#8221;eines, habitatges, ornaments&#8230; o b\u00e9 s&#8221;ha usat la for\u00e7a de l&#8221;aigua com a impulsora de molins, serradores o generadora d&#8221;energia. L&#8221;oferta de museus i centres d&#8221;interpretaci\u00f3 sobre aquests temes \u00e9s molt rica, i aix\u00ed, des d&#8221;Ulldecona fins a Cadaqu\u00e9s, de Cabdella a Gav\u00e0, passant per Montserrat, Cardona, Bellmunt del Priorat, Vimbod\u00ed, Olot i fins a la Massana (Andorra) i Illa (Rossell\u00f3), entre d&#8221;altres punts, podrem con\u00e8ixer llocs paisatg\u00edsticament suggerents que alhora ens expliquen la hist\u00f2ria dels habitants que han hagut de picar pedra, literalment, per obtenir el pa.<\/p>\n","protected":false},"excerpt":{"rendered":"<p>CLIMENT I COSTA, FERRAN \/ HUGUET I BIOSCA, JOSEP \/ MATA PERELL\u00d3, JOSEP MARIA \/<\/p>\n","protected":false},"featured_media":320581,"template":"","meta":{"_acf_changed":false,"om_disable_all_campaigns":false,"rs_blank_template":"","rs_page_bg_color":"","slide_template_v7":"","inline_featured_image":false,"_monsterinsights_skip_tracking":false,"_monsterinsights_sitenote_active":false,"_monsterinsights_sitenote_note":"","_monsterinsights_sitenote_category":0},"product_brand":[],"product_cat":[557,107],"product_tag":[],"class_list":{"0":"post-125977","1":"product","2":"type-product","3":"status-publish","4":"has-post-thumbnail","6":"product_cat-guias-de-viaje","7":"product_cat-guies-de-viatge","9":"first","10":"instock","11":"taxable","12":"shipping-taxable","13":"purchasable","14":"product-type-simple"},"acf":{"editorial":[{"ID":6171,"post_author":"3","post_date":"2022-07-28 17:46:25","post_date_gmt":"2022-07-28 15:46:25","post_content":"","post_title":"COSSETANIA EDICIONS","post_excerpt":"","post_status":"publish","comment_status":"closed","ping_status":"closed","post_password":"","post_name":"cossetania-edicions","to_ping":"","pinged":"","post_modified":"2022-07-28 17:46:25","post_modified_gmt":"2022-07-28 15:46:25","post_content_filtered":"","post_parent":0,"guid":"http:\/\/dev.claret.cat\/editorial\/cossetania-edicions\/","menu_order":0,"post_type":"editorial","post_mime_type":"","comment_count":"0","filter":"raw"}],"autores-libros":[{"ID":155895,"post_author":"3","post_date":"2022-10-14 15:16:29","post_date_gmt":"2022-10-14 13:16:29","post_content":"","post_title":"FERRAN CLIMENT I COSTA","post_excerpt":"","post_status":"publish","comment_status":"closed","ping_status":"closed","post_password":"","post_name":"ferran-climent-i-costa","to_ping":"","pinged":"","post_modified":"2022-10-14 15:16:29","post_modified_gmt":"2022-10-14 13:16:29","post_content_filtered":"","post_parent":0,"guid":"http:\/\/dev.claret.cat\/autor\/ferran-climent-i-costa\/","menu_order":0,"post_type":"autor","post_mime_type":"","comment_count":"0","filter":"raw"},{"ID":160689,"post_author":"3","post_date":"2022-10-14 15:55:06","post_date_gmt":"2022-10-14 13:55:06","post_content":"","post_title":"JOSEP HUGUET I BIOSCA","post_excerpt":"","post_status":"publish","comment_status":"closed","ping_status":"closed","post_password":"","post_name":"josep-huguet-i-biosca","to_ping":"","pinged":"","post_modified":"2022-10-14 15:55:06","post_modified_gmt":"2022-10-14 13:55:06","post_content_filtered":"","post_parent":0,"guid":"http:\/\/dev.claret.cat\/autor\/josep-huguet-i-biosca\/","menu_order":0,"post_type":"autor","post_mime_type":"","comment_count":"0","filter":"raw"},{"ID":160760,"post_author":"3","post_date":"2022-10-14 15:55:40","post_date_gmt":"2022-10-14 13:55:40","post_content":"","post_title":"JOSEP MARIA MATA PERELL\u00d3","post_excerpt":"","post_status":"publish","comment_status":"closed","ping_status":"closed","post_password":"","post_name":"josep-maria-mata-perello","to_ping":"","pinged":"","post_modified":"2022-10-14 15:55:40","post_modified_gmt":"2022-10-14 13:55:40","post_content_filtered":"","post_parent":0,"guid":"http:\/\/dev.claret.cat\/autor\/josep-maria-mata-perello\/","menu_order":0,"post_type":"autor","post_mime_type":"","comment_count":"0","filter":"raw"}],"autor":"CLIMENT I COSTA, FERRAN \/ HUGUET I BIOSCA, JOSEP \/ MATA PERELL\u00d3, JOSEP MARIA \/","codart":"849034863","libros-coleccion":"Azimut Turisme","ediciones":"1","encuadernacion":"R\u00fastica","fecha_de_publicacion":"01\/09\/2019","novedad":"1","paginas":"174","subtitulo":"21 INDRETS DE TURISME GEOMINER DE CATALUNYA","orden":"0","portada":"0","idioma":"cat"},"aioseo_notices":[],"_links":{"self":[{"href":"https:\/\/www.claret.cat\/es\/wp-json\/wp\/v2\/product\/125977","targetHints":{"allow":["GET"]}}],"collection":[{"href":"https:\/\/www.claret.cat\/es\/wp-json\/wp\/v2\/product"}],"about":[{"href":"https:\/\/www.claret.cat\/es\/wp-json\/wp\/v2\/types\/product"}],"wp:featuredmedia":[{"embeddable":true,"href":"https:\/\/www.claret.cat\/es\/wp-json\/wp\/v2\/media\/320581"}],"wp:attachment":[{"href":"https:\/\/www.claret.cat\/es\/wp-json\/wp\/v2\/media?parent=125977"}],"wp:term":[{"taxonomy":"product_brand","embeddable":true,"href":"https:\/\/www.claret.cat\/es\/wp-json\/wp\/v2\/product_brand?post=125977"},{"taxonomy":"product_cat","embeddable":true,"href":"https:\/\/www.claret.cat\/es\/wp-json\/wp\/v2\/product_cat?post=125977"},{"taxonomy":"product_tag","embeddable":true,"href":"https:\/\/www.claret.cat\/es\/wp-json\/wp\/v2\/product_tag?post=125977"}],"curies":[{"name":"wp","href":"https:\/\/api.w.org\/{rel}","templated":true}]}}