{"id":126019,"date":"2022-10-12T22:16:17","date_gmt":"2022-10-12T20:16:17","guid":{"rendered":"http:\/\/dev.claret.cat\/producte\/monte-a-traves\/"},"modified":"2023-01-28T11:28:14","modified_gmt":"2023-01-28T10:28:14","slug":"monte-a-traves-9788417346997","status":"publish","type":"product","link":"https:\/\/www.claret.cat\/es\/libro\/monte-a-traves-9788417346997\/","title":{"rendered":"MONTE A TRAV\u00c9S"},"content":{"rendered":"<p>Thomas y Astrid viven junto a sus dos hijos en un pueblo acogedor de Suiza. Una noche, mien- tras toman una copa de vino en el jard\u00edn, uno de los ni\u00f1os reclama su atenci\u00f3n, por lo que Astrid entra en la casa para atenderlo, conven- cida de que su marido la seguir\u00e1 en unos mo- mentos. No obstante, Thomas se levanta y, tras vacilar un instante, abre la verja y se marcha. Sin las ataduras del d\u00eda a d\u00edala familia, las amistades, el trabajo, Thomas emprende una ruta a pie por la monta\u00f1a, expuesto por primera vez al implacable invierno alpino. En casa, Astrid se pregunta primero d\u00f3nde habr\u00e1 ido, despu\u00e9s cu\u00e1ndo volver\u00e1 y,  nalmente, si a\u00fan est\u00e1 vivo. Una vez m\u00e1s, Peter Stamm pone de mani esto su extraordinaria capacidad de con- vertir lo ordinario en sobrecogedor al retratar la fragilidad del mundo contempor\u00e1neo, que parece convertir la vida de sus personajes en una sucesi\u00f3n de dolorosas rupturas y la posibilidad de conocerse a ellos mismos y a los dem\u00e1s, en una quimera.<\/p>\n","protected":false},"excerpt":{"rendered":"<p>STAMM, PETER<\/p>\n","protected":false},"featured_media":126020,"template":"","meta":{"_acf_changed":false,"om_disable_all_campaigns":false,"rs_blank_template":"","rs_page_bg_color":"","slide_template_v7":"","inline_featured_image":false,"_monsterinsights_skip_tracking":false,"_monsterinsights_sitenote_active":false,"_monsterinsights_sitenote_note":"","_monsterinsights_sitenote_category":0},"product_brand":[],"product_cat":[127],"product_tag":[],"class_list":{"0":"post-126019","1":"product","2":"type-product","3":"status-publish","4":"has-post-thumbnail","6":"product_cat-novella-contemporania","8":"first","9":"instock","10":"taxable","11":"shipping-taxable","12":"purchasable","13":"product-type-simple"},"acf":{"editorial":[{"ID":6111,"post_author":"3","post_date":"2022-07-28 17:45:08","post_date_gmt":"2022-07-28 15:45:08","post_content":"","post_title":"ACANTILADO","post_excerpt":"","post_status":"publish","comment_status":"closed","ping_status":"closed","post_password":"","post_name":"acantilado","to_ping":"","pinged":"","post_modified":"2022-07-28 17:45:08","post_modified_gmt":"2022-07-28 15:45:08","post_content_filtered":"","post_parent":0,"guid":"http:\/\/dev.claret.cat\/editorial\/acantilado\/","menu_order":0,"post_type":"editorial","post_mime_type":"","comment_count":"0","filter":"raw"}],"autor":"STAMM, PETER","codart":"841734699","libros-coleccion":"Narrativa del Acantilado","ediciones":"1","encuadernacion":"R\u00fastica","fecha_de_publicacion":"01\/09\/2019","novedad":"1","paginas":"159","subtitulo":"","orden":"0","portada":"0","idioma":"spa","autores-libros":[{"ID":167128,"post_author":"3","post_date":"2022-10-14 18:08:46","post_date_gmt":"2022-10-14 16:08:46","post_content":"","post_title":"PETER STAMM","post_excerpt":"","post_status":"publish","comment_status":"closed","ping_status":"closed","post_password":"","post_name":"peter-stamm","to_ping":"","pinged":"","post_modified":"2022-10-14 18:08:46","post_modified_gmt":"2022-10-14 16:08:46","post_content_filtered":"","post_parent":0,"guid":"http:\/\/dev.claret.cat\/autor\/peter-stamm\/","menu_order":0,"post_type":"autor","post_mime_type":"","comment_count":"0","filter":"raw"}]},"aioseo_notices":[],"_links":{"self":[{"href":"https:\/\/www.claret.cat\/es\/wp-json\/wp\/v2\/product\/126019","targetHints":{"allow":["GET"]}}],"collection":[{"href":"https:\/\/www.claret.cat\/es\/wp-json\/wp\/v2\/product"}],"about":[{"href":"https:\/\/www.claret.cat\/es\/wp-json\/wp\/v2\/types\/product"}],"wp:featuredmedia":[{"embeddable":true,"href":"https:\/\/www.claret.cat\/es\/wp-json\/wp\/v2\/media\/126020"}],"wp:attachment":[{"href":"https:\/\/www.claret.cat\/es\/wp-json\/wp\/v2\/media?parent=126019"}],"wp:term":[{"taxonomy":"product_brand","embeddable":true,"href":"https:\/\/www.claret.cat\/es\/wp-json\/wp\/v2\/product_brand?post=126019"},{"taxonomy":"product_cat","embeddable":true,"href":"https:\/\/www.claret.cat\/es\/wp-json\/wp\/v2\/product_cat?post=126019"},{"taxonomy":"product_tag","embeddable":true,"href":"https:\/\/www.claret.cat\/es\/wp-json\/wp\/v2\/product_tag?post=126019"}],"curies":[{"name":"wp","href":"https:\/\/api.w.org\/{rel}","templated":true}]}}