{"id":126037,"date":"2022-10-12T22:16:34","date_gmt":"2022-10-12T20:16:34","guid":{"rendered":"http:\/\/dev.claret.cat\/producte\/lousiana-o-els-camps-de-coto\/"},"modified":"2025-04-07T11:22:40","modified_gmt":"2025-04-07T09:22:40","slug":"lousiana-o-els-camps-de-coto-9788494977442","status":"publish","type":"product","link":"https:\/\/www.claret.cat\/es\/libro\/lousiana-o-els-camps-de-coto-9788494977442\/","title":{"rendered":"LOUSIANA O ELS CAMPS DE COT\u00d3"},"content":{"rendered":"<p>En Roger fa anys que va marxar de casa i ha fet vida a mil ciutats. Despr\u00e9s d&#8217;haver voltat el m\u00f3n, decideix escriure als pares i explicar-los com \u00e9s la vida on viuen ara, a Louisiana. Aquesta obra \u00e9s un conte basat en la can\u00e7\u00f3 hom\u00f2nima d&#8221;Els Amics de les Arts&#8217; que parla del m\u00f3n, de la seva gent i tamb\u00e9 de la nost\u00e0lgia, tan necess\u00e0ria de vegades.<\/p>\n","protected":false},"excerpt":{"rendered":"<p>FIGUERAS TORTRAS, LAIA \/ PUYUELO CAPELLAS, N\u00daRIA<\/p>\n","protected":false},"featured_media":126038,"template":"","meta":{"_acf_changed":false,"om_disable_all_campaigns":false,"rs_blank_template":"","rs_page_bg_color":"","slide_template_v7":"","inline_featured_image":false,"_monsterinsights_skip_tracking":false,"_monsterinsights_sitenote_active":false,"_monsterinsights_sitenote_note":"","_monsterinsights_sitenote_category":0},"product_brand":[],"product_cat":[90,540],"product_tag":[],"class_list":{"0":"post-126037","1":"product","2":"type-product","3":"status-publish","4":"has-post-thumbnail","6":"product_cat-altres","7":"product_cat-otros","9":"first","10":"instock","11":"taxable","12":"shipping-taxable","13":"purchasable","14":"product-type-simple"},"acf":{"editorial":[{"ID":148010,"post_author":"3","post_date":"2022-10-14 11:54:56","post_date_gmt":"2022-10-14 09:54:56","post_content":"","post_title":"Editorial Nanit","post_excerpt":"","post_status":"publish","comment_status":"closed","ping_status":"closed","post_password":"","post_name":"editorial-nanit","to_ping":"","pinged":"","post_modified":"2022-10-14 11:54:56","post_modified_gmt":"2022-10-14 09:54:56","post_content_filtered":"","post_parent":0,"guid":"http:\/\/dev.claret.cat\/editorial\/editorial-nanit\/","menu_order":0,"post_type":"editorial","post_mime_type":"","comment_count":"0","filter":"raw"}],"autor":"FIGUERAS TORTRAS, LAIA \/ PUYUELO CAPELLAS, N\u00daRIA","codart":"849497744","libros-coleccion":"","ediciones":"1","encuadernacion":"Carton\u00e9","fecha_de_publicacion":"01\/10\/2019","novedad":"1","paginas":"45","subtitulo":"UNA CAN\u00c7\u00d3 CONTADA D''ELS AMICS DE LES ARTS","orden":"0","portada":"0","idioma":"cat","autores-libros":[{"ID":161836,"post_author":"3","post_date":"2022-10-14 17:26:15","post_date_gmt":"2022-10-14 15:26:15","post_content":"","post_title":"LAIA FIGUERAS TORTRAS","post_excerpt":"","post_status":"publish","comment_status":"closed","ping_status":"closed","post_password":"","post_name":"laia-figueras-tortras","to_ping":"","pinged":"","post_modified":"2022-10-14 17:26:15","post_modified_gmt":"2022-10-14 15:26:15","post_content_filtered":"","post_parent":0,"guid":"http:\/\/dev.claret.cat\/autor\/laia-figueras-tortras\/","menu_order":0,"post_type":"autor","post_mime_type":"","comment_count":"0","filter":"raw"},{"ID":166066,"post_author":"3","post_date":"2022-10-14 18:00:09","post_date_gmt":"2022-10-14 16:00:09","post_content":"","post_title":"N\u00daRIA PUYUELO CAPELLAS","post_excerpt":"","post_status":"publish","comment_status":"closed","ping_status":"closed","post_password":"","post_name":"nuria-puyuelo-capellas","to_ping":"","pinged":"","post_modified":"2022-10-14 18:00:09","post_modified_gmt":"2022-10-14 16:00:09","post_content_filtered":"","post_parent":0,"guid":"http:\/\/dev.claret.cat\/autor\/nuria-puyuelo-capellas\/","menu_order":0,"post_type":"autor","post_mime_type":"","comment_count":"0","filter":"raw"}]},"aioseo_notices":[],"_links":{"self":[{"href":"https:\/\/www.claret.cat\/es\/wp-json\/wp\/v2\/product\/126037","targetHints":{"allow":["GET"]}}],"collection":[{"href":"https:\/\/www.claret.cat\/es\/wp-json\/wp\/v2\/product"}],"about":[{"href":"https:\/\/www.claret.cat\/es\/wp-json\/wp\/v2\/types\/product"}],"wp:featuredmedia":[{"embeddable":true,"href":"https:\/\/www.claret.cat\/es\/wp-json\/wp\/v2\/media\/126038"}],"wp:attachment":[{"href":"https:\/\/www.claret.cat\/es\/wp-json\/wp\/v2\/media?parent=126037"}],"wp:term":[{"taxonomy":"product_brand","embeddable":true,"href":"https:\/\/www.claret.cat\/es\/wp-json\/wp\/v2\/product_brand?post=126037"},{"taxonomy":"product_cat","embeddable":true,"href":"https:\/\/www.claret.cat\/es\/wp-json\/wp\/v2\/product_cat?post=126037"},{"taxonomy":"product_tag","embeddable":true,"href":"https:\/\/www.claret.cat\/es\/wp-json\/wp\/v2\/product_tag?post=126037"}],"curies":[{"name":"wp","href":"https:\/\/api.w.org\/{rel}","templated":true}]}}