{"id":126064,"date":"2022-10-12T22:16:58","date_gmt":"2022-10-12T20:16:58","guid":{"rendered":"http:\/\/dev.claret.cat\/producte\/la-batalla-doccident\/"},"modified":"2024-01-31T20:08:52","modified_gmt":"2024-01-31T19:08:52","slug":"la-batalla-doccident-9788429777888","status":"publish","type":"product","link":"https:\/\/www.claret.cat\/es\/libro\/la-batalla-doccident-9788429777888\/","title":{"rendered":"LA BATALLA D&#8217;OCCIDENT"},"content":{"rendered":"<p>De l&#8217;ambici\u00f3 d&#8217;un estrateg alemany a l&#8217;assassinat d&#8217;un arxiduc, del Cam\u00ed de les Dames a la<br \/>batalla del Somme, del gas mostassa als camps de presoners, La batalla d&#8217;occident alterna<br \/>retrats \u00edntims amb escenes \u00e8piques o commovedores per oferir un relat molt personal de la<br \/>Gran Guerra irrigat amb una erudici\u00f3 i una ironia constants.<br \/>Revisant de manera pol\u00e8mica el primer conflicte mundial, aquest \u00abArt de la guerra\u00bb confronta<br \/>les estrat\u00e8gies militars amb les seves conseq\u00fc\u00e8ncies desastroses a trav\u00e9s d&#8221;unes quantes<br \/>jornades decisives. La desfeta no t\u00e9 precedents, la carn de can\u00f3 nom\u00e9s haur\u00e0 servit els<br \/>interessos financers i pol\u00edtics d&#8217;uns responsables sense escr\u00fapols: occident ha entrat definitivament<br \/>en la modernitat.<\/p>\n","protected":false},"excerpt":{"rendered":"<p>VUILLARD, \u00c9RIC<\/p>\n","protected":false},"featured_media":126065,"template":"","meta":{"_acf_changed":false,"om_disable_all_campaigns":false,"rs_blank_template":"","rs_page_bg_color":"","slide_template_v7":"","inline_featured_image":false,"_monsterinsights_skip_tracking":false,"_monsterinsights_sitenote_active":false,"_monsterinsights_sitenote_note":"","_monsterinsights_sitenote_category":0},"product_brand":[],"product_cat":[127,357],"product_tag":[],"class_list":{"0":"post-126064","1":"product","2":"type-product","3":"status-publish","4":"has-post-thumbnail","6":"product_cat-novella-contemporania","7":"product_cat-novela-contemporanea","9":"first","10":"instock","11":"taxable","12":"shipping-taxable","13":"purchasable","14":"product-type-simple"},"acf":{"editorial":[{"ID":6210,"post_author":"3","post_date":"2022-07-28 17:47:13","post_date_gmt":"2022-07-28 15:47:13","post_content":"","post_title":"Edicions 62","post_excerpt":"","post_status":"publish","comment_status":"closed","ping_status":"closed","post_password":"","post_name":"edicions-62","to_ping":"","pinged":"","post_modified":"2022-07-28 17:47:13","post_modified_gmt":"2022-07-28 15:47:13","post_content_filtered":"","post_parent":0,"guid":"http:\/\/dev.claret.cat\/editorial\/edicions-62\/","menu_order":0,"post_type":"editorial","post_mime_type":"","comment_count":"0","filter":"raw"}],"autor":"VUILLARD, \u00c9RIC","codart":"842977788","libros-coleccion":"El Balanc\u00ed","ediciones":"1","encuadernacion":"R\u00fastica","fecha_de_publicacion":"01\/10\/2019","novedad":"1","paginas":"150","subtitulo":"","orden":"0","portada":"0","idioma":"cat","autores-libros":[{"ID":155270,"post_author":"3","post_date":"2022-10-14 15:11:30","post_date_gmt":"2022-10-14 13:11:30","post_content":"","post_title":"\u00c9RIC VUILLARD","post_excerpt":"","post_status":"publish","comment_status":"closed","ping_status":"closed","post_password":"","post_name":"eric-vuillard","to_ping":"","pinged":"","post_modified":"2022-10-14 15:11:30","post_modified_gmt":"2022-10-14 13:11:30","post_content_filtered":"","post_parent":0,"guid":"http:\/\/dev.claret.cat\/autor\/eric-vuillard\/","menu_order":0,"post_type":"autor","post_mime_type":"","comment_count":"0","filter":"raw"}]},"aioseo_notices":[],"_links":{"self":[{"href":"https:\/\/www.claret.cat\/es\/wp-json\/wp\/v2\/product\/126064","targetHints":{"allow":["GET"]}}],"collection":[{"href":"https:\/\/www.claret.cat\/es\/wp-json\/wp\/v2\/product"}],"about":[{"href":"https:\/\/www.claret.cat\/es\/wp-json\/wp\/v2\/types\/product"}],"wp:featuredmedia":[{"embeddable":true,"href":"https:\/\/www.claret.cat\/es\/wp-json\/wp\/v2\/media\/126065"}],"wp:attachment":[{"href":"https:\/\/www.claret.cat\/es\/wp-json\/wp\/v2\/media?parent=126064"}],"wp:term":[{"taxonomy":"product_brand","embeddable":true,"href":"https:\/\/www.claret.cat\/es\/wp-json\/wp\/v2\/product_brand?post=126064"},{"taxonomy":"product_cat","embeddable":true,"href":"https:\/\/www.claret.cat\/es\/wp-json\/wp\/v2\/product_cat?post=126064"},{"taxonomy":"product_tag","embeddable":true,"href":"https:\/\/www.claret.cat\/es\/wp-json\/wp\/v2\/product_tag?post=126064"}],"curies":[{"name":"wp","href":"https:\/\/api.w.org\/{rel}","templated":true}]}}