{"id":126151,"date":"2022-10-12T22:18:17","date_gmt":"2022-10-12T20:18:17","guid":{"rendered":"http:\/\/dev.claret.cat\/producte\/la-batalla-de-occidente-2\/"},"modified":"2023-01-28T12:00:08","modified_gmt":"2023-01-28T11:00:08","slug":"la-batalla-de-occidente-9788490667422","status":"publish","type":"product","link":"https:\/\/www.claret.cat\/es\/libro\/la-batalla-de-occidente-9788490667422\/","title":{"rendered":"LA BATALLA DE OCCIDENTE"},"content":{"rendered":"<p>El conflicto con que Europa inaugur\u00f3 el siglo XX, la Primera Guerra Mundial, fue una masacre sin justificaci\u00f3n alguna y cuyas causas se nos antojan carentes de sentido. Desencaden\u00f3 la ca\u00edda de varios imperios, una gran revoluci\u00f3n y una carnicer\u00eda sin precedentes. Todo eso provocado por unos tiros de rev\u00f3lver&#8230; \u00c9ric Vuillard, a su personal\u00edsima manera hist\u00f3rica, pol\u00edtica y pol\u00e9mica, elige puntos de vista in\u00e9ditos para narrar episodios de esa Gran Guerra que desde 1914 a 1918 desangr\u00f3 a Europa, para poner el foco en el atentado de Sarajevo, en las estrategias alemanas y francesas, en las alianzas inexorables, en las ideas de pensadores \u00abb\u00e9licos\u00bb como Schlieffen, Clausevitz y Carnot, y seguir el trazo de los d\u00f3lares de la guerra, as\u00ed como las huellas de algunos asesinos. Sin olvidar a los muertos, los prisioneros, los deportados y los mutilados una vez acabada la contienda. Quiz\u00e1 hicieron falta m\u00e1s de diez millones de muertos para que, por primera vez, todas sus tumbas se parezcan.<\/p>\n","protected":false},"excerpt":{"rendered":"<p>VUILLARD, \u00c9RIC<\/p>\n","protected":false},"featured_media":126152,"template":"","meta":{"_acf_changed":false,"om_disable_all_campaigns":false,"rs_blank_template":"","rs_page_bg_color":"","slide_template_v7":"","inline_featured_image":false,"_monsterinsights_skip_tracking":false,"_monsterinsights_sitenote_active":false,"_monsterinsights_sitenote_note":"","_monsterinsights_sitenote_category":0},"product_brand":[],"product_cat":[151,127],"product_tag":[],"class_list":{"0":"post-126151","1":"product","2":"type-product","3":"status-publish","4":"has-post-thumbnail","6":"product_cat-contemporania","7":"product_cat-novella-contemporania","9":"first","10":"instock","11":"taxable","12":"shipping-taxable","13":"purchasable","14":"product-type-simple"},"acf":{"editorial":[{"ID":148913,"post_author":"3","post_date":"2022-10-14 12:01:58","post_date_gmt":"2022-10-14 10:01:58","post_content":"","post_title":"Tusquets Editores S.A.","post_excerpt":"","post_status":"publish","comment_status":"closed","ping_status":"closed","post_password":"","post_name":"tusquets-editores-s-a","to_ping":"","pinged":"","post_modified":"2022-10-14 12:01:58","post_modified_gmt":"2022-10-14 10:01:58","post_content_filtered":"","post_parent":0,"guid":"http:\/\/dev.claret.cat\/editorial\/tusquets-editores-s-a\/","menu_order":0,"post_type":"editorial","post_mime_type":"","comment_count":"0","filter":"raw"}],"autor":"VUILLARD, \u00c9RIC","codart":"849066742","libros-coleccion":"Andanzas","ediciones":"1","encuadernacion":"R\u00fastica","fecha_de_publicacion":"01\/10\/2019","novedad":"1","paginas":"188","subtitulo":"","orden":"0","portada":"0","idioma":"spa","autores-libros":[{"ID":155270,"post_author":"3","post_date":"2022-10-14 15:11:30","post_date_gmt":"2022-10-14 13:11:30","post_content":"","post_title":"\u00c9RIC VUILLARD","post_excerpt":"","post_status":"publish","comment_status":"closed","ping_status":"closed","post_password":"","post_name":"eric-vuillard","to_ping":"","pinged":"","post_modified":"2022-10-14 15:11:30","post_modified_gmt":"2022-10-14 13:11:30","post_content_filtered":"","post_parent":0,"guid":"http:\/\/dev.claret.cat\/autor\/eric-vuillard\/","menu_order":0,"post_type":"autor","post_mime_type":"","comment_count":"0","filter":"raw"}]},"aioseo_notices":[],"_links":{"self":[{"href":"https:\/\/www.claret.cat\/es\/wp-json\/wp\/v2\/product\/126151","targetHints":{"allow":["GET"]}}],"collection":[{"href":"https:\/\/www.claret.cat\/es\/wp-json\/wp\/v2\/product"}],"about":[{"href":"https:\/\/www.claret.cat\/es\/wp-json\/wp\/v2\/types\/product"}],"wp:featuredmedia":[{"embeddable":true,"href":"https:\/\/www.claret.cat\/es\/wp-json\/wp\/v2\/media\/126152"}],"wp:attachment":[{"href":"https:\/\/www.claret.cat\/es\/wp-json\/wp\/v2\/media?parent=126151"}],"wp:term":[{"taxonomy":"product_brand","embeddable":true,"href":"https:\/\/www.claret.cat\/es\/wp-json\/wp\/v2\/product_brand?post=126151"},{"taxonomy":"product_cat","embeddable":true,"href":"https:\/\/www.claret.cat\/es\/wp-json\/wp\/v2\/product_cat?post=126151"},{"taxonomy":"product_tag","embeddable":true,"href":"https:\/\/www.claret.cat\/es\/wp-json\/wp\/v2\/product_tag?post=126151"}],"curies":[{"name":"wp","href":"https:\/\/api.w.org\/{rel}","templated":true}]}}