{"id":126163,"date":"2022-10-12T22:18:29","date_gmt":"2022-10-12T20:18:29","guid":{"rendered":"http:\/\/dev.claret.cat\/producte\/el-sentido-espiritual-de-la-liturgia\/"},"modified":"2024-05-23T03:18:00","modified_gmt":"2024-05-23T01:18:00","slug":"el-sentido-espiritual-de-la-liturgia-9788491652366","status":"publish","type":"product","link":"https:\/\/www.claret.cat\/es\/libro\/el-sentido-espiritual-de-la-liturgia-9788491652366\/","title":{"rendered":"EL SENTIDO ESPIRITUAL DE LA LITURGIA"},"content":{"rendered":"<p>La pregunta que en los Hechos de los Ap\u00f3stoles Felipe realiza al funcionario et\u00edope de Candace cuando intentaba leer al profeta Isa\u00edas -\u00ab\u00bfEntiendes lo que est\u00e1s leyendo?\u00bb (Hch 8,30)- tambi\u00e9n vale para la liturgia: \u00ab\u00bfEntiendes lo que est\u00e1s celebrando?\u00bb. La respuesta es la misma del et\u00edope: \u00ab\u00bfY c\u00f3mo puedo entender, si nadie me gu\u00eda?\u00bb (Hch 8,31). La mistagog\u00eda es el instrumento y el m\u00e9todo que la Iglesia antigua nos ha legado para guiar hacia el misterio, para hacer que los creyentes vivan de lo que celebran. Lo que la lectio divina es para las Escrituras, es la mistagog\u00eda para la liturgia, aunque as\u00ed como en los \u00faltimos treinta a\u00f1os los creyentes han crecido enormemente en el conocimiento de la Biblia, que se ha convertido en aut\u00e9ntico alimento de su vida espiritual, no ha ocurrido igual con la liturgia. Por este motivo, Boselli, a trav\u00e9s de diferentes art\u00edculos, propone una lectura mistag\u00f3gica de algunas partes de la celebraci\u00f3n eucar\u00edstica y al mismo tiempo actualiza el sentido de la liturgia como manera de ser Iglesia y como manantial de \u00e9tica social y evangelizadora.<\/p>\n","protected":false},"excerpt":{"rendered":"<p>BOSELLI, GOFFREDO<\/p>\n","protected":false},"featured_media":361289,"template":"","meta":{"_acf_changed":false,"om_disable_all_campaigns":false,"rs_blank_template":"","rs_page_bg_color":"","slide_template_v7":"","inline_featured_image":false,"_monsterinsights_skip_tracking":false,"_monsterinsights_sitenote_active":false,"_monsterinsights_sitenote_note":"","_monsterinsights_sitenote_category":0},"product_brand":[],"product_cat":[502,257],"product_tag":[],"class_list":{"0":"post-126163","1":"product","2":"type-product","3":"status-publish","4":"has-post-thumbnail","6":"product_cat-obras-generales-liturgia-1_espiritualidad","7":"product_cat-obres-generals-liturgia-1_espiritualitat","9":"first","10":"instock","11":"taxable","12":"shipping-taxable","13":"purchasable","14":"product-type-simple"},"acf":{"editorial":[{"ID":6172,"post_author":"3","post_date":"2022-07-28 17:46:27","post_date_gmt":"2022-07-28 15:46:27","post_content":"","post_title":"CPL","post_excerpt":"","post_status":"publish","comment_status":"closed","ping_status":"closed","post_password":"","post_name":"cpl","to_ping":"","pinged":"","post_modified":"2022-07-28 17:46:27","post_modified_gmt":"2022-07-28 15:46:27","post_content_filtered":"","post_parent":0,"guid":"http:\/\/dev.claret.cat\/editorial\/cpl\/","menu_order":0,"post_type":"editorial","post_mime_type":"","comment_count":"0","filter":"raw"}],"autor":"BOSELLI, GOFFREDO","codart":"849165236","libros-coleccion":"Biblioteca Lit\u00fargica","ediciones":"1","encuadernacion":"Carton\u00e9","fecha_de_publicacion":"08\/10\/2019","novedad":"1","paginas":"190","subtitulo":"","orden":"0","portada":"0","idioma":"spa","autores-libros":[{"ID":157012,"post_author":"3","post_date":"2022-10-14 15:25:25","post_date_gmt":"2022-10-14 13:25:25","post_content":"","post_title":"GOFFREDO BOSELLI","post_excerpt":"","post_status":"publish","comment_status":"closed","ping_status":"closed","post_password":"","post_name":"goffredo-boselli","to_ping":"","pinged":"","post_modified":"2022-10-14 15:25:25","post_modified_gmt":"2022-10-14 13:25:25","post_content_filtered":"","post_parent":0,"guid":"http:\/\/dev.claret.cat\/autor\/goffredo-boselli\/","menu_order":0,"post_type":"autor","post_mime_type":"","comment_count":"0","filter":"raw"}]},"aioseo_notices":[],"_links":{"self":[{"href":"https:\/\/www.claret.cat\/es\/wp-json\/wp\/v2\/product\/126163","targetHints":{"allow":["GET"]}}],"collection":[{"href":"https:\/\/www.claret.cat\/es\/wp-json\/wp\/v2\/product"}],"about":[{"href":"https:\/\/www.claret.cat\/es\/wp-json\/wp\/v2\/types\/product"}],"wp:featuredmedia":[{"embeddable":true,"href":"https:\/\/www.claret.cat\/es\/wp-json\/wp\/v2\/media\/361289"}],"wp:attachment":[{"href":"https:\/\/www.claret.cat\/es\/wp-json\/wp\/v2\/media?parent=126163"}],"wp:term":[{"taxonomy":"product_brand","embeddable":true,"href":"https:\/\/www.claret.cat\/es\/wp-json\/wp\/v2\/product_brand?post=126163"},{"taxonomy":"product_cat","embeddable":true,"href":"https:\/\/www.claret.cat\/es\/wp-json\/wp\/v2\/product_cat?post=126163"},{"taxonomy":"product_tag","embeddable":true,"href":"https:\/\/www.claret.cat\/es\/wp-json\/wp\/v2\/product_tag?post=126163"}],"curies":[{"name":"wp","href":"https:\/\/api.w.org\/{rel}","templated":true}]}}