{"id":126169,"date":"2022-10-12T22:18:34","date_gmt":"2022-10-12T20:18:34","guid":{"rendered":"http:\/\/dev.claret.cat\/producte\/leer-la-biblia-plan-de-lectura-en-tres-anos\/"},"modified":"2024-05-23T03:15:41","modified_gmt":"2024-05-23T01:15:41","slug":"leer-la-biblia-plan-de-lectura-en-tres-anos-9788491652403","status":"publish","type":"product","link":"https:\/\/www.claret.cat\/es\/libro\/leer-la-biblia-plan-de-lectura-en-tres-anos-9788491652403\/","title":{"rendered":"LEER LA BIBLIA. PLAN DE LECTURA EN TRES A\u00d1OS"},"content":{"rendered":"<p>Ramon Ribera-Marin\u00e9, monje de Montserrat, nos hace una propuesta f\u00e1cil para leer la Biblia entera en un plazo de tres a\u00f1os. Se excluyen los textos m\u00e1s conocidos: los salmos y los cuatro evangelios. Y los textos se ordenan siguiendo el a\u00f1o lit\u00fargico en los tres ciclos. C\u00f3mo dice Ramon Ribera &#8216;por el hecho de ser c\u00edclico, esto es, sin principio, nos permite de empezar la lectura a cualquier momento del a\u00f1o en que se tiene la idea de acontecer lector, o mejor, bibli\u00f3filo, o sea, amigo de la Biblia&#8217;. Una de las consecuencias m\u00e1s notables del Concilio Vaticano II ha sido un aproximamiento a la Biblia por parte de muchos cristianos. La renovaci\u00f3n lit\u00fargica y diversas iniciativas muy diferentes han hecho de muchos textos de la Biblia puntos de referencia esenciales para la espiritualidad de muchos hombres y mujeres de nuestras comunidades cristianas. Todo ello, pero, a la pr\u00e1ctica ha ocasionado un conocimiento un poco sesgado del Libro. Sesgado en dos sentidos: porque mucha gente lee solo el Nuevo Testamento, y normalmente \u00fanicamente los evangelios. Y porque a veces nos aproximamos con unas expectativas o unos temores que dificultan el entendimiento.<\/p>\n","protected":false},"excerpt":{"rendered":"<p>RIBERA-MARIN\u00c9, RAMON<\/p>\n","protected":false},"featured_media":361297,"template":"","meta":{"_acf_changed":false,"om_disable_all_campaigns":false,"rs_blank_template":"","rs_page_bg_color":"","slide_template_v7":"","inline_featured_image":false,"_monsterinsights_skip_tracking":false,"_monsterinsights_sitenote_active":false,"_monsterinsights_sitenote_note":"","_monsterinsights_sitenote_category":0},"product_brand":[],"product_cat":[253,399],"product_tag":[],"class_list":{"0":"post-126169","1":"product","2":"type-product","3":"status-publish","4":"has-post-thumbnail","6":"product_cat-any-liturgic","7":"product_cat-any-liturgic-liturgia-1_espiritualidad","9":"first","10":"instock","11":"taxable","12":"shipping-taxable","13":"purchasable","14":"product-type-simple"},"acf":{"editorial":[{"ID":6172,"post_author":"3","post_date":"2022-07-28 17:46:27","post_date_gmt":"2022-07-28 15:46:27","post_content":"","post_title":"CPL","post_excerpt":"","post_status":"publish","comment_status":"closed","ping_status":"closed","post_password":"","post_name":"cpl","to_ping":"","pinged":"","post_modified":"2022-07-28 17:46:27","post_modified_gmt":"2022-07-28 15:46:27","post_content_filtered":"","post_parent":0,"guid":"http:\/\/dev.claret.cat\/editorial\/cpl\/","menu_order":0,"post_type":"editorial","post_mime_type":"","comment_count":"0","filter":"raw"}],"autores-libros":[{"ID":5967,"post_author":"3","post_date":"2022-07-28 17:35:20","post_date_gmt":"2022-07-28 15:35:20","post_content":"","post_title":"RAMON RIBERA-MARIN\u00c9","post_excerpt":"","post_status":"publish","comment_status":"closed","ping_status":"closed","post_password":"","post_name":"ramon-ribera-marine","to_ping":"","pinged":"","post_modified":"2022-07-28 17:35:20","post_modified_gmt":"2022-07-28 15:35:20","post_content_filtered":"","post_parent":0,"guid":"http:\/\/dev.claret.cat\/autor\/ramon-ribera-marine\/","menu_order":0,"post_type":"autor","post_mime_type":"","comment_count":"0","filter":"raw"}],"autor":"RIBERA-MARIN\u00c9, RAMON","codart":"849165240","libros-coleccion":"Celebrar","ediciones":"1","encuadernacion":"R\u00fastica","fecha_de_publicacion":"08\/10\/2019","novedad":"1","paginas":"76","subtitulo":"","orden":"0","portada":"0","idioma":"spa"},"aioseo_notices":[],"_links":{"self":[{"href":"https:\/\/www.claret.cat\/es\/wp-json\/wp\/v2\/product\/126169","targetHints":{"allow":["GET"]}}],"collection":[{"href":"https:\/\/www.claret.cat\/es\/wp-json\/wp\/v2\/product"}],"about":[{"href":"https:\/\/www.claret.cat\/es\/wp-json\/wp\/v2\/types\/product"}],"wp:featuredmedia":[{"embeddable":true,"href":"https:\/\/www.claret.cat\/es\/wp-json\/wp\/v2\/media\/361297"}],"wp:attachment":[{"href":"https:\/\/www.claret.cat\/es\/wp-json\/wp\/v2\/media?parent=126169"}],"wp:term":[{"taxonomy":"product_brand","embeddable":true,"href":"https:\/\/www.claret.cat\/es\/wp-json\/wp\/v2\/product_brand?post=126169"},{"taxonomy":"product_cat","embeddable":true,"href":"https:\/\/www.claret.cat\/es\/wp-json\/wp\/v2\/product_cat?post=126169"},{"taxonomy":"product_tag","embeddable":true,"href":"https:\/\/www.claret.cat\/es\/wp-json\/wp\/v2\/product_tag?post=126169"}],"curies":[{"name":"wp","href":"https:\/\/api.w.org\/{rel}","templated":true}]}}