{"id":12641,"date":"2022-10-01T22:00:42","date_gmt":"2022-10-01T20:00:42","guid":{"rendered":"http:\/\/dev.claret.cat\/producte\/notas-para-unas-memorias-que-nunca-escribire\/"},"modified":"2023-01-28T05:21:23","modified_gmt":"2023-01-28T04:21:23","slug":"notas-para-unas-memorias-que-nunca-escribire-9788426407399","status":"publish","type":"product","link":"https:\/\/www.claret.cat\/es\/libro\/notas-para-unas-memorias-que-nunca-escribire-9788426407399\/","title":{"rendered":"NOTAS PARA UNAS MEMORIAS QUE NUNCA ESCRIBIR\u00c9"},"content":{"rendered":"<p>MARS\u00c9 IN\u00c9DITO<br \/>El pensamiento y la intimidad de uno de los grandes escritores  espa\u00f1oles de hoy y el retrato de un pa\u00eds en un a\u00f1o muy especial Este libro, insoslayable para los lectores de Mars\u00e9, para los amantes de  la literatura y para todos los que quieran conocer, entender y recordar  una \u00e9poca muy particular de Espa\u00f1a, re\u00fane el diario que Mars\u00e9 llev\u00f3 en  2004, as\u00ed como las notas y apuntes reunidos en varias libretas los a\u00f1os  que siguieron. Est\u00e1n aqu\u00ed reflejadas sus opiniones sobre Catalu\u00f1a y  Espa\u00f1a, sobre escritores y artistas, sobre la literatura, el periodismo,  el cine y la pol\u00edtica, y sus protagonistas; sus peque\u00f1as y grandes  luchas cotidianas (como novelista, como jurado de un pol\u00e9mico premio,  como ciudadano, padre y abuelo entra\u00f1able); embriones de relatos,  recuerdos, sentencias y poemas. Un Mars\u00e9 in\u00e9dito e imperdible: uno de  nuestros mayores escritores, como nunca antes se nos hab\u00eda revelado. \u00abEl m\u00e1s \u00edntegro y despiadado autorretrato del escritor\u00bb define Ignacio  Echeverr\u00eda, cr\u00edtico y editor, a esta obra que \u00e9l mismo ha editado,  prologado y anotado; el libro que Juan Mars\u00e9 revis\u00f3 y corrigi\u00f3 en los  \u00faltimos meses de su vida y dej\u00f3 \u00ablisto para ser publicado\u00bb, en sus propias palabras, poco antes de morir. La cr\u00edtica ha dicho&#8230;<br \/>\u00abUn grande. Por su val\u00eda literaria. Por su honradez personal y ciudadana.\u00bb<br \/>Carlos Zan\u00f3n,  La Vanguardia \u00abCon Mars\u00e9, concluye un mundo.\u00bb<br \/>Nadal Suau, El Cultural  \u00abEl imaginario moral que nos ha legado es hoy m\u00e1s necesario que nunca.\u00bb<br \/>Andreu Jaume, El Pa\u00eds  \u00abUn novelista pura sangre, un narrador nato, un brillante contador de historias.\u00bb<br \/>Domingo R\u00f3denas de Moya, El Peri\u00f3dico \u00abCuando un maestro de la narraci\u00f3n como Juan Mars\u00e9 escribe con ese placer interior, el resultado es una fiesta.\u00bb<br \/>Rosa Montero, Babelia \u00abNo deber\u00eda haber reserva en reconocer que Mars\u00e9 es, desde 1960, nuestro mejor narrador.\u00bb<br \/>Jos\u00e9 Carlos Mainer, El Pa\u00eds \u00abCon el tiempo, se ha ido adue\u00f1ando del mundo de Mars\u00e9 y de su estilo  narrativo una sabidur\u00eda que solo est\u00e1 al alcance de los mejores.\u00bb<br \/>Enrique Vila-Matas \u00abUn guerrero. [#] El \u00faltimo de nuestros cl\u00e1sicos, luchador honesto y  solitario, ninguneado durante d\u00e9cadas por el nacionalismo local.\u00bb<br \/>Arturo P\u00e9rez-Reverte \u00abNos abr\u00eda muchos caminos, nos se\u00f1alaba v\u00edas que mejoraran lo que  quer\u00edamos hacer con los elementos de que dispon\u00edamos. [&#8230;] Un hombre  muy sofisticado, muy le\u00eddo, muy centrado, casi erudito, aunque jam\u00e1s se le not\u00f3.\u00bb<br \/>Eduardo Mendoza \u00abEnorme escritor y un hombre libre, sin ataduras y sin andaderas.\u00bb<br \/>Jos\u00e9 Manuel Rodr\u00edguez Uribes \u00abUn escritor que desnud\u00f3 a la burgues\u00eda catalana.\u00bb<br \/>Maruja Torres<\/p>\n","protected":false},"excerpt":{"rendered":"<p>MARS\u00c9, JUAN<\/p>\n","protected":false},"featured_media":65074,"template":"","meta":{"_acf_changed":false,"om_disable_all_campaigns":false,"rs_blank_template":"","rs_page_bg_color":"","slide_template_v7":"","inline_featured_image":false,"_monsterinsights_skip_tracking":false,"_monsterinsights_sitenote_active":false,"_monsterinsights_sitenote_note":"","_monsterinsights_sitenote_category":0},"product_brand":[],"product_cat":[90],"product_tag":[],"class_list":{"0":"post-12641","1":"product","2":"type-product","3":"status-publish","4":"has-post-thumbnail","6":"product_cat-altres","8":"first","9":"instock","10":"taxable","11":"shipping-taxable","12":"purchasable","13":"product-type-simple"},"acf":{"autor":"MARS\u00c9, JUAN","codart":"842640739","libros-coleccion":"Ensayo","ediciones":"1","encuadernacion":"Carton\u00e9","fecha_de_publicacion":"01\/03\/2021","novedad":"1","paginas":"440","subtitulo":"","orden":"0","portada":"0","idioma":"spa","editorial":[{"ID":6296,"post_author":"3","post_date":"2022-07-28 17:49:09","post_date_gmt":"2022-07-28 15:49:09","post_content":"","post_title":"LUMEN","post_excerpt":"","post_status":"publish","comment_status":"closed","ping_status":"closed","post_password":"","post_name":"lumen","to_ping":"","pinged":"","post_modified":"2022-07-28 17:49:09","post_modified_gmt":"2022-07-28 15:49:09","post_content_filtered":"","post_parent":0,"guid":"http:\/\/dev.claret.cat\/editorial\/lumen\/","menu_order":0,"post_type":"editorial","post_mime_type":"","comment_count":"0","filter":"raw"}],"autores-libros":[{"ID":161120,"post_author":"3","post_date":"2022-10-14 17:15:40","post_date_gmt":"2022-10-14 15:15:40","post_content":"","post_title":"JUAN MARSE","post_excerpt":"","post_status":"publish","comment_status":"closed","ping_status":"closed","post_password":"","post_name":"juan-marse","to_ping":"","pinged":"","post_modified":"2022-10-14 17:15:40","post_modified_gmt":"2022-10-14 15:15:40","post_content_filtered":"","post_parent":0,"guid":"http:\/\/dev.claret.cat\/autor\/juan-marse\/","menu_order":0,"post_type":"autor","post_mime_type":"","comment_count":"0","filter":"raw"}]},"aioseo_notices":[],"_links":{"self":[{"href":"https:\/\/www.claret.cat\/es\/wp-json\/wp\/v2\/product\/12641","targetHints":{"allow":["GET"]}}],"collection":[{"href":"https:\/\/www.claret.cat\/es\/wp-json\/wp\/v2\/product"}],"about":[{"href":"https:\/\/www.claret.cat\/es\/wp-json\/wp\/v2\/types\/product"}],"wp:featuredmedia":[{"embeddable":true,"href":"https:\/\/www.claret.cat\/es\/wp-json\/wp\/v2\/media\/65074"}],"wp:attachment":[{"href":"https:\/\/www.claret.cat\/es\/wp-json\/wp\/v2\/media?parent=12641"}],"wp:term":[{"taxonomy":"product_brand","embeddable":true,"href":"https:\/\/www.claret.cat\/es\/wp-json\/wp\/v2\/product_brand?post=12641"},{"taxonomy":"product_cat","embeddable":true,"href":"https:\/\/www.claret.cat\/es\/wp-json\/wp\/v2\/product_cat?post=12641"},{"taxonomy":"product_tag","embeddable":true,"href":"https:\/\/www.claret.cat\/es\/wp-json\/wp\/v2\/product_tag?post=12641"}],"curies":[{"name":"wp","href":"https:\/\/api.w.org\/{rel}","templated":true}]}}