{"id":126529,"date":"2022-10-12T22:24:11","date_gmt":"2022-10-12T20:24:11","guid":{"rendered":"http:\/\/dev.claret.cat\/producte\/de-quien-es-la-culpa\/"},"modified":"2023-01-28T08:31:35","modified_gmt":"2023-01-28T07:31:35","slug":"de-quien-es-la-culpa-9788416461301","status":"publish","type":"product","link":"https:\/\/www.claret.cat\/es\/libro\/de-quien-es-la-culpa-9788416461301\/","title":{"rendered":"\u00bfDE QUI\u00c9N ES LA CULPA?"},"content":{"rendered":"<p>La joven Anna disfruta desplegando su atractivo entre los muchachos de su edad. Y se deja querer, sobre todo por Dmitri, que se siente atra\u00eddo por ella. Pero finalmente es un viejo amigo de la familia, el pr\u00edncipe Pr\u00f3zorski, de treinta y cinco a\u00f1os, con el que se casa. Anna sue\u00f1a con el amor puro, espiritual, y piensa que ha tomado la decisi\u00f3n correcta al elegir a este hombre que, hasta no hace mucho tiempo, parec\u00eda locamente de ella y la visitaba en cuanto ten\u00eda ocasi\u00f3n. Pero una vez casada, la desilusi\u00f3n no tarda en llegar: vive desconcertada ante los cambios de humor de su marido, sufre al encontrarse con sus antiguas amantes, y los celos mutuos y las dudas convierten la vida matrimonial en un infierno.<br \/> Sofia, la esposa del gran escritor ruso Lev Tolst\u00f3i, escribi\u00f3 esta novela como respuesta literaria a Sonata a Kreutzer, publicada en 1889. La autora interpret\u00f3 esta obra como un ataque p\u00fablico y despiadado contra ella, donde su marido reflej\u00f3 como en un espejo las tumultuosas relaciones de su matrimonio en la pareja protagonista.<br \/> \u00bfDe qui\u00e9n es la culpa? revela el talento literario de una gran escritora, una mujer que vivi\u00f3 a la sombra de un genio.<\/p>\n","protected":false},"excerpt":{"rendered":"<p>TOLSTAIA, SOFIA<\/p>\n","protected":false},"featured_media":126530,"template":"","meta":{"_acf_changed":false,"om_disable_all_campaigns":false,"rs_blank_template":"","rs_page_bg_color":"","slide_template_v7":"","inline_featured_image":false,"_monsterinsights_skip_tracking":false,"_monsterinsights_sitenote_active":false,"_monsterinsights_sitenote_note":"","_monsterinsights_sitenote_category":0},"product_brand":[],"product_cat":[123],"product_tag":[],"class_list":{"0":"post-126529","1":"product","2":"type-product","3":"status-publish","4":"has-post-thumbnail","6":"product_cat-classica","8":"first","9":"instock","10":"taxable","11":"shipping-taxable","12":"purchasable","13":"product-type-simple"},"acf":{"editorial":[{"ID":148980,"post_author":"3","post_date":"2022-10-14 12:02:30","post_date_gmt":"2022-10-14 10:02:30","post_content":"","post_title":"Xordica","post_excerpt":"","post_status":"publish","comment_status":"closed","ping_status":"closed","post_password":"","post_name":"xordica","to_ping":"","pinged":"","post_modified":"2022-10-14 12:02:30","post_modified_gmt":"2022-10-14 10:02:30","post_content_filtered":"","post_parent":0,"guid":"http:\/\/dev.claret.cat\/editorial\/xordica\/","menu_order":0,"post_type":"editorial","post_mime_type":"","comment_count":"0","filter":"raw"}],"autores-libros":[{"ID":169634,"post_author":"3","post_date":"2022-10-14 22:28:48","post_date_gmt":"2022-10-14 20:28:48","post_content":"","post_title":"SOFIA TOLSTAIA","post_excerpt":"","post_status":"publish","comment_status":"closed","ping_status":"closed","post_password":"","post_name":"sofia-tolstaia","to_ping":"","pinged":"","post_modified":"2022-10-14 22:28:48","post_modified_gmt":"2022-10-14 20:28:48","post_content_filtered":"","post_parent":0,"guid":"http:\/\/dev.claret.cat\/autor\/sofia-tolstaia\/","menu_order":0,"post_type":"autor","post_mime_type":"","comment_count":"0","filter":"raw"}],"autor":"TOLSTAIA, SOFIA","codart":"841646130","libros-coleccion":"Envistas","ediciones":"1","encuadernacion":"R\u00fastica","fecha_de_publicacion":"01\/08\/2019","novedad":"1","paginas":"174","subtitulo":"","orden":"0","portada":"0","idioma":"spa"},"aioseo_notices":[],"_links":{"self":[{"href":"https:\/\/www.claret.cat\/es\/wp-json\/wp\/v2\/product\/126529","targetHints":{"allow":["GET"]}}],"collection":[{"href":"https:\/\/www.claret.cat\/es\/wp-json\/wp\/v2\/product"}],"about":[{"href":"https:\/\/www.claret.cat\/es\/wp-json\/wp\/v2\/types\/product"}],"wp:featuredmedia":[{"embeddable":true,"href":"https:\/\/www.claret.cat\/es\/wp-json\/wp\/v2\/media\/126530"}],"wp:attachment":[{"href":"https:\/\/www.claret.cat\/es\/wp-json\/wp\/v2\/media?parent=126529"}],"wp:term":[{"taxonomy":"product_brand","embeddable":true,"href":"https:\/\/www.claret.cat\/es\/wp-json\/wp\/v2\/product_brand?post=126529"},{"taxonomy":"product_cat","embeddable":true,"href":"https:\/\/www.claret.cat\/es\/wp-json\/wp\/v2\/product_cat?post=126529"},{"taxonomy":"product_tag","embeddable":true,"href":"https:\/\/www.claret.cat\/es\/wp-json\/wp\/v2\/product_tag?post=126529"}],"curies":[{"name":"wp","href":"https:\/\/api.w.org\/{rel}","templated":true}]}}