{"id":126568,"date":"2022-10-12T22:24:48","date_gmt":"2022-10-12T20:24:48","guid":{"rendered":"http:\/\/dev.claret.cat\/producte\/anatomicum\/"},"modified":"2023-01-28T15:17:38","modified_gmt":"2023-01-28T14:17:38","slug":"anatomicum-9788417553272","status":"publish","type":"product","link":"https:\/\/www.claret.cat\/es\/libro\/anatomicum-9788417553272\/","title":{"rendered":"ANATOMICUM"},"content":{"rendered":"<p>Debajo de nuestra piel se encuentra una m\u00e1quina viva compuesta de cientos y miles de partes, que trabajan juntas para hacernos ser quienes somos. \u00bfTe has preguntado alguna vez qu\u00e9 aspecto tiene el interior de tu cuerpo? Imag\u00ednate que pudieras verlo de dentro afuera. Entonces podr\u00edas contemplar c\u00f3mo te late el coraz\u00f3n, ver c\u00f3mo crecen tus propias c\u00e9lulas o se\u00f1alar la parte exacta de tu cerebro donde se est\u00e1 formando una idea. Todo esto puedes hacerlo ahora, en las p\u00e1ginas de Anatomicum. Abierto las veinticuatro horas del d\u00eda, siete d\u00edas a la semana, este museo es \u00fanico y no se parece a nada que hayas visto antes. A medida que recorras sus pasillos y sus salas, ser\u00e1s transportado directamente a las distintas partes del cuerpo humano, y podr\u00e1s examinarlo con un ins\u00f3lito grado de detalle.<br \/> La nueva entrega de la exitosa serie Visita nuestro museo (Botanicum, Animalium). Un espectacular volumen que explora el cuerpo humano hasta sus \u00faltimos detalles.<\/p>\n","protected":false},"excerpt":{"rendered":"<p>PAXTON, JENNIFER Z<\/p>\n","protected":false},"featured_media":126569,"template":"","meta":{"_acf_changed":false,"om_disable_all_campaigns":false,"rs_blank_template":"","rs_page_bg_color":"","slide_template_v7":"","inline_featured_image":false,"_monsterinsights_skip_tracking":false,"_monsterinsights_sitenote_active":false,"_monsterinsights_sitenote_note":"","_monsterinsights_sitenote_category":0},"product_brand":[],"product_cat":[133,104,117,105],"product_tag":[],"class_list":{"0":"post-126568","1":"product","2":"type-product","3":"status-publish","4":"has-post-thumbnail","6":"product_cat-lectures-per-adolescents-12-18-anys","7":"product_cat-ciencia","8":"product_cat-juvenil","9":"product_cat-regal","11":"first","12":"instock","13":"taxable","14":"shipping-taxable","15":"purchasable","16":"product-type-simple"},"acf":{"autor":"PAXTON, JENNIFER Z","codart":"841755327","libros-coleccion":"El chico amarillo","ediciones":"1","encuadernacion":"Carton\u00e9","fecha_de_publicacion":"01\/10\/2019","novedad":"1","paginas":"96","subtitulo":"","orden":"0","portada":"0","idioma":"spa","editorial":[{"ID":148284,"post_author":"3","post_date":"2022-10-14 11:57:03","post_date_gmt":"2022-10-14 09:57:03","post_content":"","post_title":"IMPEDIMENTA","post_excerpt":"","post_status":"publish","comment_status":"closed","ping_status":"closed","post_password":"","post_name":"impedimenta","to_ping":"","pinged":"","post_modified":"2022-10-14 11:57:03","post_modified_gmt":"2022-10-14 09:57:03","post_content_filtered":"","post_parent":0,"guid":"http:\/\/dev.claret.cat\/editorial\/impedimenta\/","menu_order":0,"post_type":"editorial","post_mime_type":"","comment_count":"0","filter":"raw"}],"autores-libros":[{"ID":158995,"post_author":"3","post_date":"2022-10-14 15:41:15","post_date_gmt":"2022-10-14 13:41:15","post_content":"","post_title":"JENNIFER Z PAXTON","post_excerpt":"","post_status":"publish","comment_status":"closed","ping_status":"closed","post_password":"","post_name":"jennifer-z-paxton","to_ping":"","pinged":"","post_modified":"2022-10-14 15:41:15","post_modified_gmt":"2022-10-14 13:41:15","post_content_filtered":"","post_parent":0,"guid":"http:\/\/dev.claret.cat\/autor\/jennifer-z-paxton\/","menu_order":0,"post_type":"autor","post_mime_type":"","comment_count":"0","filter":"raw"}]},"aioseo_notices":[],"_links":{"self":[{"href":"https:\/\/www.claret.cat\/es\/wp-json\/wp\/v2\/product\/126568","targetHints":{"allow":["GET"]}}],"collection":[{"href":"https:\/\/www.claret.cat\/es\/wp-json\/wp\/v2\/product"}],"about":[{"href":"https:\/\/www.claret.cat\/es\/wp-json\/wp\/v2\/types\/product"}],"wp:featuredmedia":[{"embeddable":true,"href":"https:\/\/www.claret.cat\/es\/wp-json\/wp\/v2\/media\/126569"}],"wp:attachment":[{"href":"https:\/\/www.claret.cat\/es\/wp-json\/wp\/v2\/media?parent=126568"}],"wp:term":[{"taxonomy":"product_brand","embeddable":true,"href":"https:\/\/www.claret.cat\/es\/wp-json\/wp\/v2\/product_brand?post=126568"},{"taxonomy":"product_cat","embeddable":true,"href":"https:\/\/www.claret.cat\/es\/wp-json\/wp\/v2\/product_cat?post=126568"},{"taxonomy":"product_tag","embeddable":true,"href":"https:\/\/www.claret.cat\/es\/wp-json\/wp\/v2\/product_tag?post=126568"}],"curies":[{"name":"wp","href":"https:\/\/api.w.org\/{rel}","templated":true}]}}