{"id":126574,"date":"2022-10-12T22:24:53","date_gmt":"2022-10-12T20:24:53","guid":{"rendered":"http:\/\/dev.claret.cat\/producte\/engano-y-dano-del-transhumanismo\/"},"modified":"2025-02-06T12:22:16","modified_gmt":"2025-02-06T11:22:16","slug":"engano-y-dano-del-transhumanismo-9788417407865","status":"publish","type":"product","link":"https:\/\/www.claret.cat\/es\/libro\/engano-y-dano-del-transhumanismo-9788417407865\/","title":{"rendered":"ENGA\u00d1O Y DA\u00d1O DEL TRANSHUMANISMO"},"content":{"rendered":"<p>Olivier Rey analiza en este libro uno de los grandes temas de nuestra \u00e9poca, uno de esos temas que, si no est\u00e1 ya en boca de todos, lo estar\u00e1 dentro de poco tiempo. Y lo hace desde una perspectiva inhabitual, huyendo de los t\u00f3picos que buena parte de la clase pol\u00edtica y de los medios de comunicaci\u00f3n han difundido al respecto. Con estilo pulcro y una notable honestidad intelectual, el fil\u00f3sofo franc\u00e9s escribe sobre el proyecto transhumanista sin dejar ning\u00fan cabo suelto. As\u00ed, no se limita a describirlo superficialmente, sino que se sumerge tanto en sus antecedentes m\u00e1s remotos (entre los que distingue el gnosticismo, la ruptura protestante o la mentalidad cient\u00edfico-t\u00e9cnica, por ejemplo) como en sus objetivos y probables efectos. Quiz\u00e1 la mayor virtud de Enga\u00f1o y da\u00f1o del transhumanismo radique en eso, en que ofrece al lector todo lo que debe saber de una ideolog\u00eda que, en caso de imponerse, provocar\u00e1 cambios antropol\u00f3gicos todav\u00eda inimaginables.<\/p>\n","protected":false},"excerpt":{"rendered":"<p>REY, OLIVIER<\/p>\n","protected":false},"featured_media":126575,"template":"","meta":{"_acf_changed":false,"om_disable_all_campaigns":false,"rs_blank_template":"","rs_page_bg_color":"","slide_template_v7":"","inline_featured_image":false,"_monsterinsights_skip_tracking":false,"_monsterinsights_sitenote_active":false,"_monsterinsights_sitenote_note":"","_monsterinsights_sitenote_category":0},"product_brand":[],"product_cat":[104,554],"product_tag":[],"class_list":{"0":"post-126574","1":"product","2":"type-product","3":"status-publish","4":"has-post-thumbnail","6":"product_cat-ciencia","7":"product_cat-ciencia-5_otras-spa","9":"first","10":"instock","11":"taxable","12":"shipping-taxable","13":"purchasable","14":"product-type-simple"},"acf":{"autor":"REY, OLIVIER","codart":"841740786","libros-coleccion":"","ediciones":"1","encuadernacion":"R\u00fastica","fecha_de_publicacion":"05\/10\/2019","novedad":"1","paginas":"178","subtitulo":"","orden":"0","portada":"0","idioma":"spa","editorial":[{"ID":148267,"post_author":"3","post_date":"2022-10-14 11:56:55","post_date_gmt":"2022-10-14 09:56:55","post_content":"","post_title":"HOMOLEGENS","post_excerpt":"","post_status":"publish","comment_status":"closed","ping_status":"closed","post_password":"","post_name":"homolegens","to_ping":"","pinged":"","post_modified":"2022-10-14 11:56:55","post_modified_gmt":"2022-10-14 09:56:55","post_content_filtered":"","post_parent":0,"guid":"http:\/\/dev.claret.cat\/editorial\/homolegens\/","menu_order":0,"post_type":"editorial","post_mime_type":"","comment_count":"0","filter":"raw"}],"autores-libros":[{"ID":166202,"post_author":"3","post_date":"2022-10-14 18:01:15","post_date_gmt":"2022-10-14 16:01:15","post_content":"","post_title":"OLIVIER REY","post_excerpt":"","post_status":"publish","comment_status":"closed","ping_status":"closed","post_password":"","post_name":"olivier-rey","to_ping":"","pinged":"","post_modified":"2022-10-14 18:01:15","post_modified_gmt":"2022-10-14 16:01:15","post_content_filtered":"","post_parent":0,"guid":"http:\/\/dev.claret.cat\/autor\/olivier-rey\/","menu_order":0,"post_type":"autor","post_mime_type":"","comment_count":"0","filter":"raw"}]},"aioseo_notices":[],"_links":{"self":[{"href":"https:\/\/www.claret.cat\/es\/wp-json\/wp\/v2\/product\/126574","targetHints":{"allow":["GET"]}}],"collection":[{"href":"https:\/\/www.claret.cat\/es\/wp-json\/wp\/v2\/product"}],"about":[{"href":"https:\/\/www.claret.cat\/es\/wp-json\/wp\/v2\/types\/product"}],"wp:featuredmedia":[{"embeddable":true,"href":"https:\/\/www.claret.cat\/es\/wp-json\/wp\/v2\/media\/126575"}],"wp:attachment":[{"href":"https:\/\/www.claret.cat\/es\/wp-json\/wp\/v2\/media?parent=126574"}],"wp:term":[{"taxonomy":"product_brand","embeddable":true,"href":"https:\/\/www.claret.cat\/es\/wp-json\/wp\/v2\/product_brand?post=126574"},{"taxonomy":"product_cat","embeddable":true,"href":"https:\/\/www.claret.cat\/es\/wp-json\/wp\/v2\/product_cat?post=126574"},{"taxonomy":"product_tag","embeddable":true,"href":"https:\/\/www.claret.cat\/es\/wp-json\/wp\/v2\/product_tag?post=126574"}],"curies":[{"name":"wp","href":"https:\/\/api.w.org\/{rel}","templated":true}]}}