{"id":1266,"date":"2022-07-27T20:38:28","date_gmt":"2022-07-27T18:38:28","guid":{"rendered":"http:\/\/dev.claret.cat\/producto\/que-me-pasa-9780241326848\/"},"modified":"2026-01-13T10:50:23","modified_gmt":"2026-01-13T09:50:23","slug":"que-me-pasa-9780241326848","status":"publish","type":"product","link":"https:\/\/www.claret.cat\/es\/libro\/que-me-pasa-9780241326848\/","title":{"rendered":"\u00bfQU\u00c9 ME PASA?"},"content":{"rendered":"<p>Una gu\u00eda de referencia sobre salud y sintomatolog\u00eda perfecta para  todo aquel que necesite identificar un problema m\u00e9dico de forma r\u00e1pida. Tanto si es un s\u00edntoma que se ha estado ignorando durante un tiempo como  si se trata de un dolor repentino que aparece despu\u00e9s de una ca\u00edda, este  manual ayudar\u00e1 a identificarlo para tomar acciones lo antes posible. Las  referencias cruzadas de s\u00edntomas que pueden estar conectados permitir\u00e1n  que el lector pueda llegar a una conclusi\u00f3n en pocos minutos.Los s\u00edntomas con riesgos potencialmente altos para la salud y las  dolencias que comprometan el estado vital del paciente est\u00e1n claramente  se\u00f1aladas para que se vaya r\u00e1pidamente en busca de consejo m\u00e9dico urgente.<\/p>\n","protected":false},"excerpt":{"rendered":"<p>DK<\/p>\n","protected":false},"featured_media":1073488,"template":"","meta":{"_acf_changed":false,"om_disable_all_campaigns":false,"rs_blank_template":"","rs_page_bg_color":"","slide_template_v7":"","inline_featured_image":false,"_monsterinsights_skip_tracking":false,"_monsterinsights_sitenote_active":false,"_monsterinsights_sitenote_note":"","_monsterinsights_sitenote_category":0},"product_brand":[],"product_cat":[547,97],"product_tag":[],"class_list":{"0":"post-1266","1":"product","2":"type-product","3":"status-publish","4":"has-post-thumbnail","6":"product_cat-salud","7":"product_cat-salut","9":"first","10":"outofstock","11":"taxable","12":"shipping-taxable","13":"purchasable","14":"product-type-simple"},"acf":{"autor":"DK","codart":"024132684","ediciones":"1","encuadernacion":"R\u00fastica","fecha_de_publicacion":"01\/04\/2018","novedad":"0","paginas":"210","subtitulo":"GU\u00cdA M\u00c9DICA PARA EL HOGAR","orden":"0","portada":"0","idioma":"spa","libros-coleccion":"BIENESTAR","autores-libros":[{"ID":5403,"post_author":"3","post_date":"2022-07-28 17:23:14","post_date_gmt":"2022-07-28 15:23:14","post_content":"","post_title":"DK","post_excerpt":"","post_status":"publish","comment_status":"closed","ping_status":"closed","post_password":"","post_name":"dk","to_ping":"","pinged":"","post_modified":"2022-07-28 17:23:14","post_modified_gmt":"2022-07-28 15:23:14","post_content_filtered":"","post_parent":0,"guid":"http:\/\/dev.claret.cat\/autor\/dk\/","menu_order":0,"post_type":"autor","post_mime_type":"","comment_count":"0","filter":"raw"}],"editorial":[{"ID":6186,"post_author":"3","post_date":"2022-07-28 17:46:45","post_date_gmt":"2022-07-28 15:46:45","post_content":"","post_title":"DK","post_excerpt":"","post_status":"publish","comment_status":"closed","ping_status":"closed","post_password":"","post_name":"dk","to_ping":"","pinged":"","post_modified":"2022-07-28 17:46:45","post_modified_gmt":"2022-07-28 15:46:45","post_content_filtered":"","post_parent":0,"guid":"http:\/\/dev.claret.cat\/editorial\/dk\/","menu_order":0,"post_type":"editorial","post_mime_type":"","comment_count":"0","filter":"raw"}],"booktrailer":"","resenas":""},"aioseo_notices":[],"_links":{"self":[{"href":"https:\/\/www.claret.cat\/es\/wp-json\/wp\/v2\/product\/1266","targetHints":{"allow":["GET"]}}],"collection":[{"href":"https:\/\/www.claret.cat\/es\/wp-json\/wp\/v2\/product"}],"about":[{"href":"https:\/\/www.claret.cat\/es\/wp-json\/wp\/v2\/types\/product"}],"wp:featuredmedia":[{"embeddable":true,"href":"https:\/\/www.claret.cat\/es\/wp-json\/wp\/v2\/media\/1073488"}],"wp:attachment":[{"href":"https:\/\/www.claret.cat\/es\/wp-json\/wp\/v2\/media?parent=1266"}],"wp:term":[{"taxonomy":"product_brand","embeddable":true,"href":"https:\/\/www.claret.cat\/es\/wp-json\/wp\/v2\/product_brand?post=1266"},{"taxonomy":"product_cat","embeddable":true,"href":"https:\/\/www.claret.cat\/es\/wp-json\/wp\/v2\/product_cat?post=1266"},{"taxonomy":"product_tag","embeddable":true,"href":"https:\/\/www.claret.cat\/es\/wp-json\/wp\/v2\/product_tag?post=1266"}],"curies":[{"name":"wp","href":"https:\/\/api.w.org\/{rel}","templated":true}]}}