{"id":126640,"date":"2022-10-12T22:25:54","date_gmt":"2022-10-12T20:25:54","guid":{"rendered":"http:\/\/dev.claret.cat\/producte\/del-pade-al-ipad\/"},"modified":"2024-05-02T16:46:46","modified_gmt":"2024-05-02T14:46:46","slug":"del-pade-al-ipad-9788416737727","status":"publish","type":"product","link":"https:\/\/www.claret.cat\/es\/libro\/del-pade-al-ipad-9788416737727\/","title":{"rendered":"DEL PADE AL IPAD"},"content":{"rendered":"<p>Una parte de la funci\u00f3n que cumpl\u00eda la familia, y la jerarqu\u00eda que la sosten\u00eda, ha sido desplazada a las  redes sociales, con sus dispositivos m\u00e1s horizontales y en conexi\u00f3n permanente. Ellas suponen un apoyo  nada desde\u00f1able a los sujetos hipermodernos,<\/p>\n","protected":false},"excerpt":{"rendered":"<p>UBIETO, JOS\u00c9 RAM\u00d3N (ed.)<\/p>\n","protected":false},"featured_media":330151,"template":"","meta":{"_acf_changed":false,"om_disable_all_campaigns":false,"rs_blank_template":"","rs_page_bg_color":"","slide_template_v7":"","inline_featured_image":false,"_monsterinsights_skip_tracking":false,"_monsterinsights_sitenote_active":false,"_monsterinsights_sitenote_note":"","_monsterinsights_sitenote_category":0},"product_brand":[],"product_cat":[194,457],"product_tag":[],"class_list":{"0":"post-126640","1":"product","2":"type-product","3":"status-publish","4":"has-post-thumbnail","6":"product_cat-comunicacio-i-noves-teconologies","7":"product_cat-comunicacion-y-nuevas-teconologias","9":"first","10":"instock","11":"taxable","12":"shipping-taxable","13":"purchasable","14":"product-type-simple"},"acf":{"autores-libros":[{"ID":160548,"post_author":"3","post_date":"2022-10-14 15:53:58","post_date_gmt":"2022-10-14 13:53:58","post_content":"","post_title":"JOS\u00c9 RAM\u00d3N (ed.) UBIETO","post_excerpt":"","post_status":"publish","comment_status":"closed","ping_status":"closed","post_password":"","post_name":"jose-ramon-ed-ubieto","to_ping":"","pinged":"","post_modified":"2022-10-14 15:53:58","post_modified_gmt":"2022-10-14 13:53:58","post_content_filtered":"","post_parent":0,"guid":"http:\/\/dev.claret.cat\/autor\/jose-ramon-ed-ubieto\/","menu_order":0,"post_type":"autor","post_mime_type":"","comment_count":"0","filter":"raw"}],"autor":"UBIETO, JOS\u00c9 RAM\u00d3N (ed.)","codart":"841673772","libros-coleccion":"HUELLAS Y SE\u00d1ALES","ediciones":"1","encuadernacion":"R\u00fastica","fecha_de_publicacion":"04\/10\/2019","novedad":"1","paginas":"256","subtitulo":"FAMILIAS Y REDES EN LA ERA DIGITAL","orden":"0","portada":"0","idioma":"spa"},"aioseo_notices":[],"_links":{"self":[{"href":"https:\/\/www.claret.cat\/es\/wp-json\/wp\/v2\/product\/126640","targetHints":{"allow":["GET"]}}],"collection":[{"href":"https:\/\/www.claret.cat\/es\/wp-json\/wp\/v2\/product"}],"about":[{"href":"https:\/\/www.claret.cat\/es\/wp-json\/wp\/v2\/types\/product"}],"wp:featuredmedia":[{"embeddable":true,"href":"https:\/\/www.claret.cat\/es\/wp-json\/wp\/v2\/media\/330151"}],"wp:attachment":[{"href":"https:\/\/www.claret.cat\/es\/wp-json\/wp\/v2\/media?parent=126640"}],"wp:term":[{"taxonomy":"product_brand","embeddable":true,"href":"https:\/\/www.claret.cat\/es\/wp-json\/wp\/v2\/product_brand?post=126640"},{"taxonomy":"product_cat","embeddable":true,"href":"https:\/\/www.claret.cat\/es\/wp-json\/wp\/v2\/product_cat?post=126640"},{"taxonomy":"product_tag","embeddable":true,"href":"https:\/\/www.claret.cat\/es\/wp-json\/wp\/v2\/product_tag?post=126640"}],"curies":[{"name":"wp","href":"https:\/\/api.w.org\/{rel}","templated":true}]}}