{"id":126652,"date":"2022-10-12T22:26:04","date_gmt":"2022-10-12T20:26:04","guid":{"rendered":"http:\/\/dev.claret.cat\/producte\/el-camino-de-la-vida-2\/"},"modified":"2026-01-28T11:55:21","modified_gmt":"2026-01-28T10:55:21","slug":"el-camino-de-la-vida-9788425442506","status":"publish","type":"product","link":"https:\/\/www.claret.cat\/es\/libro\/el-camino-de-la-vida-9788425442506\/","title":{"rendered":"EL CAMINO DE LA VIDA"},"content":{"rendered":"<p>\u00abJoseph Ratzinger muestra con maestr\u00eda la inseparable relaci\u00f3n entre el anuncio de la palabra de Dios y la liturgia\u00bb.<\/p>\n<p>La especial singularidad de las homil\u00edas del papa em\u00e9rito Benedicto XVI, fruto de su rico trabajo en la actuaci\u00f3n eclesial y de su pensamiento teol\u00f3gico, es mostrada en la presente edici\u00f3n con la selecci\u00f3n de diecisiete textos que hasta ahora no han sido publicados o han sido de dif\u00edcil acceso.<\/p>\n<p>El t\u00edtulo de la obra refleja la inquietud teol\u00f3gica y pastoral que impulsa sus homil\u00edas: \u00abel camino de la vida\u00bb. Con \u00e9l, se expresa la convicci\u00f3n de fe que la palabra de Dios es una palabra de vida y que conduce a su plenitud. En efecto, este libro es una rica representaci\u00f3n de la gran obra homili\u00e9tica de Benedicto XVI, que conduce tanto a la meditaci\u00f3n de la palabra divina como a la de la comunidad de fe de la Iglesia o tambi\u00e9n a la del mundo actual. As\u00ed, la voz de Joseph Ratzinger reflejada en estos textos se convierte en un aut\u00e9ntico testigo y gu\u00eda que invita al lector a pasear a trav\u00e9s de la existencia cristiana.<\/p>\n","protected":false},"excerpt":{"rendered":"<p>RATZINGER, JOSEPH<\/p>\n","protected":false},"featured_media":331739,"template":"","meta":{"_acf_changed":false,"om_disable_all_campaigns":false,"rs_blank_template":"","rs_page_bg_color":"","slide_template_v7":"","inline_featured_image":false,"_monsterinsights_skip_tracking":false,"_monsterinsights_sitenote_active":false,"_monsterinsights_sitenote_note":"","_monsterinsights_sitenote_category":0},"product_brand":[],"product_cat":[256,501],"product_tag":[],"class_list":{"0":"post-126652","1":"product","2":"type-product","3":"status-publish","4":"has-post-thumbnail","6":"product_cat-homiletica","7":"product_cat-homiletica-liturgia-1_espiritualidad","9":"first","10":"instock","11":"taxable","12":"shipping-taxable","13":"purchasable","14":"product-type-simple"},"acf":{"editorial":[{"ID":6266,"post_author":"3","post_date":"2022-07-28 17:48:31","post_date_gmt":"2022-07-28 15:48:31","post_content":"","post_title":"HERDER","post_excerpt":"","post_status":"publish","comment_status":"closed","ping_status":"closed","post_password":"","post_name":"herder","to_ping":"","pinged":"","post_modified":"2022-07-28 17:48:31","post_modified_gmt":"2022-07-28 15:48:31","post_content_filtered":"","post_parent":0,"guid":"http:\/\/dev.claret.cat\/editorial\/herder\/","menu_order":0,"post_type":"editorial","post_mime_type":"","comment_count":"0","filter":"raw"}],"autores-libros":[{"ID":5673,"post_author":"3","post_date":"2022-07-28 17:29:02","post_date_gmt":"2022-07-28 15:29:02","post_content":"","post_title":"JOSEPH RATZINGER","post_excerpt":"","post_status":"publish","comment_status":"closed","ping_status":"closed","post_password":"","post_name":"joseph-ratzinger","to_ping":"","pinged":"","post_modified":"2022-07-28 17:29:02","post_modified_gmt":"2022-07-28 15:29:02","post_content_filtered":"","post_parent":0,"guid":"http:\/\/dev.claret.cat\/autor\/joseph-ratzinger\/","menu_order":0,"post_type":"autor","post_mime_type":"","comment_count":"0","filter":"raw"}],"autor":"RATZINGER, JOSEPH","codart":"842544250","libros-coleccion":"","ediciones":"1","encuadernacion":"R\u00fastica","fecha_de_publicacion":"04\/10\/2019","novedad":"1","paginas":"200","subtitulo":"HOMIL\u00cdAS EN EL A\u00d1O LIT\u00daRGICO","orden":"0","portada":"0","idioma":"spa","booktrailer":"","resenas":""},"aioseo_notices":[],"_links":{"self":[{"href":"https:\/\/www.claret.cat\/es\/wp-json\/wp\/v2\/product\/126652","targetHints":{"allow":["GET"]}}],"collection":[{"href":"https:\/\/www.claret.cat\/es\/wp-json\/wp\/v2\/product"}],"about":[{"href":"https:\/\/www.claret.cat\/es\/wp-json\/wp\/v2\/types\/product"}],"wp:featuredmedia":[{"embeddable":true,"href":"https:\/\/www.claret.cat\/es\/wp-json\/wp\/v2\/media\/331739"}],"wp:attachment":[{"href":"https:\/\/www.claret.cat\/es\/wp-json\/wp\/v2\/media?parent=126652"}],"wp:term":[{"taxonomy":"product_brand","embeddable":true,"href":"https:\/\/www.claret.cat\/es\/wp-json\/wp\/v2\/product_brand?post=126652"},{"taxonomy":"product_cat","embeddable":true,"href":"https:\/\/www.claret.cat\/es\/wp-json\/wp\/v2\/product_cat?post=126652"},{"taxonomy":"product_tag","embeddable":true,"href":"https:\/\/www.claret.cat\/es\/wp-json\/wp\/v2\/product_tag?post=126652"}],"curies":[{"name":"wp","href":"https:\/\/api.w.org\/{rel}","templated":true}]}}