{"id":126673,"date":"2022-10-12T22:26:24","date_gmt":"2022-10-12T20:26:24","guid":{"rendered":"http:\/\/dev.claret.cat\/producte\/cullereta\/"},"modified":"2023-05-12T14:28:35","modified_gmt":"2023-05-12T12:28:35","slug":"cullereta-9788417497446","status":"publish","type":"product","link":"https:\/\/www.claret.cat\/es\/libro\/cullereta-9788417497446\/","title":{"rendered":"CULLERETA"},"content":{"rendered":"<p>De vegades les grans hist\u00f2ries Tenen els principis m\u00e9s petits.<br \/> Nita \u00e9s el capgr\u00f2s m\u00e9s petit d&#8221;un gran estany i hi viu amb tots els seus germans. Encara que alg\u00fa m\u00e9s hi viu, un peix anomenat: EL GRAN BLUP.<br \/> Amb el pas dels dies tots comencen a desapar\u00e8ixer i Nita es pregunta quin ser\u00e0 el seu futur. Acabar\u00e0 en algun lloc millor?<br \/> Una gran hist\u00f2ria sobre un petit capgr\u00f2s: sobre cr\u00e9ixer i fer un salt cap a la vida.<\/p>\n<p> &#8211; Un \u00e0lbum del supervendes Benji Davies<br \/> &#8211; Un \u00e0lbum il\u00b7lustrat per a nens i nenes per descobrir el proc\u00e9s de la vida<br \/> &#8211; Una hist\u00f2ria per fomentar l&#8221;autonomia i la capacitat de decisi\u00f3 dels m\u00e9s petits.<\/p>\n","protected":false},"excerpt":{"rendered":"<p>DAVIES, BENJI<\/p>\n","protected":false},"featured_media":126674,"template":"","meta":{"_acf_changed":false,"om_disable_all_campaigns":false,"rs_blank_template":"","rs_page_bg_color":"","slide_template_v7":"","inline_featured_image":false,"_monsterinsights_skip_tracking":false,"_monsterinsights_sitenote_active":false,"_monsterinsights_sitenote_note":"","_monsterinsights_sitenote_category":0},"product_brand":[],"product_cat":[131,361],"product_tag":[],"class_list":{"0":"post-126673","1":"product","2":"type-product","3":"status-publish","4":"has-post-thumbnail","6":"product_cat-contes-per-infants-0-6-anys","7":"product_cat-cuentos-para-ninos-0-6-anos","9":"first","10":"instock","11":"taxable","12":"shipping-taxable","13":"purchasable","14":"product-type-simple"},"acf":{"autor":"DAVIES, BENJI","codart":"841749744","libros-coleccion":"\u00c0lbums Locomotora","ediciones":"1","encuadernacion":"Carton\u00e9","fecha_de_publicacion":"01\/08\/2019","novedad":"1","paginas":"45","subtitulo":"","orden":"0","portada":"0","idioma":"spa","editorial":[{"ID":147439,"post_author":"3","post_date":"2022-10-14 11:50:35","post_date_gmt":"2022-10-14 09:50:35","post_content":"","post_title":"Andana Editorial","post_excerpt":"","post_status":"publish","comment_status":"closed","ping_status":"closed","post_password":"","post_name":"andana-editorial","to_ping":"","pinged":"","post_modified":"2022-10-14 11:50:35","post_modified_gmt":"2022-10-14 09:50:35","post_content_filtered":"","post_parent":0,"guid":"http:\/\/dev.claret.cat\/editorial\/andana-editorial\/","menu_order":0,"post_type":"editorial","post_mime_type":"","comment_count":"0","filter":"raw"}],"autores-libros":[{"ID":151585,"post_author":"3","post_date":"2022-10-14 14:42:02","post_date_gmt":"2022-10-14 12:42:02","post_content":"","post_title":"BENJI DAVIES","post_excerpt":"","post_status":"publish","comment_status":"closed","ping_status":"closed","post_password":"","post_name":"benji-davies","to_ping":"","pinged":"","post_modified":"2022-10-14 14:42:02","post_modified_gmt":"2022-10-14 12:42:02","post_content_filtered":"","post_parent":0,"guid":"http:\/\/dev.claret.cat\/autor\/benji-davies\/","menu_order":0,"post_type":"autor","post_mime_type":"","comment_count":"0","filter":"raw"}]},"aioseo_notices":[],"_links":{"self":[{"href":"https:\/\/www.claret.cat\/es\/wp-json\/wp\/v2\/product\/126673","targetHints":{"allow":["GET"]}}],"collection":[{"href":"https:\/\/www.claret.cat\/es\/wp-json\/wp\/v2\/product"}],"about":[{"href":"https:\/\/www.claret.cat\/es\/wp-json\/wp\/v2\/types\/product"}],"wp:featuredmedia":[{"embeddable":true,"href":"https:\/\/www.claret.cat\/es\/wp-json\/wp\/v2\/media\/126674"}],"wp:attachment":[{"href":"https:\/\/www.claret.cat\/es\/wp-json\/wp\/v2\/media?parent=126673"}],"wp:term":[{"taxonomy":"product_brand","embeddable":true,"href":"https:\/\/www.claret.cat\/es\/wp-json\/wp\/v2\/product_brand?post=126673"},{"taxonomy":"product_cat","embeddable":true,"href":"https:\/\/www.claret.cat\/es\/wp-json\/wp\/v2\/product_cat?post=126673"},{"taxonomy":"product_tag","embeddable":true,"href":"https:\/\/www.claret.cat\/es\/wp-json\/wp\/v2\/product_tag?post=126673"}],"curies":[{"name":"wp","href":"https:\/\/api.w.org\/{rel}","templated":true}]}}