{"id":12680,"date":"2022-10-01T22:01:20","date_gmt":"2022-10-01T20:01:20","guid":{"rendered":"http:\/\/dev.claret.cat\/producte\/madre-irlanda\/"},"modified":"2026-02-26T17:50:42","modified_gmt":"2026-02-26T16:50:42","slug":"madre-irlanda-9788426408433","status":"publish","type":"product","link":"https:\/\/www.claret.cat\/es\/libro\/madre-irlanda-9788426408433\/","title":{"rendered":"MADRE IRLANDA"},"content":{"rendered":"<p>El retrato de una vida y un pa\u00eds, por \u00abla escritora de lengua inglesa  con m\u00e1s talento de nuestros d\u00edas\u00bb (Philip Roth); \u00absimplemente, una de las mejores de nuestro tiempo\u00bb (John Banville)  \u00abEdna O#Brien escribe las historias m\u00e1s bellas. Ning\u00fan escritor puede compararse a ella, en ning\u00fan lugar.\u00bb<br \/>Alice Munro  Irish Pen Award * American National Arts Gold Medal * Ulysses Medal * Bob Hughes Award * Prix Sp\u00e9cial Femina \u00c9tranger *  David Cohen Prize * PEN\/Nabokov Award Irlanda siempre ha sido mujer, \u00fatero, cueva, vaca, Rosaleen, marrana, novia, ramera&#8230; La multipremiada autora de Las chicas de campo entreteje su  autobiograf\u00eda #su infancia en el condado de Clare, los d\u00edas en la  escuela de monjas, su primer beso o su huida a Inglaterra# con la  esencia de Irlanda, una tierra de mitos, poes\u00eda, supersticiones, costumbres ancestrales, sabidur\u00eda popular y extrema belleza. Madre Irlanda es, seg\u00fan The Guardian, \u00abEdna O#Brien en su m\u00e1ximo  esplendor. Un relato evocador y elegante de un entorno natural y de quienes lo habitan, lleno de audacia e ingenio\u00bb. La cr\u00edtica ha dicho&#8230;<br \/>\u00abEdna O#Brien mueve monta\u00f1as tanto l\u00edricas como pol\u00edticas a trav\u00e9s de su escritura.\u00bb<br \/>Jurado del Premio David Cohen \u00abNo he conocido a nadie que viva, escriba, piense, provoque, se atreva, se emocione y crezca como Edna.\u00bb<br \/>Richard Ford, The Irish Times \u00abLigando su historia personal con la de Irlanda, O#Brien trenza con  gracia las costumbres locales y antiguas tradiciones con los fascinantes  eventos y personajes que poblaron su juventud. [&#8230;] Una narraci\u00f3n colorida y atempora.\u00bb<br \/>The Sunday Times \u00abUna de las primeras mujeres que mostr\u00f3 la verdadera Irlanda: pol\u00edtica, social, sexual y espiritualmente.\u00bb<br \/>Liadan Hynes, The Independent \u00abSu ficci\u00f3n no representa una mera conmemoraci\u00f3n de la p\u00e9rdida de  valores pasados, ni una vuelta a la nostalgia como estrategia est\u00e9tica,  sino la celebraci\u00f3n de una nueva Irlanda y de la mujer en la Irlanda del  siglo veintiuno, ahondando en una representaci\u00f3n sociol\u00f3gica de este nuevo pa\u00eds.\u00bb<br \/>Asier Altuna-Garc\u00eda de Salazar, RIULL \u00abSu genialidad procede del dolor mismo de la memoria.\u00bb<br \/>John Berger \u00abLa escritora de lengua inglesa con m\u00e1s talento de nuestros d\u00edas.\u00bb<br \/>Philip Roth \u00abSimplemente, una de las mejores escritoras de nuestro tiempo.\u00bb<br \/>John Banville \u00abIrlanda es su paisaje y, [&#8230;] a pesar de ser la fuente de buena parte de su material, ha sido dura con ella, salvaje.\u00bb<br \/>Eileen Battersby,  The Irish Times \u00abEdna O&#8221;Brien en su m\u00e1ximo esplendor. Un relato evocador y elegante de  un entorno natural y de quienes lo habitan, lleno de audacia e ingenio.\u00bb<br \/>William Trevor, The Guardian \u00abUna maestra de la palabra y una confesora seductora y sincera de sus  sue\u00f1os, anhelos y pecados. [&#8230;] Una joya: \u00e9xtasis, remordimiento, humor y una escritura bell\u00edsima.\u00bb<br \/>Paul Baumann, Commonweal \u00abLa literatura de Edna O&#8221;Brien est\u00e1 atravesada por una forma piadosa de rencor. [&#8230;] O&#8221;Brien cierra heridas, pero no hiere.\u00bb<br \/>Ricardo Mart\u00ednez Llorca, Revista de Letras \u00abNing\u00fan autor ingl\u00e9s es tan bueno poniendo al lector en la piel de una mujer.\u00bb<br \/>Evening Standard \u00abEdna O&#8221;Brien ha alcanzado una coherencia brillante y muy poco com\u00fan. Su  maestr\u00eda literaria y su coraje impactan igual en su \u00faltima  novela que en la primera, publicada hace ya sesenta a\u00f1os.\u00bb<br \/>Mark Lawson, presidente del jurado del Premio David Cohen<\/p>\n","protected":false},"excerpt":{"rendered":"<p>O&#8221;BRIEN, EDNA \/ BOURKE, FERGUS<\/p>\n","protected":false},"featured_media":1086809,"template":"","meta":{"_acf_changed":false,"om_disable_all_campaigns":false,"rs_blank_template":"","rs_page_bg_color":"","slide_template_v7":"","inline_featured_image":false,"_monsterinsights_skip_tracking":false,"_monsterinsights_sitenote_active":false,"_monsterinsights_sitenote_note":"","_monsterinsights_sitenote_category":0},"product_brand":[],"product_cat":[90,540],"product_tag":[],"class_list":{"0":"post-12680","1":"product","2":"type-product","3":"status-publish","4":"has-post-thumbnail","6":"product_cat-altres","7":"product_cat-otros","9":"first","10":"instock","11":"taxable","12":"shipping-taxable","13":"purchasable","14":"product-type-simple"},"acf":{"autor":"O''BRIEN, EDNA \/ BOURKE, FERGUS","codart":"842640843","libros-coleccion":"Narrativa","ediciones":"1","encuadernacion":"R\u00fastica","fecha_de_publicacion":"01\/02\/2021","novedad":"1","paginas":"178","subtitulo":"","orden":"0","portada":"0","idioma":"spa","editorial":[{"ID":6296,"post_author":"3","post_date":"2022-07-28 17:49:09","post_date_gmt":"2022-07-28 15:49:09","post_content":"","post_title":"LUMEN","post_excerpt":"","post_status":"publish","comment_status":"closed","ping_status":"closed","post_password":"","post_name":"lumen","to_ping":"","pinged":"","post_modified":"2022-07-28 17:49:09","post_modified_gmt":"2022-07-28 15:49:09","post_content_filtered":"","post_parent":0,"guid":"http:\/\/dev.claret.cat\/editorial\/lumen\/","menu_order":0,"post_type":"editorial","post_mime_type":"","comment_count":"0","filter":"raw"}],"autores-libros":[{"ID":155750,"post_author":"3","post_date":"2022-10-14 15:15:20","post_date_gmt":"2022-10-14 13:15:20","post_content":"","post_title":"FERGUS BOURKE","post_excerpt":"","post_status":"publish","comment_status":"closed","ping_status":"closed","post_password":"","post_name":"fergus-bourke","to_ping":"","pinged":"","post_modified":"2022-10-14 15:15:20","post_modified_gmt":"2022-10-14 13:15:20","post_content_filtered":"","post_parent":0,"guid":"http:\/\/dev.claret.cat\/autor\/fergus-bourke\/","menu_order":0,"post_type":"autor","post_mime_type":"","comment_count":"0","filter":"raw"},{"ID":154539,"post_author":"3","post_date":"2022-10-14 15:05:37","post_date_gmt":"2022-10-14 13:05:37","post_content":"","post_title":"EDNA O\u00b4\u00b4BRIEN","post_excerpt":"","post_status":"publish","comment_status":"closed","ping_status":"closed","post_password":"","post_name":"edna-obrien","to_ping":"","pinged":"","post_modified":"2022-10-14 15:05:37","post_modified_gmt":"2022-10-14 13:05:37","post_content_filtered":"","post_parent":0,"guid":"http:\/\/dev.claret.cat\/autor\/edna-obrien\/","menu_order":0,"post_type":"autor","post_mime_type":"","comment_count":"0","filter":"raw"}],"booktrailer":"","resenas":""},"aioseo_notices":[],"_links":{"self":[{"href":"https:\/\/www.claret.cat\/es\/wp-json\/wp\/v2\/product\/12680","targetHints":{"allow":["GET"]}}],"collection":[{"href":"https:\/\/www.claret.cat\/es\/wp-json\/wp\/v2\/product"}],"about":[{"href":"https:\/\/www.claret.cat\/es\/wp-json\/wp\/v2\/types\/product"}],"wp:featuredmedia":[{"embeddable":true,"href":"https:\/\/www.claret.cat\/es\/wp-json\/wp\/v2\/media\/1086809"}],"wp:attachment":[{"href":"https:\/\/www.claret.cat\/es\/wp-json\/wp\/v2\/media?parent=12680"}],"wp:term":[{"taxonomy":"product_brand","embeddable":true,"href":"https:\/\/www.claret.cat\/es\/wp-json\/wp\/v2\/product_brand?post=12680"},{"taxonomy":"product_cat","embeddable":true,"href":"https:\/\/www.claret.cat\/es\/wp-json\/wp\/v2\/product_cat?post=12680"},{"taxonomy":"product_tag","embeddable":true,"href":"https:\/\/www.claret.cat\/es\/wp-json\/wp\/v2\/product_tag?post=12680"}],"curies":[{"name":"wp","href":"https:\/\/api.w.org\/{rel}","templated":true}]}}