{"id":126808,"date":"2022-10-12T22:28:28","date_gmt":"2022-10-12T20:28:28","guid":{"rendered":"http:\/\/dev.claret.cat\/producte\/oh-no-cat\/"},"modified":"2023-01-28T05:45:33","modified_gmt":"2023-01-28T04:45:33","slug":"oh-no-cat-9788416670710","status":"publish","type":"product","link":"https:\/\/www.claret.cat\/es\/libro\/oh-no-cat-9788416670710\/","title":{"rendered":"OH, NO! (CAT)"},"content":{"rendered":"<p>&#8221;Oh no!&#8221; d&#8217;Alex Norris neix d&#8217;una webcomic en la qual l&#8217;il\u00b7lustrador retrata en forma de vinyetes tot tipus de decepcions: de les m\u00e9s petites i insignificants a les m\u00e9s trascendentals. Alex Norris recrea les situacions de manera directa i potent per\u00f2 sempre acompanyades d&#8217;un to c\u00f2mic i senzill. Imatges on, de vegades, preval la ingenu\u00eftat, convidant-nos a reflexionar i a preguntar-nos per viv\u00e8ncies tan comunes que arriben a semblar absurdes. Les tires d&#8217;Alex Norris capturen la immediatesa de les xarxes socials, amb aquest esl\u00f2gan que ja s&#8217;ha fet viral: Oh no! Aquest llibre reuneix les vinyetes m\u00e9s explosives de l&#8217;autor. Una col\u00b7lecci\u00f3 que va d&#8217;all\u00f2 m\u00e9s divertit a all\u00f2 m\u00e9s punyent. Un llibre ideal, tant pels que ja coneixien a aquesta bombolleta afligida, com pels que acaben d&#8217;arribar. Perqu\u00e8 tots nosaltres som, en realitat, la bombolleta que protagonitza aquestes vinyetes.<\/p>\n","protected":false},"excerpt":{"rendered":"<p>ALEX NORRIS<\/p>\n","protected":false},"featured_media":126809,"template":"","meta":{"_acf_changed":false,"om_disable_all_campaigns":false,"rs_blank_template":"","rs_page_bg_color":"","slide_template_v7":"","inline_featured_image":false,"_monsterinsights_skip_tracking":false,"_monsterinsights_sitenote_active":false,"_monsterinsights_sitenote_note":"","_monsterinsights_sitenote_category":0},"product_brand":[],"product_cat":[114],"product_tag":[],"class_list":{"0":"post-126808","1":"product","2":"type-product","3":"status-publish","4":"has-post-thumbnail","6":"product_cat-humor-grafic","8":"first","9":"instock","10":"taxable","11":"shipping-taxable","12":"purchasable","13":"product-type-simple"},"acf":{"editorial":[{"ID":147566,"post_author":"3","post_date":"2022-10-14 11:51:33","post_date_gmt":"2022-10-14 09:51:33","post_content":"","post_title":"Bridge","post_excerpt":"","post_status":"publish","comment_status":"closed","ping_status":"closed","post_password":"","post_name":"bridge","to_ping":"","pinged":"","post_modified":"2022-10-14 11:51:33","post_modified_gmt":"2022-10-14 09:51:33","post_content_filtered":"","post_parent":0,"guid":"http:\/\/dev.claret.cat\/editorial\/bridge\/","menu_order":0,"post_type":"editorial","post_mime_type":"","comment_count":"0","filter":"raw"}],"autores-libros":[{"ID":149661,"post_author":"3","post_date":"2022-10-14 14:26:41","post_date_gmt":"2022-10-14 12:26:41","post_content":"","post_title":"ALEX NORRIS","post_excerpt":"","post_status":"publish","comment_status":"closed","ping_status":"closed","post_password":"","post_name":"alex-norris","to_ping":"","pinged":"","post_modified":"2022-10-14 14:26:41","post_modified_gmt":"2022-10-14 12:26:41","post_content_filtered":"","post_parent":0,"guid":"http:\/\/dev.claret.cat\/autor\/alex-norris\/","menu_order":0,"post_type":"autor","post_mime_type":"","comment_count":"0","filter":"raw"}],"autor":"ALEX NORRIS","codart":"841667071","libros-coleccion":"Bridge","ediciones":"1","encuadernacion":"Carton\u00e9","fecha_de_publicacion":"01\/10\/2019","novedad":"1","paginas":"120","subtitulo":"","orden":"0","portada":"0","idioma":"cat"},"aioseo_notices":[],"_links":{"self":[{"href":"https:\/\/www.claret.cat\/es\/wp-json\/wp\/v2\/product\/126808","targetHints":{"allow":["GET"]}}],"collection":[{"href":"https:\/\/www.claret.cat\/es\/wp-json\/wp\/v2\/product"}],"about":[{"href":"https:\/\/www.claret.cat\/es\/wp-json\/wp\/v2\/types\/product"}],"wp:featuredmedia":[{"embeddable":true,"href":"https:\/\/www.claret.cat\/es\/wp-json\/wp\/v2\/media\/126809"}],"wp:attachment":[{"href":"https:\/\/www.claret.cat\/es\/wp-json\/wp\/v2\/media?parent=126808"}],"wp:term":[{"taxonomy":"product_brand","embeddable":true,"href":"https:\/\/www.claret.cat\/es\/wp-json\/wp\/v2\/product_brand?post=126808"},{"taxonomy":"product_cat","embeddable":true,"href":"https:\/\/www.claret.cat\/es\/wp-json\/wp\/v2\/product_cat?post=126808"},{"taxonomy":"product_tag","embeddable":true,"href":"https:\/\/www.claret.cat\/es\/wp-json\/wp\/v2\/product_tag?post=126808"}],"curies":[{"name":"wp","href":"https:\/\/api.w.org\/{rel}","templated":true}]}}