{"id":126862,"date":"2022-10-12T22:29:18","date_gmt":"2022-10-12T20:29:18","guid":{"rendered":"http:\/\/dev.claret.cat\/producte\/oh-no\/"},"modified":"2023-01-28T15:45:55","modified_gmt":"2023-01-28T14:45:55","slug":"oh-no-9788416670727","status":"publish","type":"product","link":"https:\/\/www.claret.cat\/es\/libro\/oh-no-9788416670727\/","title":{"rendered":"\u00a1OH, NO!"},"content":{"rendered":"<p>\u00a1Oh no! de Alex Norris nace de una webcomic en la que el ilustrador retrata en forma de vi\u00f1etas todo tipo de decepciones: de las m\u00e1s peque\u00f1as e insignificantes a las m\u00e1s trascendentales. Alex Norris recrea las situaciones de forma directa y potente pero siempre acompa\u00f1adas de un tono c\u00f3mico y sencillo. Im\u00e1genes donde en ocasiones la ingenuidad primar\u00e1, invit\u00e1ndonos a reflexionar y a preguntarnos por vivencias tan comunes que llegan a parecer absurdas. Las tiras de Alex Norris capturan la inmediatez de las redes sociales, con ese eslogan que ya se ha hecho viral: \u00a1Oh no! Este libro re\u00fane las vi\u00f1etas m\u00e1s explosivas del autor. Una colecci\u00f3n que va de lo m\u00e1s divertido a lo m\u00e1s desgarrador. Un libro ideal, tanto&#8230;para los que ya conoc\u00edan a esta burbuja afligida, como para los reci\u00e9n llegados. Porque todos nosotros somos en realidad la burbujita que protagoniza estas vi\u00f1etas.<\/p>\n","protected":false},"excerpt":{"rendered":"<p>ALEX NORRIS<\/p>\n","protected":false},"featured_media":126863,"template":"","meta":{"_acf_changed":false,"om_disable_all_campaigns":false,"rs_blank_template":"","rs_page_bg_color":"","slide_template_v7":"","inline_featured_image":false,"_monsterinsights_skip_tracking":false,"_monsterinsights_sitenote_active":false,"_monsterinsights_sitenote_note":"","_monsterinsights_sitenote_category":0},"product_brand":[],"product_cat":[114],"product_tag":[],"class_list":{"0":"post-126862","1":"product","2":"type-product","3":"status-publish","4":"has-post-thumbnail","6":"product_cat-humor-grafic","8":"first","9":"instock","10":"taxable","11":"shipping-taxable","12":"purchasable","13":"product-type-simple"},"acf":{"editorial":[{"ID":147566,"post_author":"3","post_date":"2022-10-14 11:51:33","post_date_gmt":"2022-10-14 09:51:33","post_content":"","post_title":"Bridge","post_excerpt":"","post_status":"publish","comment_status":"closed","ping_status":"closed","post_password":"","post_name":"bridge","to_ping":"","pinged":"","post_modified":"2022-10-14 11:51:33","post_modified_gmt":"2022-10-14 09:51:33","post_content_filtered":"","post_parent":0,"guid":"http:\/\/dev.claret.cat\/editorial\/bridge\/","menu_order":0,"post_type":"editorial","post_mime_type":"","comment_count":"0","filter":"raw"}],"autores-libros":[{"ID":149661,"post_author":"3","post_date":"2022-10-14 14:26:41","post_date_gmt":"2022-10-14 12:26:41","post_content":"","post_title":"ALEX NORRIS","post_excerpt":"","post_status":"publish","comment_status":"closed","ping_status":"closed","post_password":"","post_name":"alex-norris","to_ping":"","pinged":"","post_modified":"2022-10-14 14:26:41","post_modified_gmt":"2022-10-14 12:26:41","post_content_filtered":"","post_parent":0,"guid":"http:\/\/dev.claret.cat\/autor\/alex-norris\/","menu_order":0,"post_type":"autor","post_mime_type":"","comment_count":"0","filter":"raw"}],"autor":"ALEX NORRIS","codart":"841667072","libros-coleccion":"Bridge","ediciones":"1","encuadernacion":"Carton\u00e9","fecha_de_publicacion":"01\/10\/2019","novedad":"1","paginas":"120","subtitulo":"","orden":"0","portada":"0","idioma":"spa"},"aioseo_notices":[],"_links":{"self":[{"href":"https:\/\/www.claret.cat\/es\/wp-json\/wp\/v2\/product\/126862","targetHints":{"allow":["GET"]}}],"collection":[{"href":"https:\/\/www.claret.cat\/es\/wp-json\/wp\/v2\/product"}],"about":[{"href":"https:\/\/www.claret.cat\/es\/wp-json\/wp\/v2\/types\/product"}],"wp:featuredmedia":[{"embeddable":true,"href":"https:\/\/www.claret.cat\/es\/wp-json\/wp\/v2\/media\/126863"}],"wp:attachment":[{"href":"https:\/\/www.claret.cat\/es\/wp-json\/wp\/v2\/media?parent=126862"}],"wp:term":[{"taxonomy":"product_brand","embeddable":true,"href":"https:\/\/www.claret.cat\/es\/wp-json\/wp\/v2\/product_brand?post=126862"},{"taxonomy":"product_cat","embeddable":true,"href":"https:\/\/www.claret.cat\/es\/wp-json\/wp\/v2\/product_cat?post=126862"},{"taxonomy":"product_tag","embeddable":true,"href":"https:\/\/www.claret.cat\/es\/wp-json\/wp\/v2\/product_tag?post=126862"}],"curies":[{"name":"wp","href":"https:\/\/api.w.org\/{rel}","templated":true}]}}