{"id":126907,"date":"2022-10-12T22:30:00","date_gmt":"2022-10-12T20:30:00","guid":{"rendered":"http:\/\/dev.claret.cat\/producte\/bolleria-de-siempre\/"},"modified":"2023-01-28T10:53:43","modified_gmt":"2023-01-28T09:53:43","slug":"bolleria-de-siempre-9788448025847","status":"publish","type":"product","link":"https:\/\/www.claret.cat\/es\/libro\/bolleria-de-siempre-9788448025847\/","title":{"rendered":"BOLLER\u00cdA DE SIEMPRE"},"content":{"rendered":"<p>Boller\u00eda de siempre recoge sabros\u00edsimos dulces tradicionales tanto de nuestro pa\u00eds como del resto del mundo extra\u00eddos del recetario m\u00e1s actual y del de toda la vida. Su autora, Roc\u00edo Arroyo, profesora de cocina y reposter\u00eda, es la encargada de trasladarnos a un mundo m\u00e1gico repleto de caprichos dulces de infinitos sabores. Con ella aprenderemos a elaborar de forma sencilla y casera, con ingredientes de primera calidad y, sobre todo, extraordinariamente f\u00e1ciles de encontrar, deliciosos bu\u00f1uelos, rosquillas, lionesas, tortas, croissants, magdalenas, bizcochos, rosquillas, tartas, churros, ensaimadas, bollos, galletas, cocas, panes, brioches o pasteles con un resultado sencillamente espectacular.<\/p>\n","protected":false},"excerpt":{"rendered":"<p>ARROYO COLLADO, ROC\u00cdO<\/p>\n","protected":false},"featured_media":126908,"template":"","meta":{"_acf_changed":false,"om_disable_all_campaigns":false,"rs_blank_template":"","rs_page_bg_color":"","slide_template_v7":"","inline_featured_image":false,"_monsterinsights_skip_tracking":false,"_monsterinsights_sitenote_active":false,"_monsterinsights_sitenote_note":"","_monsterinsights_sitenote_category":0},"product_brand":[],"product_cat":[127],"product_tag":[],"class_list":{"0":"post-126907","1":"product","2":"type-product","3":"status-publish","4":"has-post-thumbnail","6":"product_cat-novella-contemporania","8":"first","9":"instock","10":"taxable","11":"shipping-taxable","12":"purchasable","13":"product-type-simple"},"acf":{"autor":"ARROYO COLLADO, ROC\u00cdO","codart":"844802584","libros-coleccion":"COCINA","ediciones":"1","encuadernacion":"R\u00fastica","fecha_de_publicacion":"01\/10\/2019","novedad":"1","paginas":"0","subtitulo":"LAS RECETAS M\u00c1S DULCES","orden":"0","portada":"0","idioma":"spa","editorial":[{"ID":148426,"post_author":"3","post_date":"2022-10-14 11:58:09","post_date_gmt":"2022-10-14 09:58:09","post_content":"","post_title":"LIBROS C\u00daPULA","post_excerpt":"","post_status":"publish","comment_status":"closed","ping_status":"closed","post_password":"","post_name":"libros-cupula","to_ping":"","pinged":"","post_modified":"2022-10-14 11:58:09","post_modified_gmt":"2022-10-14 09:58:09","post_content_filtered":"","post_parent":0,"guid":"http:\/\/dev.claret.cat\/editorial\/libros-cupula\/","menu_order":0,"post_type":"editorial","post_mime_type":"","comment_count":"0","filter":"raw"}],"autores-libros":[{"ID":168314,"post_author":"3","post_date":"2022-10-14 18:18:14","post_date_gmt":"2022-10-14 16:18:14","post_content":"","post_title":"ROC\u00cdO ARROYO COLLADO","post_excerpt":"","post_status":"publish","comment_status":"closed","ping_status":"closed","post_password":"","post_name":"rocio-arroyo-collado","to_ping":"","pinged":"","post_modified":"2022-10-14 18:18:14","post_modified_gmt":"2022-10-14 16:18:14","post_content_filtered":"","post_parent":0,"guid":"http:\/\/dev.claret.cat\/autor\/rocio-arroyo-collado\/","menu_order":0,"post_type":"autor","post_mime_type":"","comment_count":"0","filter":"raw"}]},"aioseo_notices":[],"_links":{"self":[{"href":"https:\/\/www.claret.cat\/es\/wp-json\/wp\/v2\/product\/126907","targetHints":{"allow":["GET"]}}],"collection":[{"href":"https:\/\/www.claret.cat\/es\/wp-json\/wp\/v2\/product"}],"about":[{"href":"https:\/\/www.claret.cat\/es\/wp-json\/wp\/v2\/types\/product"}],"wp:featuredmedia":[{"embeddable":true,"href":"https:\/\/www.claret.cat\/es\/wp-json\/wp\/v2\/media\/126908"}],"wp:attachment":[{"href":"https:\/\/www.claret.cat\/es\/wp-json\/wp\/v2\/media?parent=126907"}],"wp:term":[{"taxonomy":"product_brand","embeddable":true,"href":"https:\/\/www.claret.cat\/es\/wp-json\/wp\/v2\/product_brand?post=126907"},{"taxonomy":"product_cat","embeddable":true,"href":"https:\/\/www.claret.cat\/es\/wp-json\/wp\/v2\/product_cat?post=126907"},{"taxonomy":"product_tag","embeddable":true,"href":"https:\/\/www.claret.cat\/es\/wp-json\/wp\/v2\/product_tag?post=126907"}],"curies":[{"name":"wp","href":"https:\/\/api.w.org\/{rel}","templated":true}]}}