{"id":126922,"date":"2022-10-12T22:30:15","date_gmt":"2022-10-12T20:30:15","guid":{"rendered":"http:\/\/dev.claret.cat\/producte\/mi-primer-libro-de-cocina-japonesa\/"},"modified":"2023-01-28T05:09:30","modified_gmt":"2023-01-28T04:09:30","slug":"mi-primer-libro-de-cocina-japonesa-9788417858162","status":"publish","type":"product","link":"https:\/\/www.claret.cat\/es\/libro\/mi-primer-libro-de-cocina-japonesa-9788417858162\/","title":{"rendered":"MI PRIMER LIBRO DE COCINA JAPONESA"},"content":{"rendered":"<p>He aqu\u00ed el libro de referencia para iniciarte en la extraordinaria cocina japonesa y descubrir sus ingredientes esenciales, sus t\u00e9cnicas b\u00e1sicas y sus platos m\u00e1s emblem\u00e1ticos. La crujiente tempura, el sashimi fresco, sabrosas recetas de soba, udon y ramen: con este volumen aprender\u00e1s a preparar todos los cl\u00e1sicos de la gastronom\u00eda nipona y obtendr\u00e1s unos resultados deliciosos, que har\u00e1n de una receta sencilla algo realmente especial.<\/p>\n","protected":false},"excerpt":{"rendered":"<p>NISHIMURA, AYA \/ LINDER, LISA<\/p>\n","protected":false},"featured_media":126923,"template":"","meta":{"_acf_changed":false,"om_disable_all_campaigns":false,"rs_blank_template":"","rs_page_bg_color":"","slide_template_v7":"","inline_featured_image":false,"_monsterinsights_skip_tracking":false,"_monsterinsights_sitenote_active":false,"_monsterinsights_sitenote_note":"","_monsterinsights_sitenote_category":0},"product_brand":[],"product_cat":[103],"product_tag":[],"class_list":{"0":"post-126922","1":"product","2":"type-product","3":"status-publish","4":"has-post-thumbnail","6":"product_cat-cuina","8":"first","9":"instock","10":"taxable","11":"shipping-taxable","12":"purchasable","13":"product-type-simple"},"acf":{"autor":"NISHIMURA, AYA \/ LINDER, LISA","codart":"841785816","libros-coleccion":"Gastronom\u00eda","ediciones":"1","encuadernacion":"Carton\u00e9","fecha_de_publicacion":"01\/10\/2019","novedad":"1","paginas":"0","subtitulo":"","orden":"0","portada":"0","idioma":"spa","editorial":[{"ID":148476,"post_author":"3","post_date":"2022-10-14 11:58:32","post_date_gmt":"2022-10-14 09:58:32","post_content":"","post_title":"Lunwerg Editores","post_excerpt":"","post_status":"publish","comment_status":"closed","ping_status":"closed","post_password":"","post_name":"lunwerg-editores","to_ping":"","pinged":"","post_modified":"2022-10-14 11:58:32","post_modified_gmt":"2022-10-14 09:58:32","post_content_filtered":"","post_parent":0,"guid":"http:\/\/dev.claret.cat\/editorial\/lunwerg-editores\/","menu_order":0,"post_type":"editorial","post_mime_type":"","comment_count":"0","filter":"raw"}],"autores-libros":[{"ID":162258,"post_author":"3","post_date":"2022-10-14 17:29:35","post_date_gmt":"2022-10-14 15:29:35","post_content":"","post_title":"LISA LINDER","post_excerpt":"","post_status":"publish","comment_status":"closed","ping_status":"closed","post_password":"","post_name":"lisa-linder","to_ping":"","pinged":"","post_modified":"2022-10-14 17:29:35","post_modified_gmt":"2022-10-14 15:29:35","post_content_filtered":"","post_parent":0,"guid":"http:\/\/dev.claret.cat\/autor\/lisa-linder\/","menu_order":0,"post_type":"autor","post_mime_type":"","comment_count":"0","filter":"raw"},{"ID":151284,"post_author":"3","post_date":"2022-10-14 14:39:40","post_date_gmt":"2022-10-14 12:39:40","post_content":"","post_title":"AYA NISHIMURA","post_excerpt":"","post_status":"publish","comment_status":"closed","ping_status":"closed","post_password":"","post_name":"aya-nishimura","to_ping":"","pinged":"","post_modified":"2022-10-14 14:39:40","post_modified_gmt":"2022-10-14 12:39:40","post_content_filtered":"","post_parent":0,"guid":"http:\/\/dev.claret.cat\/autor\/aya-nishimura\/","menu_order":0,"post_type":"autor","post_mime_type":"","comment_count":"0","filter":"raw"}]},"aioseo_notices":[],"_links":{"self":[{"href":"https:\/\/www.claret.cat\/es\/wp-json\/wp\/v2\/product\/126922","targetHints":{"allow":["GET"]}}],"collection":[{"href":"https:\/\/www.claret.cat\/es\/wp-json\/wp\/v2\/product"}],"about":[{"href":"https:\/\/www.claret.cat\/es\/wp-json\/wp\/v2\/types\/product"}],"wp:featuredmedia":[{"embeddable":true,"href":"https:\/\/www.claret.cat\/es\/wp-json\/wp\/v2\/media\/126923"}],"wp:attachment":[{"href":"https:\/\/www.claret.cat\/es\/wp-json\/wp\/v2\/media?parent=126922"}],"wp:term":[{"taxonomy":"product_brand","embeddable":true,"href":"https:\/\/www.claret.cat\/es\/wp-json\/wp\/v2\/product_brand?post=126922"},{"taxonomy":"product_cat","embeddable":true,"href":"https:\/\/www.claret.cat\/es\/wp-json\/wp\/v2\/product_cat?post=126922"},{"taxonomy":"product_tag","embeddable":true,"href":"https:\/\/www.claret.cat\/es\/wp-json\/wp\/v2\/product_tag?post=126922"}],"curies":[{"name":"wp","href":"https:\/\/api.w.org\/{rel}","templated":true}]}}