{"id":126985,"date":"2022-10-12T22:31:14","date_gmt":"2022-10-12T20:31:14","guid":{"rendered":"http:\/\/dev.claret.cat\/producte\/el-rey\/"},"modified":"2024-05-02T12:31:33","modified_gmt":"2024-05-02T10:31:33","slug":"el-rey-9788427143791","status":"publish","type":"product","link":"https:\/\/www.claret.cat\/es\/libro\/el-rey-9788427143791\/","title":{"rendered":"EL REY"},"content":{"rendered":"<p>El le\u00f3n, rey de la selva quiere conceder n deseo a todos sus s\u00fabditos. Todo va bien hasta que aparece la TORTUGA y pide ser la m\u00e1s r\u00e1pida de todos los animales&#8230;\u00a1Glub! \u00bfConseguir\u00e1 el rey cumplir el deseo de nuestra peque\u00f1a amiga?<\/p>\n","protected":false},"excerpt":{"rendered":"<p>ACOSTA, ALICIA; ROVIRA, FRANCESC<\/p>\n","protected":false},"featured_media":332643,"template":"","meta":{"_acf_changed":false,"om_disable_all_campaigns":false,"rs_blank_template":"","rs_page_bg_color":"","slide_template_v7":"","inline_featured_image":false,"_monsterinsights_skip_tracking":false,"_monsterinsights_sitenote_active":false,"_monsterinsights_sitenote_note":"","_monsterinsights_sitenote_category":0},"product_brand":[],"product_cat":[132,362],"product_tag":[],"class_list":{"0":"post-126985","1":"product","2":"type-product","3":"status-publish","4":"has-post-thumbnail","6":"product_cat-lectures-per-preadolescents-6-12-anys","7":"product_cat-libros-preadolescentes-6-12-anos","9":"first","10":"instock","11":"taxable","12":"shipping-taxable","13":"purchasable","14":"product-type-simple"},"acf":{"editorial":[{"ID":8258,"post_author":"3","post_date":"2022-09-30 09:21:32","post_date_gmt":"2022-09-30 07:21:32","post_content":"","post_title":"MENSAJERO","post_excerpt":"","post_status":"publish","comment_status":"closed","ping_status":"closed","post_password":"","post_name":"mensajero","to_ping":"","pinged":"","post_modified":"2022-09-30 09:21:32","post_modified_gmt":"2022-09-30 07:21:32","post_content_filtered":"","post_parent":0,"guid":"http:\/\/dev.claret.cat\/editorial\/mensajero\/","menu_order":0,"post_type":"editorial","post_mime_type":"","comment_count":"0","filter":"raw"}],"autores-libros":[{"ID":149837,"post_author":"3","post_date":"2022-10-14 14:28:05","post_date_gmt":"2022-10-14 12:28:05","post_content":"","post_title":"ALICIA ACOSTA","post_excerpt":"","post_status":"publish","comment_status":"closed","ping_status":"closed","post_password":"","post_name":"alicia-acosta","to_ping":"","pinged":"","post_modified":"2022-10-14 14:28:05","post_modified_gmt":"2022-10-14 12:28:05","post_content_filtered":"","post_parent":0,"guid":"http:\/\/dev.claret.cat\/autor\/alicia-acosta\/","menu_order":0,"post_type":"autor","post_mime_type":"","comment_count":"0","filter":"raw"},{"ID":8323,"post_author":"3","post_date":"2022-09-30 09:47:43","post_date_gmt":"2022-09-30 07:47:43","post_content":"","post_title":"FRANCESC ROVIRA","post_excerpt":"","post_status":"publish","comment_status":"closed","ping_status":"closed","post_password":"","post_name":"francesc-rovira","to_ping":"","pinged":"","post_modified":"2022-09-30 09:47:43","post_modified_gmt":"2022-09-30 07:47:43","post_content_filtered":"","post_parent":0,"guid":"http:\/\/dev.claret.cat\/autor\/francesc-rovira\/","menu_order":0,"post_type":"autor","post_mime_type":"","comment_count":"0","filter":"raw"}],"autor":"ACOSTA, ALICIA; ROVIRA, FRANCESC","codart":"842714379","libros-coleccion":"Lectores sin fronteras ilustrados","ediciones":"1","encuadernacion":"Carton\u00e9","fecha_de_publicacion":"03\/10\/2019","novedad":"1","paginas":"36","subtitulo":"","orden":"0","portada":"0","idioma":"spa"},"aioseo_notices":[],"_links":{"self":[{"href":"https:\/\/www.claret.cat\/es\/wp-json\/wp\/v2\/product\/126985","targetHints":{"allow":["GET"]}}],"collection":[{"href":"https:\/\/www.claret.cat\/es\/wp-json\/wp\/v2\/product"}],"about":[{"href":"https:\/\/www.claret.cat\/es\/wp-json\/wp\/v2\/types\/product"}],"wp:featuredmedia":[{"embeddable":true,"href":"https:\/\/www.claret.cat\/es\/wp-json\/wp\/v2\/media\/332643"}],"wp:attachment":[{"href":"https:\/\/www.claret.cat\/es\/wp-json\/wp\/v2\/media?parent=126985"}],"wp:term":[{"taxonomy":"product_brand","embeddable":true,"href":"https:\/\/www.claret.cat\/es\/wp-json\/wp\/v2\/product_brand?post=126985"},{"taxonomy":"product_cat","embeddable":true,"href":"https:\/\/www.claret.cat\/es\/wp-json\/wp\/v2\/product_cat?post=126985"},{"taxonomy":"product_tag","embeddable":true,"href":"https:\/\/www.claret.cat\/es\/wp-json\/wp\/v2\/product_tag?post=126985"}],"curies":[{"name":"wp","href":"https:\/\/api.w.org\/{rel}","templated":true}]}}